{"id":10318,"date":"2025-10-27T15:54:13","date_gmt":"2025-10-27T15:54:13","guid":{"rendered":"https:\/\/zytho.ca\/product\/b2f-coudes-90-a-siege-biseaute-filete-x-siege-biseaute-lisse-avec-ecrou-hexagonal-dixon\/"},"modified":"2025-10-27T15:54:13","modified_gmt":"2025-10-27T15:54:13","slug":"b2f-coudes-90-a-siege-biseaute-filete-x-siege-biseaute-lisse-avec-ecrou-hexagonal-dixon","status":"publish","type":"product","link":"https:\/\/www.zytho.ca\/fr\/produit\/b2f-coudes-90-a-siege-biseaute-filete-x-siege-biseaute-lisse-avec-ecrou-hexagonal-dixon\/","title":{"rendered":"B2F Coudes 90\u00b0 \u00e0 si\u00e8ge biseaut\u00e9 filet\u00e9 x si\u00e8ge biseaut\u00e9 lisse avec \u00e9crou hexagonal &#8211; Dixon"},"content":{"rendered":"<h6><strong>Avantages :<\/strong><\/h6>\n<ul>\n<li>Con\u00e7u pour des performances optimales dans les environnements r\u00e9glement\u00e9s.<\/li>\n<li>Con\u00e7u pour r\u00e9pondre aux normes strictes de l&#8217;industrie.<\/li>\n<li>Garantit la fiabilit\u00e9 et la s\u00e9curit\u00e9 des applications critiques.<\/li>\n<\/ul>\n<h6><strong>D\u00e9tails du produit :<\/strong><\/h6>\n<ul>\n<li>Fabriqu\u00e9 \u00e0 partir de mat\u00e9riaux de haute qualit\u00e9 pour une plus grande durabilit\u00e9.<\/li>\n<li>Disponible en diff\u00e9rentes tailles pour r\u00e9pondre \u00e0 divers besoins op\u00e9rationnels.<\/li>\n<li>Compatible avec une large gamme de syst\u00e8mes et de composants.<\/li>\n<\/ul>\n<h6><strong>Certifications :<\/strong><\/h6>\n<ul>\n<li><a href=\"https:\/\/www.dixonvalve.com\/sites\/default\/files\/product\/certifications\/621%2063-04-2020.pdf\">Document de certification 3A<\/a><\/li>\n<\/ul>\n","protected":false},"excerpt":{"rendered":"<h4>Principaux avantages pour les brasseurs professionnels :<\/h4>\n<ul>\n<li>Con\u00e7ue pour des performances optimales dans les environnements de brassage, elle garantit des r\u00e9sultats constants.<\/li>\n<li>R\u00e9pond aux normes strictes de l&#8217;industrie, offrant une tranquillit\u00e9 d&#8217;esprit en mati\u00e8re de s\u00e9curit\u00e9 et de fiabilit\u00e9.<\/li>\n<li>Fabriqu\u00e9 \u00e0 partir de mat\u00e9riaux de haute qualit\u00e9, il est durable et permet de r\u00e9aliser des op\u00e9rations de brassage \u00e0 long terme.<\/li>\n<\/ul>\n","protected":false},"featured_media":10326,"template":"","meta":{"_acf_changed":false,"inline_featured_image":false},"product_brand":[740],"product_cat":[736,741,765],"product_tag":[],"class_list":{"0":"post-10318","1":"product","2":"type-product","3":"status-publish","4":"has-post-thumbnail","6":"product_brand-dixon","7":"product_cat-distribution","8":"product_cat-materiel","9":"product_cat-raccords-sanitaires","11":"first","12":"instock","13":"taxable","14":"shipping-taxable","15":"purchasable","16":"product-type-variable"},"acf":[],"yoast_head":"<!-- This site is optimized with the Yoast SEO plugin v27.6 - https:\/\/yoast.com\/product\/yoast-seo-wordpress\/ -->\n<title>B2F Coudes 90\u00b0 \u00e0 si\u00e8ge biseaut\u00e9 filet\u00e9 x si\u00e8ge biseaut\u00e9 lisse avec \u00e9crou hexagonal - Dixon - Pour brasseries pro | Zytho<\/title>\n<meta name=\"description\" content=\"Optimisez les performances de votre brasserie avec les coudes \u00e0 si\u00e8ge biseaut\u00e9 B2F de Dixon. Con\u00e7us pour la fiabilit\u00e9, ces composants durables et certifi\u00e9s assurent la s\u00e9curit\u00e9 dans les applications critiques.\" \/>\n<meta name=\"robots\" content=\"index, follow, max-snippet:-1, max-image-preview:large, max-video-preview:-1\" \/>\n<link rel=\"canonical\" href=\"https:\/\/www.zytho.ca\/fr\/produit\/b2f-coudes-90-a-siege-biseaute-filete-x-siege-biseaute-lisse-avec-ecrou-hexagonal-dixon\/\" \/>\n<meta property=\"og:locale\" content=\"fr_FR\" \/>\n<meta property=\"og:type\" content=\"article\" \/>\n<meta property=\"og:title\" content=\"B2F Coudes 90\u00b0 \u00e0 si\u00e8ge biseaut\u00e9 filet\u00e9 x si\u00e8ge biseaut\u00e9 lisse avec \u00e9crou hexagonal - Dixon - Pour brasseries pro | Zytho\" \/>\n<meta property=\"og:description\" content=\"Optimisez les performances de votre brasserie avec les coudes \u00e0 si\u00e8ge biseaut\u00e9 B2F de Dixon. Con\u00e7us pour la fiabilit\u00e9, ces composants durables et certifi\u00e9s assurent la s\u00e9curit\u00e9 dans les applications critiques.\" \/>\n<meta property=\"og:url\" content=\"https:\/\/www.zytho.ca\/fr\/produit\/b2f-coudes-90-a-siege-biseaute-filete-x-siege-biseaute-lisse-avec-ecrou-hexagonal-dixon\/\" \/>\n<meta property=\"og:site_name\" content=\"Zytho\" \/>\n<meta property=\"og:image\" content=\"https:\/\/www.zytho.ca\/wp-content\/uploads\/2025\/10\/B2F-Threaded-Bevel-Seat-x-Plain-Bevel-Seat-with-Hex-Nut-90deg-Elbows-Dixon.jpg\" \/>\n\t<meta property=\"og:image:width\" content=\"528\" \/>\n\t<meta property=\"og:image:height\" content=\"528\" \/>\n\t<meta property=\"og:image:type\" content=\"image\/jpeg\" \/>\n<meta name=\"twitter:card\" content=\"summary_large_image\" \/>\n<script type=\"application\/ld+json\" class=\"yoast-schema-graph\">{\"@context\":\"https:\\\/\\\/schema.org\",\"@graph\":[{\"@type\":\"WebPage\",\"@id\":\"https:\\\/\\\/www.zytho.ca\\\/fr\\\/produit\\\/b2f-coudes-90-a-siege-biseaute-filete-x-siege-biseaute-lisse-avec-ecrou-hexagonal-dixon\\\/\",\"url\":\"https:\\\/\\\/www.zytho.ca\\\/fr\\\/produit\\\/b2f-coudes-90-a-siege-biseaute-filete-x-siege-biseaute-lisse-avec-ecrou-hexagonal-dixon\\\/\",\"name\":\"B2F Coudes 90\u00b0 \u00e0 si\u00e8ge biseaut\u00e9 filet\u00e9 x si\u00e8ge biseaut\u00e9 lisse avec \u00e9crou hexagonal - Dixon - Pour brasseries pro | Zytho\",\"isPartOf\":{\"@id\":\"https:\\\/\\\/www.zytho.ca\\\/fr\\\/#website\"},\"primaryImageOfPage\":{\"@id\":\"https:\\\/\\\/www.zytho.ca\\\/fr\\\/produit\\\/b2f-coudes-90-a-siege-biseaute-filete-x-siege-biseaute-lisse-avec-ecrou-hexagonal-dixon\\\/#primaryimage\"},\"image\":{\"@id\":\"https:\\\/\\\/www.zytho.ca\\\/fr\\\/produit\\\/b2f-coudes-90-a-siege-biseaute-filete-x-siege-biseaute-lisse-avec-ecrou-hexagonal-dixon\\\/#primaryimage\"},\"thumbnailUrl\":\"https:\\\/\\\/www.zytho.ca\\\/wp-content\\\/uploads\\\/2025\\\/10\\\/B2F-Threaded-Bevel-Seat-x-Plain-Bevel-Seat-with-Hex-Nut-90deg-Elbows-Dixon.jpg\",\"datePublished\":\"2025-10-27T15:54:13+00:00\",\"description\":\"Optimisez les performances de votre brasserie avec les coudes \u00e0 si\u00e8ge biseaut\u00e9 B2F de Dixon. Con\u00e7us pour la fiabilit\u00e9, ces composants durables et certifi\u00e9s assurent la s\u00e9curit\u00e9 dans les applications critiques.\",\"breadcrumb\":{\"@id\":\"https:\\\/\\\/www.zytho.ca\\\/fr\\\/produit\\\/b2f-coudes-90-a-siege-biseaute-filete-x-siege-biseaute-lisse-avec-ecrou-hexagonal-dixon\\\/#breadcrumb\"},\"inLanguage\":\"fr-FR\",\"potentialAction\":[{\"@type\":\"ReadAction\",\"target\":[\"https:\\\/\\\/www.zytho.ca\\\/fr\\\/produit\\\/b2f-coudes-90-a-siege-biseaute-filete-x-siege-biseaute-lisse-avec-ecrou-hexagonal-dixon\\\/\"]}]},{\"@type\":\"ImageObject\",\"inLanguage\":\"fr-FR\",\"@id\":\"https:\\\/\\\/www.zytho.ca\\\/fr\\\/produit\\\/b2f-coudes-90-a-siege-biseaute-filete-x-siege-biseaute-lisse-avec-ecrou-hexagonal-dixon\\\/#primaryimage\",\"url\":\"https:\\\/\\\/www.zytho.ca\\\/wp-content\\\/uploads\\\/2025\\\/10\\\/B2F-Threaded-Bevel-Seat-x-Plain-Bevel-Seat-with-Hex-Nut-90deg-Elbows-Dixon.jpg\",\"contentUrl\":\"https:\\\/\\\/www.zytho.ca\\\/wp-content\\\/uploads\\\/2025\\\/10\\\/B2F-Threaded-Bevel-Seat-x-Plain-Bevel-Seat-with-Hex-Nut-90deg-Elbows-Dixon.jpg\",\"width\":528,\"height\":528},{\"@type\":\"BreadcrumbList\",\"@id\":\"https:\\\/\\\/www.zytho.ca\\\/fr\\\/produit\\\/b2f-coudes-90-a-siege-biseaute-filete-x-siege-biseaute-lisse-avec-ecrou-hexagonal-dixon\\\/#breadcrumb\",\"itemListElement\":[{\"@type\":\"ListItem\",\"position\":1,\"name\":\"Accueil\",\"item\":\"https:\\\/\\\/www.zytho.ca\\\/fr\\\/\"},{\"@type\":\"ListItem\",\"position\":2,\"name\":\"Shop\",\"item\":\"https:\\\/\\\/www.zytho.ca\\\/fr\\\/shop\\\/\"},{\"@type\":\"ListItem\",\"position\":3,\"name\":\"B2F Coudes 90\u00b0 \u00e0 si\u00e8ge biseaut\u00e9 filet\u00e9 x si\u00e8ge biseaut\u00e9 lisse avec \u00e9crou hexagonal &#8211; Dixon\"}]},{\"@type\":\"WebSite\",\"@id\":\"https:\\\/\\\/www.zytho.ca\\\/fr\\\/#website\",\"url\":\"https:\\\/\\\/www.zytho.ca\\\/fr\\\/\",\"name\":\"Zytho\",\"description\":\"\",\"publisher\":{\"@id\":\"https:\\\/\\\/www.zytho.ca\\\/fr\\\/#organization\"},\"potentialAction\":[{\"@type\":\"SearchAction\",\"target\":{\"@type\":\"EntryPoint\",\"urlTemplate\":\"https:\\\/\\\/www.zytho.ca\\\/fr\\\/?s={search_term_string}\"},\"query-input\":{\"@type\":\"PropertyValueSpecification\",\"valueRequired\":true,\"valueName\":\"search_term_string\"}}],\"inLanguage\":\"fr-FR\"},{\"@type\":\"Organization\",\"@id\":\"https:\\\/\\\/www.zytho.ca\\\/fr\\\/#organization\",\"name\":\"Zytho\",\"url\":\"https:\\\/\\\/www.zytho.ca\\\/fr\\\/\",\"logo\":{\"@type\":\"ImageObject\",\"inLanguage\":\"fr-FR\",\"@id\":\"https:\\\/\\\/www.zytho.ca\\\/fr\\\/#\\\/schema\\\/logo\\\/image\\\/\",\"url\":\"https:\\\/\\\/www.zytho.ca\\\/wp-content\\\/uploads\\\/2024\\\/05\\\/Zytho_reversed_horizontal.svg\",\"contentUrl\":\"https:\\\/\\\/www.zytho.ca\\\/wp-content\\\/uploads\\\/2024\\\/05\\\/Zytho_reversed_horizontal.svg\",\"width\":1582,\"height\":490,\"caption\":\"Zytho\"},\"image\":{\"@id\":\"https:\\\/\\\/www.zytho.ca\\\/fr\\\/#\\\/schema\\\/logo\\\/image\\\/\"}}]}<\/script>\n<!-- \/ Yoast SEO plugin. -->","yoast_head_json":{"title":"B2F Coudes 90\u00b0 \u00e0 si\u00e8ge biseaut\u00e9 filet\u00e9 x si\u00e8ge biseaut\u00e9 lisse avec \u00e9crou hexagonal - Dixon - Pour brasseries pro | Zytho","description":"Optimisez les performances de votre brasserie avec les coudes \u00e0 si\u00e8ge biseaut\u00e9 B2F de Dixon. Con\u00e7us pour la fiabilit\u00e9, ces composants durables et certifi\u00e9s assurent la s\u00e9curit\u00e9 dans les applications critiques.","robots":{"index":"index","follow":"follow","max-snippet":"max-snippet:-1","max-image-preview":"max-image-preview:large","max-video-preview":"max-video-preview:-1"},"canonical":"https:\/\/www.zytho.ca\/fr\/produit\/b2f-coudes-90-a-siege-biseaute-filete-x-siege-biseaute-lisse-avec-ecrou-hexagonal-dixon\/","og_locale":"fr_FR","og_type":"article","og_title":"B2F Coudes 90\u00b0 \u00e0 si\u00e8ge biseaut\u00e9 filet\u00e9 x si\u00e8ge biseaut\u00e9 lisse avec \u00e9crou hexagonal - Dixon - Pour brasseries pro | Zytho","og_description":"Optimisez les performances de votre brasserie avec les coudes \u00e0 si\u00e8ge biseaut\u00e9 B2F de Dixon. Con\u00e7us pour la fiabilit\u00e9, ces composants durables et certifi\u00e9s assurent la s\u00e9curit\u00e9 dans les applications critiques.","og_url":"https:\/\/www.zytho.ca\/fr\/produit\/b2f-coudes-90-a-siege-biseaute-filete-x-siege-biseaute-lisse-avec-ecrou-hexagonal-dixon\/","og_site_name":"Zytho","og_image":[{"width":528,"height":528,"url":"https:\/\/www.zytho.ca\/wp-content\/uploads\/2025\/10\/B2F-Threaded-Bevel-Seat-x-Plain-Bevel-Seat-with-Hex-Nut-90deg-Elbows-Dixon.jpg","type":"image\/jpeg"}],"twitter_card":"summary_large_image","schema":{"@context":"https:\/\/schema.org","@graph":[{"@type":"WebPage","@id":"https:\/\/www.zytho.ca\/fr\/produit\/b2f-coudes-90-a-siege-biseaute-filete-x-siege-biseaute-lisse-avec-ecrou-hexagonal-dixon\/","url":"https:\/\/www.zytho.ca\/fr\/produit\/b2f-coudes-90-a-siege-biseaute-filete-x-siege-biseaute-lisse-avec-ecrou-hexagonal-dixon\/","name":"B2F Coudes 90\u00b0 \u00e0 si\u00e8ge biseaut\u00e9 filet\u00e9 x si\u00e8ge biseaut\u00e9 lisse avec \u00e9crou hexagonal - Dixon - Pour brasseries pro | Zytho","isPartOf":{"@id":"https:\/\/www.zytho.ca\/fr\/#website"},"primaryImageOfPage":{"@id":"https:\/\/www.zytho.ca\/fr\/produit\/b2f-coudes-90-a-siege-biseaute-filete-x-siege-biseaute-lisse-avec-ecrou-hexagonal-dixon\/#primaryimage"},"image":{"@id":"https:\/\/www.zytho.ca\/fr\/produit\/b2f-coudes-90-a-siege-biseaute-filete-x-siege-biseaute-lisse-avec-ecrou-hexagonal-dixon\/#primaryimage"},"thumbnailUrl":"https:\/\/www.zytho.ca\/wp-content\/uploads\/2025\/10\/B2F-Threaded-Bevel-Seat-x-Plain-Bevel-Seat-with-Hex-Nut-90deg-Elbows-Dixon.jpg","datePublished":"2025-10-27T15:54:13+00:00","description":"Optimisez les performances de votre brasserie avec les coudes \u00e0 si\u00e8ge biseaut\u00e9 B2F de Dixon. Con\u00e7us pour la fiabilit\u00e9, ces composants durables et certifi\u00e9s assurent la s\u00e9curit\u00e9 dans les applications critiques.","breadcrumb":{"@id":"https:\/\/www.zytho.ca\/fr\/produit\/b2f-coudes-90-a-siege-biseaute-filete-x-siege-biseaute-lisse-avec-ecrou-hexagonal-dixon\/#breadcrumb"},"inLanguage":"fr-FR","potentialAction":[{"@type":"ReadAction","target":["https:\/\/www.zytho.ca\/fr\/produit\/b2f-coudes-90-a-siege-biseaute-filete-x-siege-biseaute-lisse-avec-ecrou-hexagonal-dixon\/"]}]},{"@type":"ImageObject","inLanguage":"fr-FR","@id":"https:\/\/www.zytho.ca\/fr\/produit\/b2f-coudes-90-a-siege-biseaute-filete-x-siege-biseaute-lisse-avec-ecrou-hexagonal-dixon\/#primaryimage","url":"https:\/\/www.zytho.ca\/wp-content\/uploads\/2025\/10\/B2F-Threaded-Bevel-Seat-x-Plain-Bevel-Seat-with-Hex-Nut-90deg-Elbows-Dixon.jpg","contentUrl":"https:\/\/www.zytho.ca\/wp-content\/uploads\/2025\/10\/B2F-Threaded-Bevel-Seat-x-Plain-Bevel-Seat-with-Hex-Nut-90deg-Elbows-Dixon.jpg","width":528,"height":528},{"@type":"BreadcrumbList","@id":"https:\/\/www.zytho.ca\/fr\/produit\/b2f-coudes-90-a-siege-biseaute-filete-x-siege-biseaute-lisse-avec-ecrou-hexagonal-dixon\/#breadcrumb","itemListElement":[{"@type":"ListItem","position":1,"name":"Accueil","item":"https:\/\/www.zytho.ca\/fr\/"},{"@type":"ListItem","position":2,"name":"Shop","item":"https:\/\/www.zytho.ca\/fr\/shop\/"},{"@type":"ListItem","position":3,"name":"B2F Coudes 90\u00b0 \u00e0 si\u00e8ge biseaut\u00e9 filet\u00e9 x si\u00e8ge biseaut\u00e9 lisse avec \u00e9crou hexagonal &#8211; Dixon"}]},{"@type":"WebSite","@id":"https:\/\/www.zytho.ca\/fr\/#website","url":"https:\/\/www.zytho.ca\/fr\/","name":"Zytho","description":"","publisher":{"@id":"https:\/\/www.zytho.ca\/fr\/#organization"},"potentialAction":[{"@type":"SearchAction","target":{"@type":"EntryPoint","urlTemplate":"https:\/\/www.zytho.ca\/fr\/?s={search_term_string}"},"query-input":{"@type":"PropertyValueSpecification","valueRequired":true,"valueName":"search_term_string"}}],"inLanguage":"fr-FR"},{"@type":"Organization","@id":"https:\/\/www.zytho.ca\/fr\/#organization","name":"Zytho","url":"https:\/\/www.zytho.ca\/fr\/","logo":{"@type":"ImageObject","inLanguage":"fr-FR","@id":"https:\/\/www.zytho.ca\/fr\/#\/schema\/logo\/image\/","url":"https:\/\/www.zytho.ca\/wp-content\/uploads\/2024\/05\/Zytho_reversed_horizontal.svg","contentUrl":"https:\/\/www.zytho.ca\/wp-content\/uploads\/2024\/05\/Zytho_reversed_horizontal.svg","width":1582,"height":490,"caption":"Zytho"},"image":{"@id":"https:\/\/www.zytho.ca\/fr\/#\/schema\/logo\/image\/"}}]}},"_links":{"self":[{"href":"https:\/\/www.zytho.ca\/fr\/wp-json\/wp\/v2\/product\/10318","targetHints":{"allow":["GET"]}}],"collection":[{"href":"https:\/\/www.zytho.ca\/fr\/wp-json\/wp\/v2\/product"}],"about":[{"href":"https:\/\/www.zytho.ca\/fr\/wp-json\/wp\/v2\/types\/product"}],"wp:featuredmedia":[{"embeddable":true,"href":"https:\/\/www.zytho.ca\/fr\/wp-json\/wp\/v2\/media\/10326"}],"wp:attachment":[{"href":"https:\/\/www.zytho.ca\/fr\/wp-json\/wp\/v2\/media?parent=10318"}],"wp:term":[{"taxonomy":"product_brand","embeddable":true,"href":"https:\/\/www.zytho.ca\/fr\/wp-json\/wp\/v2\/product_brand?post=10318"},{"taxonomy":"product_cat","embeddable":true,"href":"https:\/\/www.zytho.ca\/fr\/wp-json\/wp\/v2\/product_cat?post=10318"},{"taxonomy":"product_tag","embeddable":true,"href":"https:\/\/www.zytho.ca\/fr\/wp-json\/wp\/v2\/product_tag?post=10318"}],"curies":[{"name":"wp","href":"https:\/\/api.w.org\/{rel}","templated":true}]}}