{"id":10225,"date":"2025-10-27T15:54:19","date_gmt":"2025-10-27T15:54:19","guid":{"rendered":"https:\/\/zytho.ca\/product\/15wl-light-wall-tank-threaded-bevel-seat-ferrules-dixon\/"},"modified":"2025-11-07T12:02:02","modified_gmt":"2025-11-07T12:02:02","slug":"15wl-light-wall-tank-threaded-bevel-seat-ferrules-dixon","status":"publish","type":"product","link":"https:\/\/www.zytho.ca\/fr\/produit\/15wl-light-wall-tank-threaded-bevel-seat-ferrules-dixon\/","title":{"rendered":"15WL Light Wall Tank Threaded Bevel Seat Ferrules &#8211; Dixon"},"content":{"rendered":"<p>Erreur : Erreur de votre fournisseur OpenAI avec gpt-4o : 429 &#8211; rate_limit_exceeded<\/p>\n<p>Identifiant d&#8217;ex\u00e9cution : ce21849a-3800-485b-8ead-f2aa7bde4aae<\/p>\n<p>Message : Limite de taux atteinte pour gpt-4o dans l&#8217;organisation org-51kiBwwca8jKcWIcmRq84lK sur les jetons par minute (TPM) : Limite 30000, Utilis\u00e9 30000, Demand\u00e9 275. Veuillez r\u00e9essayer dans 550 ms. Visitez https:\/\/platform.openai.com\/account\/rate-limits pour en savoir plus.  <\/p>\n","protected":false},"excerpt":{"rendered":"<h4>Principaux avantages de 15WL Light Wall Tank Threaded Bevel Seat Ferrules &#8211; Dixon<\/h4>\n<p>Am\u00e9liorez votre processus de brassage avec des bagues de r\u00e9servoir durables et efficaces, con\u00e7ues pour un usage professionnel.<\/p>\n<ul>\n<li>Assure une connexion s\u00fbre et \u00e9tanche, essentielle pour maintenir l&#8217;int\u00e9grit\u00e9 de votre syst\u00e8me de brassage.<\/li>\n<li>Fabriqu\u00e9 avec des mat\u00e9riaux de haute qualit\u00e9 pour r\u00e9sister \u00e0 des environnements de brassage rigoureux et \u00e0 une utilisation fr\u00e9quente.<\/li>\n<li>Facile \u00e0 installer et \u00e0 entretenir, il r\u00e9duit les temps d&#8217;arr\u00eat et am\u00e9liore l&#8217;efficacit\u00e9 op\u00e9rationnelle.<\/li>\n<\/ul>\n","protected":false},"featured_media":10233,"template":"","meta":{"_acf_changed":false,"inline_featured_image":false},"product_brand":[740],"product_cat":[736,741,765],"product_tag":[],"class_list":{"0":"post-10225","1":"product","2":"type-product","3":"status-publish","4":"has-post-thumbnail","6":"product_brand-dixon","7":"product_cat-distribution","8":"product_cat-materiel","9":"product_cat-raccords-sanitaires","11":"first","12":"instock","13":"taxable","14":"shipping-taxable","15":"purchasable","16":"product-type-variable"},"acf":[],"yoast_head":"<!-- This site is optimized with the Yoast SEO plugin v27.6 - https:\/\/yoast.com\/product\/yoast-seo-wordpress\/ -->\n<title>15WL Light Wall Tank Threaded Bevel Seat Ferrules - Dixon - Zytho<\/title>\n<meta name=\"robots\" content=\"index, follow, max-snippet:-1, max-image-preview:large, max-video-preview:-1\" \/>\n<link rel=\"canonical\" href=\"https:\/\/www.zytho.ca\/fr\/produit\/15wl-light-wall-tank-threaded-bevel-seat-ferrules-dixon\/\" \/>\n<meta property=\"og:locale\" content=\"fr_FR\" \/>\n<meta property=\"og:type\" content=\"article\" \/>\n<meta property=\"og:title\" content=\"15WL Light Wall Tank Threaded Bevel Seat Ferrules - Dixon - Zytho\" \/>\n<meta property=\"og:description\" content=\"Principaux avantages de 15WL Light Wall Tank Threaded Bevel Seat Ferrules - Dixon Am\u00e9liorez votre processus de brassage avec des bagues de r\u00e9servoir durables et efficaces, con\u00e7ues pour un usage professionnel.  Assure une connexion s\u00fbre et \u00e9tanche, essentielle pour maintenir l&#039;int\u00e9grit\u00e9 de votre syst\u00e8me de brassage.  Fabriqu\u00e9 avec des mat\u00e9riaux de haute qualit\u00e9 pour r\u00e9sister \u00e0 des environnements de brassage rigoureux et \u00e0 une utilisation fr\u00e9quente.  Facile \u00e0 installer et \u00e0 entretenir, il r\u00e9duit les temps d&#039;arr\u00eat et am\u00e9liore l&#039;efficacit\u00e9 op\u00e9rationnelle.\" \/>\n<meta property=\"og:url\" content=\"https:\/\/www.zytho.ca\/fr\/produit\/15wl-light-wall-tank-threaded-bevel-seat-ferrules-dixon\/\" \/>\n<meta property=\"og:site_name\" content=\"Zytho\" \/>\n<meta property=\"article:modified_time\" content=\"2025-11-07T12:02:02+00:00\" \/>\n<meta property=\"og:image\" content=\"https:\/\/www.zytho.ca\/wp-content\/uploads\/2025\/10\/15WL-Light-Wall-Tank-Threaded-Bevel-Seat-Ferrules-Dixon.jpg\" \/>\n\t<meta property=\"og:image:width\" content=\"551\" \/>\n\t<meta property=\"og:image:height\" content=\"551\" \/>\n\t<meta property=\"og:image:type\" content=\"image\/jpeg\" \/>\n<meta name=\"twitter:card\" content=\"summary_large_image\" \/>\n<script type=\"application\/ld+json\" class=\"yoast-schema-graph\">{\"@context\":\"https:\\\/\\\/schema.org\",\"@graph\":[{\"@type\":\"WebPage\",\"@id\":\"https:\\\/\\\/www.zytho.ca\\\/fr\\\/produit\\\/15wl-light-wall-tank-threaded-bevel-seat-ferrules-dixon\\\/\",\"url\":\"https:\\\/\\\/www.zytho.ca\\\/fr\\\/produit\\\/15wl-light-wall-tank-threaded-bevel-seat-ferrules-dixon\\\/\",\"name\":\"15WL Light Wall Tank Threaded Bevel Seat Ferrules - Dixon - Zytho\",\"isPartOf\":{\"@id\":\"https:\\\/\\\/www.zytho.ca\\\/fr\\\/#website\"},\"primaryImageOfPage\":{\"@id\":\"https:\\\/\\\/www.zytho.ca\\\/fr\\\/produit\\\/15wl-light-wall-tank-threaded-bevel-seat-ferrules-dixon\\\/#primaryimage\"},\"image\":{\"@id\":\"https:\\\/\\\/www.zytho.ca\\\/fr\\\/produit\\\/15wl-light-wall-tank-threaded-bevel-seat-ferrules-dixon\\\/#primaryimage\"},\"thumbnailUrl\":\"https:\\\/\\\/www.zytho.ca\\\/wp-content\\\/uploads\\\/2025\\\/10\\\/15WL-Light-Wall-Tank-Threaded-Bevel-Seat-Ferrules-Dixon.jpg\",\"datePublished\":\"2025-10-27T15:54:19+00:00\",\"dateModified\":\"2025-11-07T12:02:02+00:00\",\"breadcrumb\":{\"@id\":\"https:\\\/\\\/www.zytho.ca\\\/fr\\\/produit\\\/15wl-light-wall-tank-threaded-bevel-seat-ferrules-dixon\\\/#breadcrumb\"},\"inLanguage\":\"fr-FR\",\"potentialAction\":[{\"@type\":\"ReadAction\",\"target\":[\"https:\\\/\\\/www.zytho.ca\\\/fr\\\/produit\\\/15wl-light-wall-tank-threaded-bevel-seat-ferrules-dixon\\\/\"]}]},{\"@type\":\"ImageObject\",\"inLanguage\":\"fr-FR\",\"@id\":\"https:\\\/\\\/www.zytho.ca\\\/fr\\\/produit\\\/15wl-light-wall-tank-threaded-bevel-seat-ferrules-dixon\\\/#primaryimage\",\"url\":\"https:\\\/\\\/www.zytho.ca\\\/wp-content\\\/uploads\\\/2025\\\/10\\\/15WL-Light-Wall-Tank-Threaded-Bevel-Seat-Ferrules-Dixon.jpg\",\"contentUrl\":\"https:\\\/\\\/www.zytho.ca\\\/wp-content\\\/uploads\\\/2025\\\/10\\\/15WL-Light-Wall-Tank-Threaded-Bevel-Seat-Ferrules-Dixon.jpg\",\"width\":551,\"height\":551},{\"@type\":\"BreadcrumbList\",\"@id\":\"https:\\\/\\\/www.zytho.ca\\\/fr\\\/produit\\\/15wl-light-wall-tank-threaded-bevel-seat-ferrules-dixon\\\/#breadcrumb\",\"itemListElement\":[{\"@type\":\"ListItem\",\"position\":1,\"name\":\"Accueil\",\"item\":\"https:\\\/\\\/www.zytho.ca\\\/fr\\\/\"},{\"@type\":\"ListItem\",\"position\":2,\"name\":\"Shop\",\"item\":\"https:\\\/\\\/www.zytho.ca\\\/fr\\\/shop\\\/\"},{\"@type\":\"ListItem\",\"position\":3,\"name\":\"15WL Light Wall Tank Threaded Bevel Seat Ferrules &#8211; Dixon\"}]},{\"@type\":\"WebSite\",\"@id\":\"https:\\\/\\\/www.zytho.ca\\\/fr\\\/#website\",\"url\":\"https:\\\/\\\/www.zytho.ca\\\/fr\\\/\",\"name\":\"Zytho\",\"description\":\"\",\"publisher\":{\"@id\":\"https:\\\/\\\/www.zytho.ca\\\/fr\\\/#organization\"},\"potentialAction\":[{\"@type\":\"SearchAction\",\"target\":{\"@type\":\"EntryPoint\",\"urlTemplate\":\"https:\\\/\\\/www.zytho.ca\\\/fr\\\/?s={search_term_string}\"},\"query-input\":{\"@type\":\"PropertyValueSpecification\",\"valueRequired\":true,\"valueName\":\"search_term_string\"}}],\"inLanguage\":\"fr-FR\"},{\"@type\":\"Organization\",\"@id\":\"https:\\\/\\\/www.zytho.ca\\\/fr\\\/#organization\",\"name\":\"Zytho\",\"url\":\"https:\\\/\\\/www.zytho.ca\\\/fr\\\/\",\"logo\":{\"@type\":\"ImageObject\",\"inLanguage\":\"fr-FR\",\"@id\":\"https:\\\/\\\/www.zytho.ca\\\/fr\\\/#\\\/schema\\\/logo\\\/image\\\/\",\"url\":\"https:\\\/\\\/www.zytho.ca\\\/wp-content\\\/uploads\\\/2024\\\/05\\\/Zytho_reversed_horizontal.svg\",\"contentUrl\":\"https:\\\/\\\/www.zytho.ca\\\/wp-content\\\/uploads\\\/2024\\\/05\\\/Zytho_reversed_horizontal.svg\",\"width\":1582,\"height\":490,\"caption\":\"Zytho\"},\"image\":{\"@id\":\"https:\\\/\\\/www.zytho.ca\\\/fr\\\/#\\\/schema\\\/logo\\\/image\\\/\"}}]}<\/script>\n<!-- \/ Yoast SEO plugin. -->","yoast_head_json":{"title":"15WL Light Wall Tank Threaded Bevel Seat Ferrules - Dixon - Zytho","robots":{"index":"index","follow":"follow","max-snippet":"max-snippet:-1","max-image-preview":"max-image-preview:large","max-video-preview":"max-video-preview:-1"},"canonical":"https:\/\/www.zytho.ca\/fr\/produit\/15wl-light-wall-tank-threaded-bevel-seat-ferrules-dixon\/","og_locale":"fr_FR","og_type":"article","og_title":"15WL Light Wall Tank Threaded Bevel Seat Ferrules - Dixon - Zytho","og_description":"Principaux avantages de 15WL Light Wall Tank Threaded Bevel Seat Ferrules - Dixon Am\u00e9liorez votre processus de brassage avec des bagues de r\u00e9servoir durables et efficaces, con\u00e7ues pour un usage professionnel.  Assure une connexion s\u00fbre et \u00e9tanche, essentielle pour maintenir l'int\u00e9grit\u00e9 de votre syst\u00e8me de brassage.  Fabriqu\u00e9 avec des mat\u00e9riaux de haute qualit\u00e9 pour r\u00e9sister \u00e0 des environnements de brassage rigoureux et \u00e0 une utilisation fr\u00e9quente.  Facile \u00e0 installer et \u00e0 entretenir, il r\u00e9duit les temps d'arr\u00eat et am\u00e9liore l'efficacit\u00e9 op\u00e9rationnelle.","og_url":"https:\/\/www.zytho.ca\/fr\/produit\/15wl-light-wall-tank-threaded-bevel-seat-ferrules-dixon\/","og_site_name":"Zytho","article_modified_time":"2025-11-07T12:02:02+00:00","og_image":[{"width":551,"height":551,"url":"https:\/\/www.zytho.ca\/wp-content\/uploads\/2025\/10\/15WL-Light-Wall-Tank-Threaded-Bevel-Seat-Ferrules-Dixon.jpg","type":"image\/jpeg"}],"twitter_card":"summary_large_image","schema":{"@context":"https:\/\/schema.org","@graph":[{"@type":"WebPage","@id":"https:\/\/www.zytho.ca\/fr\/produit\/15wl-light-wall-tank-threaded-bevel-seat-ferrules-dixon\/","url":"https:\/\/www.zytho.ca\/fr\/produit\/15wl-light-wall-tank-threaded-bevel-seat-ferrules-dixon\/","name":"15WL Light Wall Tank Threaded Bevel Seat Ferrules - Dixon - Zytho","isPartOf":{"@id":"https:\/\/www.zytho.ca\/fr\/#website"},"primaryImageOfPage":{"@id":"https:\/\/www.zytho.ca\/fr\/produit\/15wl-light-wall-tank-threaded-bevel-seat-ferrules-dixon\/#primaryimage"},"image":{"@id":"https:\/\/www.zytho.ca\/fr\/produit\/15wl-light-wall-tank-threaded-bevel-seat-ferrules-dixon\/#primaryimage"},"thumbnailUrl":"https:\/\/www.zytho.ca\/wp-content\/uploads\/2025\/10\/15WL-Light-Wall-Tank-Threaded-Bevel-Seat-Ferrules-Dixon.jpg","datePublished":"2025-10-27T15:54:19+00:00","dateModified":"2025-11-07T12:02:02+00:00","breadcrumb":{"@id":"https:\/\/www.zytho.ca\/fr\/produit\/15wl-light-wall-tank-threaded-bevel-seat-ferrules-dixon\/#breadcrumb"},"inLanguage":"fr-FR","potentialAction":[{"@type":"ReadAction","target":["https:\/\/www.zytho.ca\/fr\/produit\/15wl-light-wall-tank-threaded-bevel-seat-ferrules-dixon\/"]}]},{"@type":"ImageObject","inLanguage":"fr-FR","@id":"https:\/\/www.zytho.ca\/fr\/produit\/15wl-light-wall-tank-threaded-bevel-seat-ferrules-dixon\/#primaryimage","url":"https:\/\/www.zytho.ca\/wp-content\/uploads\/2025\/10\/15WL-Light-Wall-Tank-Threaded-Bevel-Seat-Ferrules-Dixon.jpg","contentUrl":"https:\/\/www.zytho.ca\/wp-content\/uploads\/2025\/10\/15WL-Light-Wall-Tank-Threaded-Bevel-Seat-Ferrules-Dixon.jpg","width":551,"height":551},{"@type":"BreadcrumbList","@id":"https:\/\/www.zytho.ca\/fr\/produit\/15wl-light-wall-tank-threaded-bevel-seat-ferrules-dixon\/#breadcrumb","itemListElement":[{"@type":"ListItem","position":1,"name":"Accueil","item":"https:\/\/www.zytho.ca\/fr\/"},{"@type":"ListItem","position":2,"name":"Shop","item":"https:\/\/www.zytho.ca\/fr\/shop\/"},{"@type":"ListItem","position":3,"name":"15WL Light Wall Tank Threaded Bevel Seat Ferrules &#8211; Dixon"}]},{"@type":"WebSite","@id":"https:\/\/www.zytho.ca\/fr\/#website","url":"https:\/\/www.zytho.ca\/fr\/","name":"Zytho","description":"","publisher":{"@id":"https:\/\/www.zytho.ca\/fr\/#organization"},"potentialAction":[{"@type":"SearchAction","target":{"@type":"EntryPoint","urlTemplate":"https:\/\/www.zytho.ca\/fr\/?s={search_term_string}"},"query-input":{"@type":"PropertyValueSpecification","valueRequired":true,"valueName":"search_term_string"}}],"inLanguage":"fr-FR"},{"@type":"Organization","@id":"https:\/\/www.zytho.ca\/fr\/#organization","name":"Zytho","url":"https:\/\/www.zytho.ca\/fr\/","logo":{"@type":"ImageObject","inLanguage":"fr-FR","@id":"https:\/\/www.zytho.ca\/fr\/#\/schema\/logo\/image\/","url":"https:\/\/www.zytho.ca\/wp-content\/uploads\/2024\/05\/Zytho_reversed_horizontal.svg","contentUrl":"https:\/\/www.zytho.ca\/wp-content\/uploads\/2024\/05\/Zytho_reversed_horizontal.svg","width":1582,"height":490,"caption":"Zytho"},"image":{"@id":"https:\/\/www.zytho.ca\/fr\/#\/schema\/logo\/image\/"}}]}},"_links":{"self":[{"href":"https:\/\/www.zytho.ca\/fr\/wp-json\/wp\/v2\/product\/10225","targetHints":{"allow":["GET"]}}],"collection":[{"href":"https:\/\/www.zytho.ca\/fr\/wp-json\/wp\/v2\/product"}],"about":[{"href":"https:\/\/www.zytho.ca\/fr\/wp-json\/wp\/v2\/types\/product"}],"wp:featuredmedia":[{"embeddable":true,"href":"https:\/\/www.zytho.ca\/fr\/wp-json\/wp\/v2\/media\/10233"}],"wp:attachment":[{"href":"https:\/\/www.zytho.ca\/fr\/wp-json\/wp\/v2\/media?parent=10225"}],"wp:term":[{"taxonomy":"product_brand","embeddable":true,"href":"https:\/\/www.zytho.ca\/fr\/wp-json\/wp\/v2\/product_brand?post=10225"},{"taxonomy":"product_cat","embeddable":true,"href":"https:\/\/www.zytho.ca\/fr\/wp-json\/wp\/v2\/product_cat?post=10225"},{"taxonomy":"product_tag","embeddable":true,"href":"https:\/\/www.zytho.ca\/fr\/wp-json\/wp\/v2\/product_tag?post=10225"}],"curies":[{"name":"wp","href":"https:\/\/api.w.org\/{rel}","templated":true}]}}