{"id":10209,"date":"2025-10-27T15:54:19","date_gmt":"2025-10-27T15:54:19","guid":{"rendered":"https:\/\/zytho.ca\/product\/15r-ferrules-a-siege-biseaute-non-encastrees-et-filetees-pour-lexpansion-dixon\/"},"modified":"2025-10-27T15:54:19","modified_gmt":"2025-10-27T15:54:19","slug":"15r-ferrules-a-siege-biseaute-non-encastrees-et-filetees-pour-lexpansion-dixon","status":"publish","type":"product","link":"https:\/\/www.zytho.ca\/fr\/produit\/15r-ferrules-a-siege-biseaute-non-encastrees-et-filetees-pour-lexpansion-dixon\/","title":{"rendered":"15R Ferrules \u00e0 si\u00e8ge biseaut\u00e9 non encastr\u00e9es et filet\u00e9es pour l&#8217;expansion &#8211; Dixon"},"content":{"rendered":"<p>Erreur : Erreur de votre fournisseur OpenAI avec gpt-4o : 429 &#8211; rate_limit_exceeded<\/p>\n<p>Identifiant d&#8217;ex\u00e9cution : b74a66ea-1f5a-4b3e-be57-c9d5eda1395f<\/p>\n<p>Message : Limite de taux atteinte pour gpt-4o dans l&#8217;organisation org-51kiBwwca8jKcWIcmRq84lK sur les jetons par minute (TPM) : Limite 30000, Utilis\u00e9 30000, Demand\u00e9 229. Veuillez r\u00e9essayer dans 458 ms. Visitez https:\/\/platform.openai.com\/account\/rate-limits pour en savoir plus.  <\/p>\n","protected":false},"excerpt":{"rendered":"<h4>Principaux avantages des ferrures \u00e0 si\u00e8ge biseaut\u00e9 filet\u00e9 sans retrait 15R pour les brasseurs professionnels<\/h4>\n<ul>\n<li>Assure une connexion s\u00fbre et \u00e9tanche, am\u00e9liorant ainsi l&#8217;efficacit\u00e9 du brassage.<\/li>\n<li>Facilite l&#8217;installation et l&#8217;entretien, ce qui permet d&#8217;\u00e9conomiser du temps et de la main-d&#8217;\u0153uvre.<\/li>\n<li>Fabriqu\u00e9 \u00e0 partir de mat\u00e9riaux durables, il offre des performances durables dans des environnements de brassage exigeants.<\/li>\n<\/ul>\n","protected":false},"featured_media":10216,"template":"","meta":{"_acf_changed":false,"inline_featured_image":false},"product_brand":[740],"product_cat":[736,741,765],"product_tag":[],"class_list":{"0":"post-10209","1":"product","2":"type-product","3":"status-publish","4":"has-post-thumbnail","6":"product_brand-dixon","7":"product_cat-distribution","8":"product_cat-materiel","9":"product_cat-raccords-sanitaires","11":"first","12":"instock","13":"taxable","14":"shipping-taxable","15":"purchasable","16":"product-type-variable"},"acf":[],"yoast_head":"<!-- This site is optimized with the Yoast SEO plugin v27.6 - https:\/\/yoast.com\/product\/yoast-seo-wordpress\/ -->\n<title>15R Ferrules \u00e0 si\u00e8ge biseaut\u00e9 filet\u00e9 sans encastrement pour l&#039;expansion - Dixon - Pour brasseries pro | Zytho<\/title>\n<meta name=\"description\" content=\"Am\u00e9liorez votre brasserie avec les ferrures 15R de Dixon. Con\u00e7us avec pr\u00e9cision pour des connexions sans faille, ils garantissent un brassage de qualit\u00e9 sup\u00e9rieure.\" \/>\n<meta name=\"robots\" content=\"index, follow, max-snippet:-1, max-image-preview:large, max-video-preview:-1\" \/>\n<link rel=\"canonical\" href=\"https:\/\/www.zytho.ca\/fr\/produit\/15r-ferrules-a-siege-biseaute-non-encastrees-et-filetees-pour-lexpansion-dixon\/\" \/>\n<meta property=\"og:locale\" content=\"fr_FR\" \/>\n<meta property=\"og:type\" content=\"article\" \/>\n<meta property=\"og:title\" content=\"15R Ferrules \u00e0 si\u00e8ge biseaut\u00e9 filet\u00e9 sans encastrement pour l&#039;expansion - Dixon - Pour brasseries pro | Zytho\" \/>\n<meta property=\"og:description\" content=\"Am\u00e9liorez votre brasserie avec les ferrures 15R de Dixon. Con\u00e7us avec pr\u00e9cision pour des connexions sans faille, ils garantissent un brassage de qualit\u00e9 sup\u00e9rieure.\" \/>\n<meta property=\"og:url\" content=\"https:\/\/www.zytho.ca\/fr\/produit\/15r-ferrules-a-siege-biseaute-non-encastrees-et-filetees-pour-lexpansion-dixon\/\" \/>\n<meta property=\"og:site_name\" content=\"Zytho\" \/>\n<meta property=\"og:image\" content=\"https:\/\/www.zytho.ca\/wp-content\/uploads\/2025\/10\/15R-Recessless-Threaded-Bevel-Seat-Ferrules-for-Expanding-Dixon.jpg\" \/>\n\t<meta property=\"og:image:width\" content=\"400\" \/>\n\t<meta property=\"og:image:height\" content=\"400\" \/>\n\t<meta property=\"og:image:type\" content=\"image\/jpeg\" \/>\n<meta name=\"twitter:card\" content=\"summary_large_image\" \/>\n<script type=\"application\/ld+json\" class=\"yoast-schema-graph\">{\"@context\":\"https:\\\/\\\/schema.org\",\"@graph\":[{\"@type\":\"WebPage\",\"@id\":\"https:\\\/\\\/www.zytho.ca\\\/fr\\\/produit\\\/15r-ferrules-a-siege-biseaute-non-encastrees-et-filetees-pour-lexpansion-dixon\\\/\",\"url\":\"https:\\\/\\\/www.zytho.ca\\\/fr\\\/produit\\\/15r-ferrules-a-siege-biseaute-non-encastrees-et-filetees-pour-lexpansion-dixon\\\/\",\"name\":\"15R Ferrules \u00e0 si\u00e8ge biseaut\u00e9 filet\u00e9 sans encastrement pour l'expansion - Dixon - Pour brasseries pro | Zytho\",\"isPartOf\":{\"@id\":\"https:\\\/\\\/www.zytho.ca\\\/fr\\\/#website\"},\"primaryImageOfPage\":{\"@id\":\"https:\\\/\\\/www.zytho.ca\\\/fr\\\/produit\\\/15r-ferrules-a-siege-biseaute-non-encastrees-et-filetees-pour-lexpansion-dixon\\\/#primaryimage\"},\"image\":{\"@id\":\"https:\\\/\\\/www.zytho.ca\\\/fr\\\/produit\\\/15r-ferrules-a-siege-biseaute-non-encastrees-et-filetees-pour-lexpansion-dixon\\\/#primaryimage\"},\"thumbnailUrl\":\"https:\\\/\\\/www.zytho.ca\\\/wp-content\\\/uploads\\\/2025\\\/10\\\/15R-Recessless-Threaded-Bevel-Seat-Ferrules-for-Expanding-Dixon.jpg\",\"datePublished\":\"2025-10-27T15:54:19+00:00\",\"description\":\"Am\u00e9liorez votre brasserie avec les ferrures 15R de Dixon. Con\u00e7us avec pr\u00e9cision pour des connexions sans faille, ils garantissent un brassage de qualit\u00e9 sup\u00e9rieure.\",\"breadcrumb\":{\"@id\":\"https:\\\/\\\/www.zytho.ca\\\/fr\\\/produit\\\/15r-ferrules-a-siege-biseaute-non-encastrees-et-filetees-pour-lexpansion-dixon\\\/#breadcrumb\"},\"inLanguage\":\"fr-FR\",\"potentialAction\":[{\"@type\":\"ReadAction\",\"target\":[\"https:\\\/\\\/www.zytho.ca\\\/fr\\\/produit\\\/15r-ferrules-a-siege-biseaute-non-encastrees-et-filetees-pour-lexpansion-dixon\\\/\"]}]},{\"@type\":\"ImageObject\",\"inLanguage\":\"fr-FR\",\"@id\":\"https:\\\/\\\/www.zytho.ca\\\/fr\\\/produit\\\/15r-ferrules-a-siege-biseaute-non-encastrees-et-filetees-pour-lexpansion-dixon\\\/#primaryimage\",\"url\":\"https:\\\/\\\/www.zytho.ca\\\/wp-content\\\/uploads\\\/2025\\\/10\\\/15R-Recessless-Threaded-Bevel-Seat-Ferrules-for-Expanding-Dixon.jpg\",\"contentUrl\":\"https:\\\/\\\/www.zytho.ca\\\/wp-content\\\/uploads\\\/2025\\\/10\\\/15R-Recessless-Threaded-Bevel-Seat-Ferrules-for-Expanding-Dixon.jpg\",\"width\":400,\"height\":400},{\"@type\":\"BreadcrumbList\",\"@id\":\"https:\\\/\\\/www.zytho.ca\\\/fr\\\/produit\\\/15r-ferrules-a-siege-biseaute-non-encastrees-et-filetees-pour-lexpansion-dixon\\\/#breadcrumb\",\"itemListElement\":[{\"@type\":\"ListItem\",\"position\":1,\"name\":\"Accueil\",\"item\":\"https:\\\/\\\/www.zytho.ca\\\/fr\\\/\"},{\"@type\":\"ListItem\",\"position\":2,\"name\":\"Shop\",\"item\":\"https:\\\/\\\/www.zytho.ca\\\/fr\\\/shop\\\/\"},{\"@type\":\"ListItem\",\"position\":3,\"name\":\"15R Ferrules \u00e0 si\u00e8ge biseaut\u00e9 non encastr\u00e9es et filet\u00e9es pour l&rsquo;expansion &#8211; Dixon\"}]},{\"@type\":\"WebSite\",\"@id\":\"https:\\\/\\\/www.zytho.ca\\\/fr\\\/#website\",\"url\":\"https:\\\/\\\/www.zytho.ca\\\/fr\\\/\",\"name\":\"Zytho\",\"description\":\"\",\"publisher\":{\"@id\":\"https:\\\/\\\/www.zytho.ca\\\/fr\\\/#organization\"},\"potentialAction\":[{\"@type\":\"SearchAction\",\"target\":{\"@type\":\"EntryPoint\",\"urlTemplate\":\"https:\\\/\\\/www.zytho.ca\\\/fr\\\/?s={search_term_string}\"},\"query-input\":{\"@type\":\"PropertyValueSpecification\",\"valueRequired\":true,\"valueName\":\"search_term_string\"}}],\"inLanguage\":\"fr-FR\"},{\"@type\":\"Organization\",\"@id\":\"https:\\\/\\\/www.zytho.ca\\\/fr\\\/#organization\",\"name\":\"Zytho\",\"url\":\"https:\\\/\\\/www.zytho.ca\\\/fr\\\/\",\"logo\":{\"@type\":\"ImageObject\",\"inLanguage\":\"fr-FR\",\"@id\":\"https:\\\/\\\/www.zytho.ca\\\/fr\\\/#\\\/schema\\\/logo\\\/image\\\/\",\"url\":\"https:\\\/\\\/www.zytho.ca\\\/wp-content\\\/uploads\\\/2024\\\/05\\\/Zytho_reversed_horizontal.svg\",\"contentUrl\":\"https:\\\/\\\/www.zytho.ca\\\/wp-content\\\/uploads\\\/2024\\\/05\\\/Zytho_reversed_horizontal.svg\",\"width\":1582,\"height\":490,\"caption\":\"Zytho\"},\"image\":{\"@id\":\"https:\\\/\\\/www.zytho.ca\\\/fr\\\/#\\\/schema\\\/logo\\\/image\\\/\"}}]}<\/script>\n<!-- \/ Yoast SEO plugin. -->","yoast_head_json":{"title":"15R Ferrules \u00e0 si\u00e8ge biseaut\u00e9 filet\u00e9 sans encastrement pour l'expansion - Dixon - Pour brasseries pro | Zytho","description":"Am\u00e9liorez votre brasserie avec les ferrures 15R de Dixon. Con\u00e7us avec pr\u00e9cision pour des connexions sans faille, ils garantissent un brassage de qualit\u00e9 sup\u00e9rieure.","robots":{"index":"index","follow":"follow","max-snippet":"max-snippet:-1","max-image-preview":"max-image-preview:large","max-video-preview":"max-video-preview:-1"},"canonical":"https:\/\/www.zytho.ca\/fr\/produit\/15r-ferrules-a-siege-biseaute-non-encastrees-et-filetees-pour-lexpansion-dixon\/","og_locale":"fr_FR","og_type":"article","og_title":"15R Ferrules \u00e0 si\u00e8ge biseaut\u00e9 filet\u00e9 sans encastrement pour l'expansion - Dixon - Pour brasseries pro | Zytho","og_description":"Am\u00e9liorez votre brasserie avec les ferrures 15R de Dixon. Con\u00e7us avec pr\u00e9cision pour des connexions sans faille, ils garantissent un brassage de qualit\u00e9 sup\u00e9rieure.","og_url":"https:\/\/www.zytho.ca\/fr\/produit\/15r-ferrules-a-siege-biseaute-non-encastrees-et-filetees-pour-lexpansion-dixon\/","og_site_name":"Zytho","og_image":[{"width":400,"height":400,"url":"https:\/\/www.zytho.ca\/wp-content\/uploads\/2025\/10\/15R-Recessless-Threaded-Bevel-Seat-Ferrules-for-Expanding-Dixon.jpg","type":"image\/jpeg"}],"twitter_card":"summary_large_image","schema":{"@context":"https:\/\/schema.org","@graph":[{"@type":"WebPage","@id":"https:\/\/www.zytho.ca\/fr\/produit\/15r-ferrules-a-siege-biseaute-non-encastrees-et-filetees-pour-lexpansion-dixon\/","url":"https:\/\/www.zytho.ca\/fr\/produit\/15r-ferrules-a-siege-biseaute-non-encastrees-et-filetees-pour-lexpansion-dixon\/","name":"15R Ferrules \u00e0 si\u00e8ge biseaut\u00e9 filet\u00e9 sans encastrement pour l'expansion - Dixon - Pour brasseries pro | Zytho","isPartOf":{"@id":"https:\/\/www.zytho.ca\/fr\/#website"},"primaryImageOfPage":{"@id":"https:\/\/www.zytho.ca\/fr\/produit\/15r-ferrules-a-siege-biseaute-non-encastrees-et-filetees-pour-lexpansion-dixon\/#primaryimage"},"image":{"@id":"https:\/\/www.zytho.ca\/fr\/produit\/15r-ferrules-a-siege-biseaute-non-encastrees-et-filetees-pour-lexpansion-dixon\/#primaryimage"},"thumbnailUrl":"https:\/\/www.zytho.ca\/wp-content\/uploads\/2025\/10\/15R-Recessless-Threaded-Bevel-Seat-Ferrules-for-Expanding-Dixon.jpg","datePublished":"2025-10-27T15:54:19+00:00","description":"Am\u00e9liorez votre brasserie avec les ferrures 15R de Dixon. Con\u00e7us avec pr\u00e9cision pour des connexions sans faille, ils garantissent un brassage de qualit\u00e9 sup\u00e9rieure.","breadcrumb":{"@id":"https:\/\/www.zytho.ca\/fr\/produit\/15r-ferrules-a-siege-biseaute-non-encastrees-et-filetees-pour-lexpansion-dixon\/#breadcrumb"},"inLanguage":"fr-FR","potentialAction":[{"@type":"ReadAction","target":["https:\/\/www.zytho.ca\/fr\/produit\/15r-ferrules-a-siege-biseaute-non-encastrees-et-filetees-pour-lexpansion-dixon\/"]}]},{"@type":"ImageObject","inLanguage":"fr-FR","@id":"https:\/\/www.zytho.ca\/fr\/produit\/15r-ferrules-a-siege-biseaute-non-encastrees-et-filetees-pour-lexpansion-dixon\/#primaryimage","url":"https:\/\/www.zytho.ca\/wp-content\/uploads\/2025\/10\/15R-Recessless-Threaded-Bevel-Seat-Ferrules-for-Expanding-Dixon.jpg","contentUrl":"https:\/\/www.zytho.ca\/wp-content\/uploads\/2025\/10\/15R-Recessless-Threaded-Bevel-Seat-Ferrules-for-Expanding-Dixon.jpg","width":400,"height":400},{"@type":"BreadcrumbList","@id":"https:\/\/www.zytho.ca\/fr\/produit\/15r-ferrules-a-siege-biseaute-non-encastrees-et-filetees-pour-lexpansion-dixon\/#breadcrumb","itemListElement":[{"@type":"ListItem","position":1,"name":"Accueil","item":"https:\/\/www.zytho.ca\/fr\/"},{"@type":"ListItem","position":2,"name":"Shop","item":"https:\/\/www.zytho.ca\/fr\/shop\/"},{"@type":"ListItem","position":3,"name":"15R Ferrules \u00e0 si\u00e8ge biseaut\u00e9 non encastr\u00e9es et filet\u00e9es pour l&rsquo;expansion &#8211; Dixon"}]},{"@type":"WebSite","@id":"https:\/\/www.zytho.ca\/fr\/#website","url":"https:\/\/www.zytho.ca\/fr\/","name":"Zytho","description":"","publisher":{"@id":"https:\/\/www.zytho.ca\/fr\/#organization"},"potentialAction":[{"@type":"SearchAction","target":{"@type":"EntryPoint","urlTemplate":"https:\/\/www.zytho.ca\/fr\/?s={search_term_string}"},"query-input":{"@type":"PropertyValueSpecification","valueRequired":true,"valueName":"search_term_string"}}],"inLanguage":"fr-FR"},{"@type":"Organization","@id":"https:\/\/www.zytho.ca\/fr\/#organization","name":"Zytho","url":"https:\/\/www.zytho.ca\/fr\/","logo":{"@type":"ImageObject","inLanguage":"fr-FR","@id":"https:\/\/www.zytho.ca\/fr\/#\/schema\/logo\/image\/","url":"https:\/\/www.zytho.ca\/wp-content\/uploads\/2024\/05\/Zytho_reversed_horizontal.svg","contentUrl":"https:\/\/www.zytho.ca\/wp-content\/uploads\/2024\/05\/Zytho_reversed_horizontal.svg","width":1582,"height":490,"caption":"Zytho"},"image":{"@id":"https:\/\/www.zytho.ca\/fr\/#\/schema\/logo\/image\/"}}]}},"_links":{"self":[{"href":"https:\/\/www.zytho.ca\/fr\/wp-json\/wp\/v2\/product\/10209","targetHints":{"allow":["GET"]}}],"collection":[{"href":"https:\/\/www.zytho.ca\/fr\/wp-json\/wp\/v2\/product"}],"about":[{"href":"https:\/\/www.zytho.ca\/fr\/wp-json\/wp\/v2\/types\/product"}],"wp:featuredmedia":[{"embeddable":true,"href":"https:\/\/www.zytho.ca\/fr\/wp-json\/wp\/v2\/media\/10216"}],"wp:attachment":[{"href":"https:\/\/www.zytho.ca\/fr\/wp-json\/wp\/v2\/media?parent=10209"}],"wp:term":[{"taxonomy":"product_brand","embeddable":true,"href":"https:\/\/www.zytho.ca\/fr\/wp-json\/wp\/v2\/product_brand?post=10209"},{"taxonomy":"product_cat","embeddable":true,"href":"https:\/\/www.zytho.ca\/fr\/wp-json\/wp\/v2\/product_cat?post=10209"},{"taxonomy":"product_tag","embeddable":true,"href":"https:\/\/www.zytho.ca\/fr\/wp-json\/wp\/v2\/product_tag?post=10209"}],"curies":[{"name":"wp","href":"https:\/\/api.w.org\/{rel}","templated":true}]}}