{"id":10208,"date":"2025-10-27T15:54:29","date_gmt":"2025-10-27T15:54:29","guid":{"rendered":"https:\/\/zytho.ca\/product\/14r-ferrules-a-siege-biseaute-plat-sans-retrait-pour-lexpansion-dixon\/"},"modified":"2025-11-07T11:55:36","modified_gmt":"2025-11-07T11:55:36","slug":"14r-ferrules-a-siege-biseaute-plat-sans-retrait-pour-lexpansion-dixon","status":"publish","type":"product","link":"https:\/\/www.zytho.ca\/fr\/produit\/14r-ferrules-a-siege-biseaute-plat-sans-retrait-pour-lexpansion-dixon\/","title":{"rendered":"14R Ferrules \u00e0 si\u00e8ge biseaut\u00e9 plat sans retrait pour l&#8217;expansion &#8211; Dixon"},"content":{"rendered":"<p data-start=\"70\" data-end=\"475\">La <strong data-start=\"74\" data-end=\"123\">bague de Dixon 14R<\/strong> est con\u00e7ue pour les syst\u00e8mes de tuyauterie sanitaires et industriels n\u00e9cessitant des raccordements s\u00fbrs, lisses et sans fissures. Con\u00e7ue pour \u00eatre utilis\u00e9e avec des <strong data-start=\"259\" data-end=\"282\">\u00e9quipements d&#8217;expansion<\/strong>, cette virole fournit une <strong data-start=\"308\" data-end=\"333\">connexion sans retrait<\/strong> qui minimise l&#8217;emprisonnement de produits et assure une nettoyabilit\u00e9 sup\u00e9rieure &#8211; id\u00e9ale pour les applications <strong data-start=\"414\" data-end=\"459\">alimentaires, les boissons, les produits laitiers et les<\/strong> applications <strong data-start=\"414\" data-end=\"459\">pharmaceutiques<\/strong>. <\/p>\n<p data-start=\"477\" data-end=\"495\"><strong data-start=\"477\" data-end=\"493\">Principaux avantages<\/strong><\/p>\n<ul data-start=\"496\" data-end=\"1037\">\n<li data-start=\"496\" data-end=\"611\">\n<p data-start=\"498\" data-end=\"611\"><strong data-start=\"498\" data-end=\"520\">Conception sans encastrement :<\/strong> \u00c9limine les zones de r\u00e9tention des produits, ce qui am\u00e9liore l&#8217;hygi\u00e8ne et l&#8217;efficacit\u00e9 du nettoyage en place (NEP).<\/p>\n<\/li>\n<li data-start=\"612\" data-end=\"719\">\n<p data-start=\"614\" data-end=\"719\"><strong data-start=\"614\" data-end=\"641\">Installation \u00e0 expansion :<\/strong> Simplifie l&#8217;assemblage en permettant une expansion facile sur le tube sans soudure.<\/p>\n<\/li>\n<li data-start=\"720\" data-end=\"839\">\n<p data-start=\"722\" data-end=\"839\"><strong data-start=\"722\" data-end=\"750\">Normes sanitaires \u00e9lev\u00e9es :<\/strong> Fabriqu\u00e9 en <strong data-start=\"765\" data-end=\"796\">acier inoxydable 304 ou 316L<\/strong> pour r\u00e9pondre aux exigences strictes de l&#8217;industrie.<\/p>\n<\/li>\n<li data-start=\"840\" data-end=\"927\">\n<p data-start=\"842\" data-end=\"927\"><strong data-start=\"842\" data-end=\"860\">Ajustement de pr\u00e9cision :<\/strong> Garantit un joint \u00e9tanche et sans fuite pour une performance fiable du syst\u00e8me.<\/p>\n<\/li>\n<li data-start=\"928\" data-end=\"1037\">\n<p data-start=\"930\" data-end=\"1037\"><strong data-start=\"930\" data-end=\"955\">Construction durable :<\/strong> Con\u00e7ue pour r\u00e9sister \u00e0 des cycles de nettoyage fr\u00e9quents et \u00e0 des environnements de traitement exigeants.<\/p>\n<\/li>\n<\/ul>\n<p data-start=\"1039\" data-end=\"1065\"><strong data-start=\"1039\" data-end=\"1063\">Applications typiques<\/strong><\/p>\n<ul data-start=\"1066\" data-end=\"1225\">\n<li data-start=\"1066\" data-end=\"1105\">\n<p data-start=\"1068\" data-end=\"1105\">Lignes de transformation des produits laitiers et des boissons<\/p>\n<\/li>\n<li data-start=\"1106\" data-end=\"1147\">\n<p data-start=\"1108\" data-end=\"1147\">Syst\u00e8mes de tuyauterie pour brasseries et distilleries<\/p>\n<\/li>\n<li data-start=\"1148\" data-end=\"1193\">\n<p data-start=\"1150\" data-end=\"1193\">Production biopharmaceutique et cosm\u00e9tique<\/p>\n<\/li>\n<li data-start=\"1194\" data-end=\"1225\">\n<p data-start=\"1196\" data-end=\"1225\">Syst\u00e8mes de transfert de qualit\u00e9 alimentaire<\/p>\n<\/li>\n<\/ul>\n<p data-start=\"1227\" data-end=\"1248\"><strong data-start=\"1227\" data-end=\"1246\">D\u00e9tails du produit<\/strong><\/p>\n<ul data-start=\"1249\" data-end=\"1490\">\n<li data-start=\"1249\" data-end=\"1294\">\n<p data-start=\"1251\" data-end=\"1294\"><strong data-start=\"1251\" data-end=\"1264\">Mat\u00e9riau :<\/strong> Acier inoxydable 304 ou 316L<\/p>\n<\/li>\n<li data-start=\"1295\" data-end=\"1343\">\n<p data-start=\"1297\" data-end=\"1343\"><strong data-start=\"1297\" data-end=\"1317\">Type de connexion :<\/strong> Si\u00e8ge en biseau (sans encastrement)<\/p>\n<\/li>\n<li data-start=\"1344\" data-end=\"1379\">\n<p data-start=\"1346\" data-end=\"1379\"><strong data-start=\"1346\" data-end=\"1359\">Type d&#8217;extr\u00e9mit\u00e9 :<\/strong> Embout expansible<\/p>\n<\/li>\n<li data-start=\"1380\" data-end=\"1412\">\n<p data-start=\"1382\" data-end=\"1412\"><strong data-start=\"1382\" data-end=\"1402\">Tailles disponibles :<\/strong> 1&#8243; &#8211; 4&#8243;<\/p>\n<\/li>\n<li data-start=\"1413\" data-end=\"1490\">\n<p data-start=\"1415\" data-end=\"1490\"><strong data-start=\"1415\" data-end=\"1429\">Normes :<\/strong> Compatible avec les raccords 14R et les composants sanitaires Dixon<\/p>\n<\/li>\n<\/ul>\n<p data-start=\"1492\" data-end=\"1630\" data-is-last-node=\"\" data-is-only-node=\"\"><strong data-start=\"1492\" data-end=\"1630\" data-is-last-node=\"\">Propre, pr\u00e9cis et con\u00e7u pour durer &#8211; l&#8217;embout sans retrait Dixon 14R offre des performances sans compromis pour chaque connexion sanitaire.<\/strong><\/p>\n","protected":false},"excerpt":{"rendered":"<h4>Principaux avantages des embouts de si\u00e8ge \u00e0 biseau plat sans retrait Dixon 14R pour les brasseurs professionnels<\/h4>\n<ul>\n<li>Conception sans encastrement : Am\u00e9liore l&#8217;hygi\u00e8ne en \u00e9liminant les zones de r\u00e9tention des produits, ce qui est crucial pour l&#8217;efficacit\u00e9 du nettoyage en place (NEP).<\/li>\n<li>Installation extensible : Facilite l&#8217;assemblage sur les tubes sans soudure, ce qui simplifie votre processus de brassage.<\/li>\n<li>Construction durable : R\u00e9siste aux cycles de nettoyage fr\u00e9quents et aux environnements de brassage exigeants, garantissant des performances durables.<\/li>\n<\/ul>\n","protected":false},"featured_media":10210,"template":"","meta":{"_acf_changed":false,"inline_featured_image":false},"product_brand":[740],"product_cat":[736,741,765],"product_tag":[],"class_list":{"0":"post-10208","1":"product","2":"type-product","3":"status-publish","4":"has-post-thumbnail","6":"product_brand-dixon","7":"product_cat-distribution","8":"product_cat-materiel","9":"product_cat-raccords-sanitaires","11":"first","12":"instock","13":"taxable","14":"shipping-taxable","15":"purchasable","16":"product-type-variable"},"acf":[],"yoast_head":"<!-- This site is optimized with the Yoast SEO plugin v27.6 - https:\/\/yoast.com\/product\/yoast-seo-wordpress\/ -->\n<title>14R Ferrules \u00e0 si\u00e8ge biseaut\u00e9 plat sans retrait pour l&#039;expansion - Dixon - Pour brasseries pro | Zytho<\/title>\n<meta name=\"description\" content=\"Am\u00e9liorez le syst\u00e8me de tuyauterie de votre brasserie avec les embouts \u00e0 encastrer Dixon 14R. Assurez des connexions s\u00fbres, hygi\u00e9niques et efficaces pour des performances de brassage sup\u00e9rieures.\" \/>\n<meta name=\"robots\" content=\"index, follow, max-snippet:-1, max-image-preview:large, max-video-preview:-1\" \/>\n<link rel=\"canonical\" href=\"https:\/\/www.zytho.ca\/fr\/produit\/14r-ferrules-a-siege-biseaute-plat-sans-retrait-pour-lexpansion-dixon\/\" \/>\n<meta property=\"og:locale\" content=\"fr_FR\" \/>\n<meta property=\"og:type\" content=\"article\" \/>\n<meta property=\"og:title\" content=\"14R Ferrules \u00e0 si\u00e8ge biseaut\u00e9 plat sans retrait pour l&#039;expansion - Dixon - Pour brasseries pro | Zytho\" \/>\n<meta property=\"og:description\" content=\"Am\u00e9liorez le syst\u00e8me de tuyauterie de votre brasserie avec les embouts \u00e0 encastrer Dixon 14R. Assurez des connexions s\u00fbres, hygi\u00e9niques et efficaces pour des performances de brassage sup\u00e9rieures.\" \/>\n<meta property=\"og:url\" content=\"https:\/\/www.zytho.ca\/fr\/produit\/14r-ferrules-a-siege-biseaute-plat-sans-retrait-pour-lexpansion-dixon\/\" \/>\n<meta property=\"og:site_name\" content=\"Zytho\" \/>\n<meta property=\"article:modified_time\" content=\"2025-11-07T11:55:36+00:00\" \/>\n<meta property=\"og:image\" content=\"https:\/\/www.zytho.ca\/wp-content\/uploads\/2025\/10\/14R-Recessless-Plain-Bevel-Seat-Ferrules-for-Expanding-Dixon.jpg\" \/>\n\t<meta property=\"og:image:width\" content=\"650\" \/>\n\t<meta property=\"og:image:height\" content=\"650\" \/>\n\t<meta property=\"og:image:type\" content=\"image\/jpeg\" \/>\n<meta name=\"twitter:card\" content=\"summary_large_image\" \/>\n<meta name=\"twitter:label1\" content=\"Dur\u00e9e de lecture estim\u00e9e\" \/>\n\t<meta name=\"twitter:data1\" content=\"1 minute\" \/>\n<script type=\"application\/ld+json\" class=\"yoast-schema-graph\">{\"@context\":\"https:\\\/\\\/schema.org\",\"@graph\":[{\"@type\":\"WebPage\",\"@id\":\"https:\\\/\\\/www.zytho.ca\\\/fr\\\/produit\\\/14r-ferrules-a-siege-biseaute-plat-sans-retrait-pour-lexpansion-dixon\\\/\",\"url\":\"https:\\\/\\\/www.zytho.ca\\\/fr\\\/produit\\\/14r-ferrules-a-siege-biseaute-plat-sans-retrait-pour-lexpansion-dixon\\\/\",\"name\":\"14R Ferrules \u00e0 si\u00e8ge biseaut\u00e9 plat sans retrait pour l'expansion - Dixon - Pour brasseries pro | Zytho\",\"isPartOf\":{\"@id\":\"https:\\\/\\\/www.zytho.ca\\\/fr\\\/#website\"},\"primaryImageOfPage\":{\"@id\":\"https:\\\/\\\/www.zytho.ca\\\/fr\\\/produit\\\/14r-ferrules-a-siege-biseaute-plat-sans-retrait-pour-lexpansion-dixon\\\/#primaryimage\"},\"image\":{\"@id\":\"https:\\\/\\\/www.zytho.ca\\\/fr\\\/produit\\\/14r-ferrules-a-siege-biseaute-plat-sans-retrait-pour-lexpansion-dixon\\\/#primaryimage\"},\"thumbnailUrl\":\"https:\\\/\\\/www.zytho.ca\\\/wp-content\\\/uploads\\\/2025\\\/10\\\/14R-Recessless-Plain-Bevel-Seat-Ferrules-for-Expanding-Dixon.jpg\",\"datePublished\":\"2025-10-27T15:54:29+00:00\",\"dateModified\":\"2025-11-07T11:55:36+00:00\",\"description\":\"Am\u00e9liorez le syst\u00e8me de tuyauterie de votre brasserie avec les embouts \u00e0 encastrer Dixon 14R. Assurez des connexions s\u00fbres, hygi\u00e9niques et efficaces pour des performances de brassage sup\u00e9rieures.\",\"breadcrumb\":{\"@id\":\"https:\\\/\\\/www.zytho.ca\\\/fr\\\/produit\\\/14r-ferrules-a-siege-biseaute-plat-sans-retrait-pour-lexpansion-dixon\\\/#breadcrumb\"},\"inLanguage\":\"fr-FR\",\"potentialAction\":[{\"@type\":\"ReadAction\",\"target\":[\"https:\\\/\\\/www.zytho.ca\\\/fr\\\/produit\\\/14r-ferrules-a-siege-biseaute-plat-sans-retrait-pour-lexpansion-dixon\\\/\"]}]},{\"@type\":\"ImageObject\",\"inLanguage\":\"fr-FR\",\"@id\":\"https:\\\/\\\/www.zytho.ca\\\/fr\\\/produit\\\/14r-ferrules-a-siege-biseaute-plat-sans-retrait-pour-lexpansion-dixon\\\/#primaryimage\",\"url\":\"https:\\\/\\\/www.zytho.ca\\\/wp-content\\\/uploads\\\/2025\\\/10\\\/14R-Recessless-Plain-Bevel-Seat-Ferrules-for-Expanding-Dixon.jpg\",\"contentUrl\":\"https:\\\/\\\/www.zytho.ca\\\/wp-content\\\/uploads\\\/2025\\\/10\\\/14R-Recessless-Plain-Bevel-Seat-Ferrules-for-Expanding-Dixon.jpg\",\"width\":650,\"height\":650},{\"@type\":\"BreadcrumbList\",\"@id\":\"https:\\\/\\\/www.zytho.ca\\\/fr\\\/produit\\\/14r-ferrules-a-siege-biseaute-plat-sans-retrait-pour-lexpansion-dixon\\\/#breadcrumb\",\"itemListElement\":[{\"@type\":\"ListItem\",\"position\":1,\"name\":\"Accueil\",\"item\":\"https:\\\/\\\/www.zytho.ca\\\/fr\\\/\"},{\"@type\":\"ListItem\",\"position\":2,\"name\":\"Shop\",\"item\":\"https:\\\/\\\/www.zytho.ca\\\/fr\\\/shop\\\/\"},{\"@type\":\"ListItem\",\"position\":3,\"name\":\"14R Ferrules \u00e0 si\u00e8ge biseaut\u00e9 plat sans retrait pour l&#8217;expansion &#8211; Dixon\"}]},{\"@type\":\"WebSite\",\"@id\":\"https:\\\/\\\/www.zytho.ca\\\/fr\\\/#website\",\"url\":\"https:\\\/\\\/www.zytho.ca\\\/fr\\\/\",\"name\":\"Zytho\",\"description\":\"\",\"publisher\":{\"@id\":\"https:\\\/\\\/www.zytho.ca\\\/fr\\\/#organization\"},\"potentialAction\":[{\"@type\":\"SearchAction\",\"target\":{\"@type\":\"EntryPoint\",\"urlTemplate\":\"https:\\\/\\\/www.zytho.ca\\\/fr\\\/?s={search_term_string}\"},\"query-input\":{\"@type\":\"PropertyValueSpecification\",\"valueRequired\":true,\"valueName\":\"search_term_string\"}}],\"inLanguage\":\"fr-FR\"},{\"@type\":\"Organization\",\"@id\":\"https:\\\/\\\/www.zytho.ca\\\/fr\\\/#organization\",\"name\":\"Zytho\",\"url\":\"https:\\\/\\\/www.zytho.ca\\\/fr\\\/\",\"logo\":{\"@type\":\"ImageObject\",\"inLanguage\":\"fr-FR\",\"@id\":\"https:\\\/\\\/www.zytho.ca\\\/fr\\\/#\\\/schema\\\/logo\\\/image\\\/\",\"url\":\"https:\\\/\\\/www.zytho.ca\\\/wp-content\\\/uploads\\\/2024\\\/05\\\/Zytho_reversed_horizontal.svg\",\"contentUrl\":\"https:\\\/\\\/www.zytho.ca\\\/wp-content\\\/uploads\\\/2024\\\/05\\\/Zytho_reversed_horizontal.svg\",\"width\":1582,\"height\":490,\"caption\":\"Zytho\"},\"image\":{\"@id\":\"https:\\\/\\\/www.zytho.ca\\\/fr\\\/#\\\/schema\\\/logo\\\/image\\\/\"}}]}<\/script>\n<!-- \/ Yoast SEO plugin. -->","yoast_head_json":{"title":"14R Ferrules \u00e0 si\u00e8ge biseaut\u00e9 plat sans retrait pour l'expansion - Dixon - Pour brasseries pro | Zytho","description":"Am\u00e9liorez le syst\u00e8me de tuyauterie de votre brasserie avec les embouts \u00e0 encastrer Dixon 14R. Assurez des connexions s\u00fbres, hygi\u00e9niques et efficaces pour des performances de brassage sup\u00e9rieures.","robots":{"index":"index","follow":"follow","max-snippet":"max-snippet:-1","max-image-preview":"max-image-preview:large","max-video-preview":"max-video-preview:-1"},"canonical":"https:\/\/www.zytho.ca\/fr\/produit\/14r-ferrules-a-siege-biseaute-plat-sans-retrait-pour-lexpansion-dixon\/","og_locale":"fr_FR","og_type":"article","og_title":"14R Ferrules \u00e0 si\u00e8ge biseaut\u00e9 plat sans retrait pour l'expansion - Dixon - Pour brasseries pro | Zytho","og_description":"Am\u00e9liorez le syst\u00e8me de tuyauterie de votre brasserie avec les embouts \u00e0 encastrer Dixon 14R. Assurez des connexions s\u00fbres, hygi\u00e9niques et efficaces pour des performances de brassage sup\u00e9rieures.","og_url":"https:\/\/www.zytho.ca\/fr\/produit\/14r-ferrules-a-siege-biseaute-plat-sans-retrait-pour-lexpansion-dixon\/","og_site_name":"Zytho","article_modified_time":"2025-11-07T11:55:36+00:00","og_image":[{"width":650,"height":650,"url":"https:\/\/www.zytho.ca\/wp-content\/uploads\/2025\/10\/14R-Recessless-Plain-Bevel-Seat-Ferrules-for-Expanding-Dixon.jpg","type":"image\/jpeg"}],"twitter_card":"summary_large_image","twitter_misc":{"Dur\u00e9e de lecture estim\u00e9e":"1 minute"},"schema":{"@context":"https:\/\/schema.org","@graph":[{"@type":"WebPage","@id":"https:\/\/www.zytho.ca\/fr\/produit\/14r-ferrules-a-siege-biseaute-plat-sans-retrait-pour-lexpansion-dixon\/","url":"https:\/\/www.zytho.ca\/fr\/produit\/14r-ferrules-a-siege-biseaute-plat-sans-retrait-pour-lexpansion-dixon\/","name":"14R Ferrules \u00e0 si\u00e8ge biseaut\u00e9 plat sans retrait pour l'expansion - Dixon - Pour brasseries pro | Zytho","isPartOf":{"@id":"https:\/\/www.zytho.ca\/fr\/#website"},"primaryImageOfPage":{"@id":"https:\/\/www.zytho.ca\/fr\/produit\/14r-ferrules-a-siege-biseaute-plat-sans-retrait-pour-lexpansion-dixon\/#primaryimage"},"image":{"@id":"https:\/\/www.zytho.ca\/fr\/produit\/14r-ferrules-a-siege-biseaute-plat-sans-retrait-pour-lexpansion-dixon\/#primaryimage"},"thumbnailUrl":"https:\/\/www.zytho.ca\/wp-content\/uploads\/2025\/10\/14R-Recessless-Plain-Bevel-Seat-Ferrules-for-Expanding-Dixon.jpg","datePublished":"2025-10-27T15:54:29+00:00","dateModified":"2025-11-07T11:55:36+00:00","description":"Am\u00e9liorez le syst\u00e8me de tuyauterie de votre brasserie avec les embouts \u00e0 encastrer Dixon 14R. Assurez des connexions s\u00fbres, hygi\u00e9niques et efficaces pour des performances de brassage sup\u00e9rieures.","breadcrumb":{"@id":"https:\/\/www.zytho.ca\/fr\/produit\/14r-ferrules-a-siege-biseaute-plat-sans-retrait-pour-lexpansion-dixon\/#breadcrumb"},"inLanguage":"fr-FR","potentialAction":[{"@type":"ReadAction","target":["https:\/\/www.zytho.ca\/fr\/produit\/14r-ferrules-a-siege-biseaute-plat-sans-retrait-pour-lexpansion-dixon\/"]}]},{"@type":"ImageObject","inLanguage":"fr-FR","@id":"https:\/\/www.zytho.ca\/fr\/produit\/14r-ferrules-a-siege-biseaute-plat-sans-retrait-pour-lexpansion-dixon\/#primaryimage","url":"https:\/\/www.zytho.ca\/wp-content\/uploads\/2025\/10\/14R-Recessless-Plain-Bevel-Seat-Ferrules-for-Expanding-Dixon.jpg","contentUrl":"https:\/\/www.zytho.ca\/wp-content\/uploads\/2025\/10\/14R-Recessless-Plain-Bevel-Seat-Ferrules-for-Expanding-Dixon.jpg","width":650,"height":650},{"@type":"BreadcrumbList","@id":"https:\/\/www.zytho.ca\/fr\/produit\/14r-ferrules-a-siege-biseaute-plat-sans-retrait-pour-lexpansion-dixon\/#breadcrumb","itemListElement":[{"@type":"ListItem","position":1,"name":"Accueil","item":"https:\/\/www.zytho.ca\/fr\/"},{"@type":"ListItem","position":2,"name":"Shop","item":"https:\/\/www.zytho.ca\/fr\/shop\/"},{"@type":"ListItem","position":3,"name":"14R Ferrules \u00e0 si\u00e8ge biseaut\u00e9 plat sans retrait pour l&#8217;expansion &#8211; Dixon"}]},{"@type":"WebSite","@id":"https:\/\/www.zytho.ca\/fr\/#website","url":"https:\/\/www.zytho.ca\/fr\/","name":"Zytho","description":"","publisher":{"@id":"https:\/\/www.zytho.ca\/fr\/#organization"},"potentialAction":[{"@type":"SearchAction","target":{"@type":"EntryPoint","urlTemplate":"https:\/\/www.zytho.ca\/fr\/?s={search_term_string}"},"query-input":{"@type":"PropertyValueSpecification","valueRequired":true,"valueName":"search_term_string"}}],"inLanguage":"fr-FR"},{"@type":"Organization","@id":"https:\/\/www.zytho.ca\/fr\/#organization","name":"Zytho","url":"https:\/\/www.zytho.ca\/fr\/","logo":{"@type":"ImageObject","inLanguage":"fr-FR","@id":"https:\/\/www.zytho.ca\/fr\/#\/schema\/logo\/image\/","url":"https:\/\/www.zytho.ca\/wp-content\/uploads\/2024\/05\/Zytho_reversed_horizontal.svg","contentUrl":"https:\/\/www.zytho.ca\/wp-content\/uploads\/2024\/05\/Zytho_reversed_horizontal.svg","width":1582,"height":490,"caption":"Zytho"},"image":{"@id":"https:\/\/www.zytho.ca\/fr\/#\/schema\/logo\/image\/"}}]}},"_links":{"self":[{"href":"https:\/\/www.zytho.ca\/fr\/wp-json\/wp\/v2\/product\/10208","targetHints":{"allow":["GET"]}}],"collection":[{"href":"https:\/\/www.zytho.ca\/fr\/wp-json\/wp\/v2\/product"}],"about":[{"href":"https:\/\/www.zytho.ca\/fr\/wp-json\/wp\/v2\/types\/product"}],"wp:featuredmedia":[{"embeddable":true,"href":"https:\/\/www.zytho.ca\/fr\/wp-json\/wp\/v2\/media\/10210"}],"wp:attachment":[{"href":"https:\/\/www.zytho.ca\/fr\/wp-json\/wp\/v2\/media?parent=10208"}],"wp:term":[{"taxonomy":"product_brand","embeddable":true,"href":"https:\/\/www.zytho.ca\/fr\/wp-json\/wp\/v2\/product_brand?post=10208"},{"taxonomy":"product_cat","embeddable":true,"href":"https:\/\/www.zytho.ca\/fr\/wp-json\/wp\/v2\/product_cat?post=10208"},{"taxonomy":"product_tag","embeddable":true,"href":"https:\/\/www.zytho.ca\/fr\/wp-json\/wp\/v2\/product_tag?post=10208"}],"curies":[{"name":"wp","href":"https:\/\/api.w.org\/{rel}","templated":true}]}}