{"id":10165,"date":"2025-10-27T15:54:29","date_gmt":"2025-10-27T15:54:29","guid":{"rendered":"https:\/\/zytho.ca\/product\/14a-ferrules-a-souder-a-siege-biseaute-long-dixon\/"},"modified":"2025-10-27T15:54:29","modified_gmt":"2025-10-27T15:54:29","slug":"14a-ferrules-a-souder-a-siege-biseaute-long-dixon","status":"publish","type":"product","link":"https:\/\/www.zytho.ca\/fr\/produit\/14a-ferrules-a-souder-a-siege-biseaute-long-dixon\/","title":{"rendered":"14A Ferrules \u00e0 souder \u00e0 si\u00e8ge biseaut\u00e9 long &#8211; Dixon"},"content":{"rendered":"<h6><strong>Avantages<\/strong><\/h6>\n<ul>\n<li>Garantit la conformit\u00e9 avec les r\u00e9glementations strictes en mati\u00e8re d&#8217;hygi\u00e8ne, id\u00e9al pour les applications sanitaires.<\/li>\n<\/ul>\n<h6><strong>D\u00e9tails du produit<\/strong><\/h6>\n<ul>\n<li>Conforme aux normes sanitaires 3-A pour les raccords sanitaires, norme num\u00e9ro 63-03, sous l&#8217;autorisation num\u00e9ro 621.<\/li>\n<\/ul>\n<h6><strong>Certifications<\/strong><\/h6>\n<ul>\n<li><a href=\"https:\/\/www.dixonvalve.com\/sites\/default\/files\/product\/certifications\/621%2063-04-2020.pdf\">Acc\u00e9der au document de certification 3A<\/a><\/li>\n<\/ul>\n<h6><strong>Page de catalogue<\/strong><\/h6>\n<ul>\n<li><a href=\"https:\/\/www.dixonvalve.com\/sites\/default\/files\/product\/pages\/us\/DPL418%20-%20590.pdf\">Voir le catalogue : DPL418 &#8211; 590<\/a><\/li>\n<\/ul>\n","protected":false},"excerpt":{"rendered":"<h4>Principaux avantages des ferrures \u00e0 souder 14A Long Plain Bevel Seat pour les brasseurs professionnels<\/h4>\n<ul>\n<li>Garantit le respect de normes d&#8217;hygi\u00e8ne rigoureuses, id\u00e9al pour maintenir des conditions sanitaires dans les processus de brassage.<\/li>\n<li>Certifi\u00e9 conforme aux normes sanitaires 3-A, ce qui garantit la qualit\u00e9 et la s\u00e9curit\u00e9 des op\u00e9rations de brassage.<\/li>\n<li>Soutenu par la certification officielle 3A, il offre une tranquillit\u00e9 d&#8217;esprit et une fiabilit\u00e9 pour les environnements de brassage professionnels.<\/li>\n<\/ul>\n","protected":false},"featured_media":10166,"template":"","meta":{"_acf_changed":false,"inline_featured_image":false},"product_brand":[740],"product_cat":[736,741,765],"product_tag":[],"class_list":{"0":"post-10165","1":"product","2":"type-product","3":"status-publish","4":"has-post-thumbnail","6":"product_brand-dixon","7":"product_cat-distribution","8":"product_cat-materiel","9":"product_cat-raccords-sanitaires","11":"first","12":"instock","13":"taxable","14":"shipping-taxable","15":"purchasable","16":"product-type-variable"},"acf":[],"yoast_head":"<!-- This site is optimized with the Yoast SEO plugin v27.6 - https:\/\/yoast.com\/product\/yoast-seo-wordpress\/ -->\n<title>14A Long Plain Bevel Seat Weld Ferrules - Dixon - For Pro Breweries | Zytho<\/title>\n<meta name=\"description\" content=\"D\u00e9couvrez les embouts \u00e0 souder 14A Long Plain Bevel Seat de Dixon, con\u00e7us pour les brasseries qui doivent respecter les normes d&#039;hygi\u00e8ne les plus strictes. Certifi\u00e9s aux normes sanitaires 3-A.\" \/>\n<meta name=\"robots\" content=\"index, follow, max-snippet:-1, max-image-preview:large, max-video-preview:-1\" \/>\n<link rel=\"canonical\" href=\"https:\/\/www.zytho.ca\/fr\/produit\/14a-ferrules-a-souder-a-siege-biseaute-long-dixon\/\" \/>\n<meta property=\"og:locale\" content=\"fr_FR\" \/>\n<meta property=\"og:type\" content=\"article\" \/>\n<meta property=\"og:title\" content=\"14A Long Plain Bevel Seat Weld Ferrules - Dixon - For Pro Breweries | Zytho\" \/>\n<meta property=\"og:description\" content=\"D\u00e9couvrez les embouts \u00e0 souder 14A Long Plain Bevel Seat de Dixon, con\u00e7us pour les brasseries qui doivent respecter les normes d&#039;hygi\u00e8ne les plus strictes. Certifi\u00e9s aux normes sanitaires 3-A.\" \/>\n<meta property=\"og:url\" content=\"https:\/\/www.zytho.ca\/fr\/produit\/14a-ferrules-a-souder-a-siege-biseaute-long-dixon\/\" \/>\n<meta property=\"og:site_name\" content=\"Zytho\" \/>\n<meta property=\"og:image\" content=\"https:\/\/www.zytho.ca\/wp-content\/uploads\/2025\/10\/14A-Long-Plain-Bevel-Seat-Weld-Ferrules-Dixon.jpg\" \/>\n\t<meta property=\"og:image:width\" content=\"379\" \/>\n\t<meta property=\"og:image:height\" content=\"379\" \/>\n\t<meta property=\"og:image:type\" content=\"image\/jpeg\" \/>\n<meta name=\"twitter:card\" content=\"summary_large_image\" \/>\n<script type=\"application\/ld+json\" class=\"yoast-schema-graph\">{\"@context\":\"https:\\\/\\\/schema.org\",\"@graph\":[{\"@type\":\"WebPage\",\"@id\":\"https:\\\/\\\/www.zytho.ca\\\/fr\\\/produit\\\/14a-ferrules-a-souder-a-siege-biseaute-long-dixon\\\/\",\"url\":\"https:\\\/\\\/www.zytho.ca\\\/fr\\\/produit\\\/14a-ferrules-a-souder-a-siege-biseaute-long-dixon\\\/\",\"name\":\"14A Long Plain Bevel Seat Weld Ferrules - Dixon - For Pro Breweries | Zytho\",\"isPartOf\":{\"@id\":\"https:\\\/\\\/www.zytho.ca\\\/fr\\\/#website\"},\"primaryImageOfPage\":{\"@id\":\"https:\\\/\\\/www.zytho.ca\\\/fr\\\/produit\\\/14a-ferrules-a-souder-a-siege-biseaute-long-dixon\\\/#primaryimage\"},\"image\":{\"@id\":\"https:\\\/\\\/www.zytho.ca\\\/fr\\\/produit\\\/14a-ferrules-a-souder-a-siege-biseaute-long-dixon\\\/#primaryimage\"},\"thumbnailUrl\":\"https:\\\/\\\/www.zytho.ca\\\/wp-content\\\/uploads\\\/2025\\\/10\\\/14A-Long-Plain-Bevel-Seat-Weld-Ferrules-Dixon.jpg\",\"datePublished\":\"2025-10-27T15:54:29+00:00\",\"description\":\"D\u00e9couvrez les embouts \u00e0 souder 14A Long Plain Bevel Seat de Dixon, con\u00e7us pour les brasseries qui doivent respecter les normes d'hygi\u00e8ne les plus strictes. Certifi\u00e9s aux normes sanitaires 3-A.\",\"breadcrumb\":{\"@id\":\"https:\\\/\\\/www.zytho.ca\\\/fr\\\/produit\\\/14a-ferrules-a-souder-a-siege-biseaute-long-dixon\\\/#breadcrumb\"},\"inLanguage\":\"fr-FR\",\"potentialAction\":[{\"@type\":\"ReadAction\",\"target\":[\"https:\\\/\\\/www.zytho.ca\\\/fr\\\/produit\\\/14a-ferrules-a-souder-a-siege-biseaute-long-dixon\\\/\"]}]},{\"@type\":\"ImageObject\",\"inLanguage\":\"fr-FR\",\"@id\":\"https:\\\/\\\/www.zytho.ca\\\/fr\\\/produit\\\/14a-ferrules-a-souder-a-siege-biseaute-long-dixon\\\/#primaryimage\",\"url\":\"https:\\\/\\\/www.zytho.ca\\\/wp-content\\\/uploads\\\/2025\\\/10\\\/14A-Long-Plain-Bevel-Seat-Weld-Ferrules-Dixon.jpg\",\"contentUrl\":\"https:\\\/\\\/www.zytho.ca\\\/wp-content\\\/uploads\\\/2025\\\/10\\\/14A-Long-Plain-Bevel-Seat-Weld-Ferrules-Dixon.jpg\",\"width\":379,\"height\":379},{\"@type\":\"BreadcrumbList\",\"@id\":\"https:\\\/\\\/www.zytho.ca\\\/fr\\\/produit\\\/14a-ferrules-a-souder-a-siege-biseaute-long-dixon\\\/#breadcrumb\",\"itemListElement\":[{\"@type\":\"ListItem\",\"position\":1,\"name\":\"Accueil\",\"item\":\"https:\\\/\\\/www.zytho.ca\\\/fr\\\/\"},{\"@type\":\"ListItem\",\"position\":2,\"name\":\"Shop\",\"item\":\"https:\\\/\\\/www.zytho.ca\\\/fr\\\/shop\\\/\"},{\"@type\":\"ListItem\",\"position\":3,\"name\":\"14A Ferrules \u00e0 souder \u00e0 si\u00e8ge biseaut\u00e9 long &#8211; Dixon\"}]},{\"@type\":\"WebSite\",\"@id\":\"https:\\\/\\\/www.zytho.ca\\\/fr\\\/#website\",\"url\":\"https:\\\/\\\/www.zytho.ca\\\/fr\\\/\",\"name\":\"Zytho\",\"description\":\"\",\"publisher\":{\"@id\":\"https:\\\/\\\/www.zytho.ca\\\/fr\\\/#organization\"},\"potentialAction\":[{\"@type\":\"SearchAction\",\"target\":{\"@type\":\"EntryPoint\",\"urlTemplate\":\"https:\\\/\\\/www.zytho.ca\\\/fr\\\/?s={search_term_string}\"},\"query-input\":{\"@type\":\"PropertyValueSpecification\",\"valueRequired\":true,\"valueName\":\"search_term_string\"}}],\"inLanguage\":\"fr-FR\"},{\"@type\":\"Organization\",\"@id\":\"https:\\\/\\\/www.zytho.ca\\\/fr\\\/#organization\",\"name\":\"Zytho\",\"url\":\"https:\\\/\\\/www.zytho.ca\\\/fr\\\/\",\"logo\":{\"@type\":\"ImageObject\",\"inLanguage\":\"fr-FR\",\"@id\":\"https:\\\/\\\/www.zytho.ca\\\/fr\\\/#\\\/schema\\\/logo\\\/image\\\/\",\"url\":\"https:\\\/\\\/www.zytho.ca\\\/wp-content\\\/uploads\\\/2024\\\/05\\\/Zytho_reversed_horizontal.svg\",\"contentUrl\":\"https:\\\/\\\/www.zytho.ca\\\/wp-content\\\/uploads\\\/2024\\\/05\\\/Zytho_reversed_horizontal.svg\",\"width\":1582,\"height\":490,\"caption\":\"Zytho\"},\"image\":{\"@id\":\"https:\\\/\\\/www.zytho.ca\\\/fr\\\/#\\\/schema\\\/logo\\\/image\\\/\"}}]}<\/script>\n<!-- \/ Yoast SEO plugin. -->","yoast_head_json":{"title":"14A Long Plain Bevel Seat Weld Ferrules - Dixon - For Pro Breweries | Zytho","description":"D\u00e9couvrez les embouts \u00e0 souder 14A Long Plain Bevel Seat de Dixon, con\u00e7us pour les brasseries qui doivent respecter les normes d'hygi\u00e8ne les plus strictes. Certifi\u00e9s aux normes sanitaires 3-A.","robots":{"index":"index","follow":"follow","max-snippet":"max-snippet:-1","max-image-preview":"max-image-preview:large","max-video-preview":"max-video-preview:-1"},"canonical":"https:\/\/www.zytho.ca\/fr\/produit\/14a-ferrules-a-souder-a-siege-biseaute-long-dixon\/","og_locale":"fr_FR","og_type":"article","og_title":"14A Long Plain Bevel Seat Weld Ferrules - Dixon - For Pro Breweries | Zytho","og_description":"D\u00e9couvrez les embouts \u00e0 souder 14A Long Plain Bevel Seat de Dixon, con\u00e7us pour les brasseries qui doivent respecter les normes d'hygi\u00e8ne les plus strictes. Certifi\u00e9s aux normes sanitaires 3-A.","og_url":"https:\/\/www.zytho.ca\/fr\/produit\/14a-ferrules-a-souder-a-siege-biseaute-long-dixon\/","og_site_name":"Zytho","og_image":[{"width":379,"height":379,"url":"https:\/\/www.zytho.ca\/wp-content\/uploads\/2025\/10\/14A-Long-Plain-Bevel-Seat-Weld-Ferrules-Dixon.jpg","type":"image\/jpeg"}],"twitter_card":"summary_large_image","schema":{"@context":"https:\/\/schema.org","@graph":[{"@type":"WebPage","@id":"https:\/\/www.zytho.ca\/fr\/produit\/14a-ferrules-a-souder-a-siege-biseaute-long-dixon\/","url":"https:\/\/www.zytho.ca\/fr\/produit\/14a-ferrules-a-souder-a-siege-biseaute-long-dixon\/","name":"14A Long Plain Bevel Seat Weld Ferrules - Dixon - For Pro Breweries | Zytho","isPartOf":{"@id":"https:\/\/www.zytho.ca\/fr\/#website"},"primaryImageOfPage":{"@id":"https:\/\/www.zytho.ca\/fr\/produit\/14a-ferrules-a-souder-a-siege-biseaute-long-dixon\/#primaryimage"},"image":{"@id":"https:\/\/www.zytho.ca\/fr\/produit\/14a-ferrules-a-souder-a-siege-biseaute-long-dixon\/#primaryimage"},"thumbnailUrl":"https:\/\/www.zytho.ca\/wp-content\/uploads\/2025\/10\/14A-Long-Plain-Bevel-Seat-Weld-Ferrules-Dixon.jpg","datePublished":"2025-10-27T15:54:29+00:00","description":"D\u00e9couvrez les embouts \u00e0 souder 14A Long Plain Bevel Seat de Dixon, con\u00e7us pour les brasseries qui doivent respecter les normes d'hygi\u00e8ne les plus strictes. Certifi\u00e9s aux normes sanitaires 3-A.","breadcrumb":{"@id":"https:\/\/www.zytho.ca\/fr\/produit\/14a-ferrules-a-souder-a-siege-biseaute-long-dixon\/#breadcrumb"},"inLanguage":"fr-FR","potentialAction":[{"@type":"ReadAction","target":["https:\/\/www.zytho.ca\/fr\/produit\/14a-ferrules-a-souder-a-siege-biseaute-long-dixon\/"]}]},{"@type":"ImageObject","inLanguage":"fr-FR","@id":"https:\/\/www.zytho.ca\/fr\/produit\/14a-ferrules-a-souder-a-siege-biseaute-long-dixon\/#primaryimage","url":"https:\/\/www.zytho.ca\/wp-content\/uploads\/2025\/10\/14A-Long-Plain-Bevel-Seat-Weld-Ferrules-Dixon.jpg","contentUrl":"https:\/\/www.zytho.ca\/wp-content\/uploads\/2025\/10\/14A-Long-Plain-Bevel-Seat-Weld-Ferrules-Dixon.jpg","width":379,"height":379},{"@type":"BreadcrumbList","@id":"https:\/\/www.zytho.ca\/fr\/produit\/14a-ferrules-a-souder-a-siege-biseaute-long-dixon\/#breadcrumb","itemListElement":[{"@type":"ListItem","position":1,"name":"Accueil","item":"https:\/\/www.zytho.ca\/fr\/"},{"@type":"ListItem","position":2,"name":"Shop","item":"https:\/\/www.zytho.ca\/fr\/shop\/"},{"@type":"ListItem","position":3,"name":"14A Ferrules \u00e0 souder \u00e0 si\u00e8ge biseaut\u00e9 long &#8211; Dixon"}]},{"@type":"WebSite","@id":"https:\/\/www.zytho.ca\/fr\/#website","url":"https:\/\/www.zytho.ca\/fr\/","name":"Zytho","description":"","publisher":{"@id":"https:\/\/www.zytho.ca\/fr\/#organization"},"potentialAction":[{"@type":"SearchAction","target":{"@type":"EntryPoint","urlTemplate":"https:\/\/www.zytho.ca\/fr\/?s={search_term_string}"},"query-input":{"@type":"PropertyValueSpecification","valueRequired":true,"valueName":"search_term_string"}}],"inLanguage":"fr-FR"},{"@type":"Organization","@id":"https:\/\/www.zytho.ca\/fr\/#organization","name":"Zytho","url":"https:\/\/www.zytho.ca\/fr\/","logo":{"@type":"ImageObject","inLanguage":"fr-FR","@id":"https:\/\/www.zytho.ca\/fr\/#\/schema\/logo\/image\/","url":"https:\/\/www.zytho.ca\/wp-content\/uploads\/2024\/05\/Zytho_reversed_horizontal.svg","contentUrl":"https:\/\/www.zytho.ca\/wp-content\/uploads\/2024\/05\/Zytho_reversed_horizontal.svg","width":1582,"height":490,"caption":"Zytho"},"image":{"@id":"https:\/\/www.zytho.ca\/fr\/#\/schema\/logo\/image\/"}}]}},"_links":{"self":[{"href":"https:\/\/www.zytho.ca\/fr\/wp-json\/wp\/v2\/product\/10165","targetHints":{"allow":["GET"]}}],"collection":[{"href":"https:\/\/www.zytho.ca\/fr\/wp-json\/wp\/v2\/product"}],"about":[{"href":"https:\/\/www.zytho.ca\/fr\/wp-json\/wp\/v2\/types\/product"}],"wp:featuredmedia":[{"embeddable":true,"href":"https:\/\/www.zytho.ca\/fr\/wp-json\/wp\/v2\/media\/10166"}],"wp:attachment":[{"href":"https:\/\/www.zytho.ca\/fr\/wp-json\/wp\/v2\/media?parent=10165"}],"wp:term":[{"taxonomy":"product_brand","embeddable":true,"href":"https:\/\/www.zytho.ca\/fr\/wp-json\/wp\/v2\/product_brand?post=10165"},{"taxonomy":"product_cat","embeddable":true,"href":"https:\/\/www.zytho.ca\/fr\/wp-json\/wp\/v2\/product_cat?post=10165"},{"taxonomy":"product_tag","embeddable":true,"href":"https:\/\/www.zytho.ca\/fr\/wp-json\/wp\/v2\/product_tag?post=10165"}],"curies":[{"name":"wp","href":"https:\/\/api.w.org\/{rel}","templated":true}]}}