{"id":10164,"date":"2025-10-27T15:54:24","date_gmt":"2025-10-27T15:54:24","guid":{"rendered":"https:\/\/zytho.ca\/product\/ferrules-a-souder-a-siege-biseaute-15a-a-filetage-long-dixon\/"},"modified":"2025-10-27T15:54:24","modified_gmt":"2025-10-27T15:54:24","slug":"ferrules-a-souder-a-siege-biseaute-15a-a-filetage-long-dixon","status":"publish","type":"product","link":"https:\/\/www.zytho.ca\/fr\/produit\/ferrules-a-souder-a-siege-biseaute-15a-a-filetage-long-dixon\/","title":{"rendered":"Ferrules \u00e0 souder \u00e0 si\u00e8ge biseaut\u00e9 15A \u00e0 filetage long &#8211; Dixon"},"content":{"rendered":"<h6><strong>Avantages :<\/strong><\/h6>\n<ul>\n<li>Garantit la conformit\u00e9 aux exigences sanitaires strictes, ce qui en fait un outil id\u00e9al pour une utilisation dans des environnements r\u00e9glement\u00e9s.<\/li>\n<\/ul>\n<h6><strong>D\u00e9tails du produit :<\/strong><\/h6>\n<ul>\n<li>Certifi\u00e9 selon les normes sanitaires 3-A pour les raccords sanitaires, norme num\u00e9ro 63-03, avec l&#8217;autorisation num\u00e9ro 621.<\/li>\n<\/ul>\n<h6><strong>Page de catalogue :<\/strong><\/h6>\n<ul>\n<li><a href=\"https:\/\/www.dixonvalve.com\/sites\/default\/files\/product\/pages\/us\/DPL418%20-%20591.pdf\">DPL418 &#8211; 591<\/a><\/li>\n<\/ul>\n<h6><strong>Certifications :<\/strong><\/h6>\n<ul>\n<li><a href=\"https:\/\/www.dixonvalve.com\/sites\/default\/files\/product\/certifications\/621%2063-04-2020.pdf\">Acc\u00e9der au document de certification 3A<\/a><\/li>\n<\/ul>\n","protected":false},"excerpt":{"rendered":"<h4>Principaux avantages des ferrures \u00e0 souder \u00e0 si\u00e8ge biseaut\u00e9 et \u00e0 filetage long de 15A pour les brasseurs professionnels<\/h4>\n<ul>\n<li>Garantit le respect de normes sanitaires strictes, id\u00e9al pour maintenir la puret\u00e9 dans les processus de brassage.<\/li>\n<li>Certifi\u00e9 selon les normes sanitaires 3-A, ce qui garantit la qualit\u00e9 et la fiabilit\u00e9 des raccords sanitaires.<\/li>\n<li>Soutenu par une documentation officielle, offrant transparence et confiance dans l&#8217;int\u00e9grit\u00e9 du produit.<\/li>\n<\/ul>\n","protected":false},"featured_media":10167,"template":"","meta":{"_acf_changed":false,"inline_featured_image":false},"product_brand":[740],"product_cat":[736,741,765],"product_tag":[],"class_list":{"0":"post-10164","1":"product","2":"type-product","3":"status-publish","4":"has-post-thumbnail","6":"product_brand-dixon","7":"product_cat-distribution","8":"product_cat-materiel","9":"product_cat-raccords-sanitaires","11":"first","12":"instock","13":"taxable","14":"shipping-taxable","15":"purchasable","16":"product-type-variable"},"acf":[],"yoast_head":"<!-- This site is optimized with the Yoast SEO plugin v27.6 - https:\/\/yoast.com\/product\/yoast-seo-wordpress\/ -->\n<title>15A Long Threaded Bevel Seat Weld Ferrules - Dixon - For Pro Breweries | Zytho<\/title>\n<meta name=\"description\" content=\"D\u00e9couvrez les embouts \u00e0 souder \u00e0 si\u00e8ge biseaut\u00e9 15A de Dixon, con\u00e7us pour r\u00e9pondre \u00e0 des normes sanitaires strictes, parfaits pour les brasseurs professionnels \u00e0 la recherche d&#039;une conformit\u00e9 fiable.\" \/>\n<meta name=\"robots\" content=\"index, follow, max-snippet:-1, max-image-preview:large, max-video-preview:-1\" \/>\n<link rel=\"canonical\" href=\"https:\/\/www.zytho.ca\/fr\/produit\/ferrules-a-souder-a-siege-biseaute-15a-a-filetage-long-dixon\/\" \/>\n<meta property=\"og:locale\" content=\"fr_FR\" \/>\n<meta property=\"og:type\" content=\"article\" \/>\n<meta property=\"og:title\" content=\"15A Long Threaded Bevel Seat Weld Ferrules - Dixon - For Pro Breweries | Zytho\" \/>\n<meta property=\"og:description\" content=\"D\u00e9couvrez les embouts \u00e0 souder \u00e0 si\u00e8ge biseaut\u00e9 15A de Dixon, con\u00e7us pour r\u00e9pondre \u00e0 des normes sanitaires strictes, parfaits pour les brasseurs professionnels \u00e0 la recherche d&#039;une conformit\u00e9 fiable.\" \/>\n<meta property=\"og:url\" content=\"https:\/\/www.zytho.ca\/fr\/produit\/ferrules-a-souder-a-siege-biseaute-15a-a-filetage-long-dixon\/\" \/>\n<meta property=\"og:site_name\" content=\"Zytho\" \/>\n<meta property=\"og:image\" content=\"https:\/\/www.zytho.ca\/wp-content\/uploads\/2025\/10\/15A-Long-Threaded-Bevel-Seat-Weld-Ferrules-Dixon.jpg\" \/>\n\t<meta property=\"og:image:width\" content=\"282\" \/>\n\t<meta property=\"og:image:height\" content=\"282\" \/>\n\t<meta property=\"og:image:type\" content=\"image\/jpeg\" \/>\n<meta name=\"twitter:card\" content=\"summary_large_image\" \/>\n<script type=\"application\/ld+json\" class=\"yoast-schema-graph\">{\"@context\":\"https:\\\/\\\/schema.org\",\"@graph\":[{\"@type\":\"WebPage\",\"@id\":\"https:\\\/\\\/www.zytho.ca\\\/fr\\\/produit\\\/ferrules-a-souder-a-siege-biseaute-15a-a-filetage-long-dixon\\\/\",\"url\":\"https:\\\/\\\/www.zytho.ca\\\/fr\\\/produit\\\/ferrules-a-souder-a-siege-biseaute-15a-a-filetage-long-dixon\\\/\",\"name\":\"15A Long Threaded Bevel Seat Weld Ferrules - Dixon - For Pro Breweries | Zytho\",\"isPartOf\":{\"@id\":\"https:\\\/\\\/www.zytho.ca\\\/fr\\\/#website\"},\"primaryImageOfPage\":{\"@id\":\"https:\\\/\\\/www.zytho.ca\\\/fr\\\/produit\\\/ferrules-a-souder-a-siege-biseaute-15a-a-filetage-long-dixon\\\/#primaryimage\"},\"image\":{\"@id\":\"https:\\\/\\\/www.zytho.ca\\\/fr\\\/produit\\\/ferrules-a-souder-a-siege-biseaute-15a-a-filetage-long-dixon\\\/#primaryimage\"},\"thumbnailUrl\":\"https:\\\/\\\/www.zytho.ca\\\/wp-content\\\/uploads\\\/2025\\\/10\\\/15A-Long-Threaded-Bevel-Seat-Weld-Ferrules-Dixon.jpg\",\"datePublished\":\"2025-10-27T15:54:24+00:00\",\"description\":\"D\u00e9couvrez les embouts \u00e0 souder \u00e0 si\u00e8ge biseaut\u00e9 15A de Dixon, con\u00e7us pour r\u00e9pondre \u00e0 des normes sanitaires strictes, parfaits pour les brasseurs professionnels \u00e0 la recherche d'une conformit\u00e9 fiable.\",\"breadcrumb\":{\"@id\":\"https:\\\/\\\/www.zytho.ca\\\/fr\\\/produit\\\/ferrules-a-souder-a-siege-biseaute-15a-a-filetage-long-dixon\\\/#breadcrumb\"},\"inLanguage\":\"fr-FR\",\"potentialAction\":[{\"@type\":\"ReadAction\",\"target\":[\"https:\\\/\\\/www.zytho.ca\\\/fr\\\/produit\\\/ferrules-a-souder-a-siege-biseaute-15a-a-filetage-long-dixon\\\/\"]}]},{\"@type\":\"ImageObject\",\"inLanguage\":\"fr-FR\",\"@id\":\"https:\\\/\\\/www.zytho.ca\\\/fr\\\/produit\\\/ferrules-a-souder-a-siege-biseaute-15a-a-filetage-long-dixon\\\/#primaryimage\",\"url\":\"https:\\\/\\\/www.zytho.ca\\\/wp-content\\\/uploads\\\/2025\\\/10\\\/15A-Long-Threaded-Bevel-Seat-Weld-Ferrules-Dixon.jpg\",\"contentUrl\":\"https:\\\/\\\/www.zytho.ca\\\/wp-content\\\/uploads\\\/2025\\\/10\\\/15A-Long-Threaded-Bevel-Seat-Weld-Ferrules-Dixon.jpg\",\"width\":282,\"height\":282},{\"@type\":\"BreadcrumbList\",\"@id\":\"https:\\\/\\\/www.zytho.ca\\\/fr\\\/produit\\\/ferrules-a-souder-a-siege-biseaute-15a-a-filetage-long-dixon\\\/#breadcrumb\",\"itemListElement\":[{\"@type\":\"ListItem\",\"position\":1,\"name\":\"Accueil\",\"item\":\"https:\\\/\\\/www.zytho.ca\\\/fr\\\/\"},{\"@type\":\"ListItem\",\"position\":2,\"name\":\"Shop\",\"item\":\"https:\\\/\\\/www.zytho.ca\\\/fr\\\/shop\\\/\"},{\"@type\":\"ListItem\",\"position\":3,\"name\":\"Ferrules \u00e0 souder \u00e0 si\u00e8ge biseaut\u00e9 15A \u00e0 filetage long &#8211; Dixon\"}]},{\"@type\":\"WebSite\",\"@id\":\"https:\\\/\\\/www.zytho.ca\\\/fr\\\/#website\",\"url\":\"https:\\\/\\\/www.zytho.ca\\\/fr\\\/\",\"name\":\"Zytho\",\"description\":\"\",\"publisher\":{\"@id\":\"https:\\\/\\\/www.zytho.ca\\\/fr\\\/#organization\"},\"potentialAction\":[{\"@type\":\"SearchAction\",\"target\":{\"@type\":\"EntryPoint\",\"urlTemplate\":\"https:\\\/\\\/www.zytho.ca\\\/fr\\\/?s={search_term_string}\"},\"query-input\":{\"@type\":\"PropertyValueSpecification\",\"valueRequired\":true,\"valueName\":\"search_term_string\"}}],\"inLanguage\":\"fr-FR\"},{\"@type\":\"Organization\",\"@id\":\"https:\\\/\\\/www.zytho.ca\\\/fr\\\/#organization\",\"name\":\"Zytho\",\"url\":\"https:\\\/\\\/www.zytho.ca\\\/fr\\\/\",\"logo\":{\"@type\":\"ImageObject\",\"inLanguage\":\"fr-FR\",\"@id\":\"https:\\\/\\\/www.zytho.ca\\\/fr\\\/#\\\/schema\\\/logo\\\/image\\\/\",\"url\":\"https:\\\/\\\/www.zytho.ca\\\/wp-content\\\/uploads\\\/2024\\\/05\\\/Zytho_reversed_horizontal.svg\",\"contentUrl\":\"https:\\\/\\\/www.zytho.ca\\\/wp-content\\\/uploads\\\/2024\\\/05\\\/Zytho_reversed_horizontal.svg\",\"width\":1582,\"height\":490,\"caption\":\"Zytho\"},\"image\":{\"@id\":\"https:\\\/\\\/www.zytho.ca\\\/fr\\\/#\\\/schema\\\/logo\\\/image\\\/\"}}]}<\/script>\n<!-- \/ Yoast SEO plugin. -->","yoast_head_json":{"title":"15A Long Threaded Bevel Seat Weld Ferrules - Dixon - For Pro Breweries | Zytho","description":"D\u00e9couvrez les embouts \u00e0 souder \u00e0 si\u00e8ge biseaut\u00e9 15A de Dixon, con\u00e7us pour r\u00e9pondre \u00e0 des normes sanitaires strictes, parfaits pour les brasseurs professionnels \u00e0 la recherche d'une conformit\u00e9 fiable.","robots":{"index":"index","follow":"follow","max-snippet":"max-snippet:-1","max-image-preview":"max-image-preview:large","max-video-preview":"max-video-preview:-1"},"canonical":"https:\/\/www.zytho.ca\/fr\/produit\/ferrules-a-souder-a-siege-biseaute-15a-a-filetage-long-dixon\/","og_locale":"fr_FR","og_type":"article","og_title":"15A Long Threaded Bevel Seat Weld Ferrules - Dixon - For Pro Breweries | Zytho","og_description":"D\u00e9couvrez les embouts \u00e0 souder \u00e0 si\u00e8ge biseaut\u00e9 15A de Dixon, con\u00e7us pour r\u00e9pondre \u00e0 des normes sanitaires strictes, parfaits pour les brasseurs professionnels \u00e0 la recherche d'une conformit\u00e9 fiable.","og_url":"https:\/\/www.zytho.ca\/fr\/produit\/ferrules-a-souder-a-siege-biseaute-15a-a-filetage-long-dixon\/","og_site_name":"Zytho","og_image":[{"width":282,"height":282,"url":"https:\/\/www.zytho.ca\/wp-content\/uploads\/2025\/10\/15A-Long-Threaded-Bevel-Seat-Weld-Ferrules-Dixon.jpg","type":"image\/jpeg"}],"twitter_card":"summary_large_image","schema":{"@context":"https:\/\/schema.org","@graph":[{"@type":"WebPage","@id":"https:\/\/www.zytho.ca\/fr\/produit\/ferrules-a-souder-a-siege-biseaute-15a-a-filetage-long-dixon\/","url":"https:\/\/www.zytho.ca\/fr\/produit\/ferrules-a-souder-a-siege-biseaute-15a-a-filetage-long-dixon\/","name":"15A Long Threaded Bevel Seat Weld Ferrules - Dixon - For Pro Breweries | Zytho","isPartOf":{"@id":"https:\/\/www.zytho.ca\/fr\/#website"},"primaryImageOfPage":{"@id":"https:\/\/www.zytho.ca\/fr\/produit\/ferrules-a-souder-a-siege-biseaute-15a-a-filetage-long-dixon\/#primaryimage"},"image":{"@id":"https:\/\/www.zytho.ca\/fr\/produit\/ferrules-a-souder-a-siege-biseaute-15a-a-filetage-long-dixon\/#primaryimage"},"thumbnailUrl":"https:\/\/www.zytho.ca\/wp-content\/uploads\/2025\/10\/15A-Long-Threaded-Bevel-Seat-Weld-Ferrules-Dixon.jpg","datePublished":"2025-10-27T15:54:24+00:00","description":"D\u00e9couvrez les embouts \u00e0 souder \u00e0 si\u00e8ge biseaut\u00e9 15A de Dixon, con\u00e7us pour r\u00e9pondre \u00e0 des normes sanitaires strictes, parfaits pour les brasseurs professionnels \u00e0 la recherche d'une conformit\u00e9 fiable.","breadcrumb":{"@id":"https:\/\/www.zytho.ca\/fr\/produit\/ferrules-a-souder-a-siege-biseaute-15a-a-filetage-long-dixon\/#breadcrumb"},"inLanguage":"fr-FR","potentialAction":[{"@type":"ReadAction","target":["https:\/\/www.zytho.ca\/fr\/produit\/ferrules-a-souder-a-siege-biseaute-15a-a-filetage-long-dixon\/"]}]},{"@type":"ImageObject","inLanguage":"fr-FR","@id":"https:\/\/www.zytho.ca\/fr\/produit\/ferrules-a-souder-a-siege-biseaute-15a-a-filetage-long-dixon\/#primaryimage","url":"https:\/\/www.zytho.ca\/wp-content\/uploads\/2025\/10\/15A-Long-Threaded-Bevel-Seat-Weld-Ferrules-Dixon.jpg","contentUrl":"https:\/\/www.zytho.ca\/wp-content\/uploads\/2025\/10\/15A-Long-Threaded-Bevel-Seat-Weld-Ferrules-Dixon.jpg","width":282,"height":282},{"@type":"BreadcrumbList","@id":"https:\/\/www.zytho.ca\/fr\/produit\/ferrules-a-souder-a-siege-biseaute-15a-a-filetage-long-dixon\/#breadcrumb","itemListElement":[{"@type":"ListItem","position":1,"name":"Accueil","item":"https:\/\/www.zytho.ca\/fr\/"},{"@type":"ListItem","position":2,"name":"Shop","item":"https:\/\/www.zytho.ca\/fr\/shop\/"},{"@type":"ListItem","position":3,"name":"Ferrules \u00e0 souder \u00e0 si\u00e8ge biseaut\u00e9 15A \u00e0 filetage long &#8211; Dixon"}]},{"@type":"WebSite","@id":"https:\/\/www.zytho.ca\/fr\/#website","url":"https:\/\/www.zytho.ca\/fr\/","name":"Zytho","description":"","publisher":{"@id":"https:\/\/www.zytho.ca\/fr\/#organization"},"potentialAction":[{"@type":"SearchAction","target":{"@type":"EntryPoint","urlTemplate":"https:\/\/www.zytho.ca\/fr\/?s={search_term_string}"},"query-input":{"@type":"PropertyValueSpecification","valueRequired":true,"valueName":"search_term_string"}}],"inLanguage":"fr-FR"},{"@type":"Organization","@id":"https:\/\/www.zytho.ca\/fr\/#organization","name":"Zytho","url":"https:\/\/www.zytho.ca\/fr\/","logo":{"@type":"ImageObject","inLanguage":"fr-FR","@id":"https:\/\/www.zytho.ca\/fr\/#\/schema\/logo\/image\/","url":"https:\/\/www.zytho.ca\/wp-content\/uploads\/2024\/05\/Zytho_reversed_horizontal.svg","contentUrl":"https:\/\/www.zytho.ca\/wp-content\/uploads\/2024\/05\/Zytho_reversed_horizontal.svg","width":1582,"height":490,"caption":"Zytho"},"image":{"@id":"https:\/\/www.zytho.ca\/fr\/#\/schema\/logo\/image\/"}}]}},"_links":{"self":[{"href":"https:\/\/www.zytho.ca\/fr\/wp-json\/wp\/v2\/product\/10164","targetHints":{"allow":["GET"]}}],"collection":[{"href":"https:\/\/www.zytho.ca\/fr\/wp-json\/wp\/v2\/product"}],"about":[{"href":"https:\/\/www.zytho.ca\/fr\/wp-json\/wp\/v2\/types\/product"}],"wp:featuredmedia":[{"embeddable":true,"href":"https:\/\/www.zytho.ca\/fr\/wp-json\/wp\/v2\/media\/10167"}],"wp:attachment":[{"href":"https:\/\/www.zytho.ca\/fr\/wp-json\/wp\/v2\/media?parent=10164"}],"wp:term":[{"taxonomy":"product_brand","embeddable":true,"href":"https:\/\/www.zytho.ca\/fr\/wp-json\/wp\/v2\/product_brand?post=10164"},{"taxonomy":"product_cat","embeddable":true,"href":"https:\/\/www.zytho.ca\/fr\/wp-json\/wp\/v2\/product_cat?post=10164"},{"taxonomy":"product_tag","embeddable":true,"href":"https:\/\/www.zytho.ca\/fr\/wp-json\/wp\/v2\/product_tag?post=10164"}],"curies":[{"name":"wp","href":"https:\/\/api.w.org\/{rel}","templated":true}]}}