{"id":10121,"date":"2025-10-27T15:54:37","date_gmt":"2025-10-27T15:54:37","guid":{"rendered":"https:\/\/zytho.ca\/product\/manchons-en-polypropylene-pour-tuyauterie-schedule-dixon\/"},"modified":"2025-11-10T10:35:15","modified_gmt":"2025-11-10T10:35:15","slug":"manchons-en-polypropylene-pour-tuyauterie-schedule-dixon","status":"publish","type":"product","link":"https:\/\/www.zytho.ca\/fr\/produit\/manchons-en-polypropylene-pour-tuyauterie-schedule-dixon\/","title":{"rendered":"Manchons en polypropyl\u00e8ne pour tuyauterie Schedule &#8211; Dixon"},"content":{"rendered":"<h6><strong>Con\u00e7u sp\u00e9cifiquement pour \u00eatre compatible avec les <a title=\"Crochets hexagonaux pour tuyaux\" href=\"https:\/\/www.gormansmith.com\/products\/hex-pipe-hangers\">crochets hexagonaux pour tuyaux.<\/a><\/strong><\/h6>\n<h6><strong>Avantages :<\/strong><\/h6>\n<ul>\n<li>Assure un support s\u00fbr et stable pour les syst\u00e8mes de tuyauterie.<\/li>\n<li>Optimis\u00e9 pour une installation et une maintenance efficaces.<\/li>\n<li>Con\u00e7u pour durer dans des environnements exigeants.<\/li>\n<\/ul>\n<h6><strong>D\u00e9tails du produit :<\/strong><\/h6>\n<ul>\n<li>Reportez-vous \u00e0 la page du catalogue : <a href=\"https:\/\/www.dixonvalve.com\/sites\/default\/files\/product\/pages\/us\/DPL418%20-%20602.pdf\">DPL418 &#8211; 602<\/a><\/li>\n<\/ul>\n","protected":false},"excerpt":{"rendered":"<h4>Principaux avantages des manchons en polypropyl\u00e8ne Hanger pour les brasseurs professionnels<\/h4>\n<ul>\n<li>Garantit un support fiable et stable pour les syst\u00e8mes de tuyauterie des brasseries.<\/li>\n<li>Facilite l&#8217;installation et la maintenance, minimisant ainsi les temps d&#8217;arr\u00eat.<\/li>\n<li>Con\u00e7u pour r\u00e9sister aux conditions exigeantes des environnements de brassage.<\/li>\n<\/ul>\n","protected":false},"featured_media":10128,"template":"","meta":{"_acf_changed":false,"inline_featured_image":false},"product_brand":[740],"product_cat":[736,741,749],"product_tag":[],"class_list":{"0":"post-10121","1":"product","2":"type-product","3":"status-publish","4":"has-post-thumbnail","6":"product_brand-dixon","7":"product_cat-distribution","8":"product_cat-materiel","9":"product_cat-quincaillerie-industrielle","11":"first","12":"instock","13":"taxable","14":"shipping-taxable","15":"purchasable","16":"product-type-variable"},"acf":[],"yoast_head":"<!-- This site is optimized with the Yoast SEO plugin v27.6 - https:\/\/yoast.com\/product\/yoast-seo-wordpress\/ -->\n<title>Manchons en polypropyl\u00e8ne pour tuyauterie Schedule - Dixon - Pour brasseries pro | Zytho<\/title>\n<meta name=\"description\" content=\"D\u00e9couvrez les manchons en polypropyl\u00e8ne Dixon&#039;s Hanger, con\u00e7us pour les cintres hexagonaux, qui assurent un support s\u00fbr, durable et efficace pour les syst\u00e8mes de brasserie professionnels.\" \/>\n<meta name=\"robots\" content=\"index, follow, max-snippet:-1, max-image-preview:large, max-video-preview:-1\" \/>\n<link rel=\"canonical\" href=\"https:\/\/www.zytho.ca\/fr\/produit\/manchons-en-polypropylene-pour-tuyauterie-schedule-dixon\/\" \/>\n<meta property=\"og:locale\" content=\"fr_FR\" \/>\n<meta property=\"og:type\" content=\"article\" \/>\n<meta property=\"og:title\" content=\"Manchons en polypropyl\u00e8ne pour tuyauterie Schedule - Dixon - Pour brasseries pro | Zytho\" \/>\n<meta property=\"og:description\" content=\"D\u00e9couvrez les manchons en polypropyl\u00e8ne Dixon&#039;s Hanger, con\u00e7us pour les cintres hexagonaux, qui assurent un support s\u00fbr, durable et efficace pour les syst\u00e8mes de brasserie professionnels.\" \/>\n<meta property=\"og:url\" content=\"https:\/\/www.zytho.ca\/fr\/produit\/manchons-en-polypropylene-pour-tuyauterie-schedule-dixon\/\" \/>\n<meta property=\"og:site_name\" content=\"Zytho\" \/>\n<meta property=\"article:modified_time\" content=\"2025-11-10T10:35:15+00:00\" \/>\n<meta property=\"og:image\" content=\"https:\/\/www.zytho.ca\/wp-content\/uploads\/2025\/10\/Hanger-Polypropylene-Sleeves-for-Schedule-Piping-Dixon.jpg\" \/>\n\t<meta property=\"og:image:width\" content=\"359\" \/>\n\t<meta property=\"og:image:height\" content=\"359\" \/>\n\t<meta property=\"og:image:type\" content=\"image\/jpeg\" \/>\n<meta name=\"twitter:card\" content=\"summary_large_image\" \/>\n<script type=\"application\/ld+json\" class=\"yoast-schema-graph\">{\"@context\":\"https:\\\/\\\/schema.org\",\"@graph\":[{\"@type\":\"WebPage\",\"@id\":\"https:\\\/\\\/www.zytho.ca\\\/fr\\\/produit\\\/manchons-en-polypropylene-pour-tuyauterie-schedule-dixon\\\/\",\"url\":\"https:\\\/\\\/www.zytho.ca\\\/fr\\\/produit\\\/manchons-en-polypropylene-pour-tuyauterie-schedule-dixon\\\/\",\"name\":\"Manchons en polypropyl\u00e8ne pour tuyauterie Schedule - Dixon - Pour brasseries pro | Zytho\",\"isPartOf\":{\"@id\":\"https:\\\/\\\/www.zytho.ca\\\/fr\\\/#website\"},\"primaryImageOfPage\":{\"@id\":\"https:\\\/\\\/www.zytho.ca\\\/fr\\\/produit\\\/manchons-en-polypropylene-pour-tuyauterie-schedule-dixon\\\/#primaryimage\"},\"image\":{\"@id\":\"https:\\\/\\\/www.zytho.ca\\\/fr\\\/produit\\\/manchons-en-polypropylene-pour-tuyauterie-schedule-dixon\\\/#primaryimage\"},\"thumbnailUrl\":\"https:\\\/\\\/www.zytho.ca\\\/wp-content\\\/uploads\\\/2025\\\/10\\\/Hanger-Polypropylene-Sleeves-for-Schedule-Piping-Dixon.jpg\",\"datePublished\":\"2025-10-27T15:54:37+00:00\",\"dateModified\":\"2025-11-10T10:35:15+00:00\",\"description\":\"D\u00e9couvrez les manchons en polypropyl\u00e8ne Dixon's Hanger, con\u00e7us pour les cintres hexagonaux, qui assurent un support s\u00fbr, durable et efficace pour les syst\u00e8mes de brasserie professionnels.\",\"breadcrumb\":{\"@id\":\"https:\\\/\\\/www.zytho.ca\\\/fr\\\/produit\\\/manchons-en-polypropylene-pour-tuyauterie-schedule-dixon\\\/#breadcrumb\"},\"inLanguage\":\"fr-FR\",\"potentialAction\":[{\"@type\":\"ReadAction\",\"target\":[\"https:\\\/\\\/www.zytho.ca\\\/fr\\\/produit\\\/manchons-en-polypropylene-pour-tuyauterie-schedule-dixon\\\/\"]}]},{\"@type\":\"ImageObject\",\"inLanguage\":\"fr-FR\",\"@id\":\"https:\\\/\\\/www.zytho.ca\\\/fr\\\/produit\\\/manchons-en-polypropylene-pour-tuyauterie-schedule-dixon\\\/#primaryimage\",\"url\":\"https:\\\/\\\/www.zytho.ca\\\/wp-content\\\/uploads\\\/2025\\\/10\\\/Hanger-Polypropylene-Sleeves-for-Schedule-Piping-Dixon.jpg\",\"contentUrl\":\"https:\\\/\\\/www.zytho.ca\\\/wp-content\\\/uploads\\\/2025\\\/10\\\/Hanger-Polypropylene-Sleeves-for-Schedule-Piping-Dixon.jpg\",\"width\":359,\"height\":359},{\"@type\":\"BreadcrumbList\",\"@id\":\"https:\\\/\\\/www.zytho.ca\\\/fr\\\/produit\\\/manchons-en-polypropylene-pour-tuyauterie-schedule-dixon\\\/#breadcrumb\",\"itemListElement\":[{\"@type\":\"ListItem\",\"position\":1,\"name\":\"Accueil\",\"item\":\"https:\\\/\\\/www.zytho.ca\\\/fr\\\/\"},{\"@type\":\"ListItem\",\"position\":2,\"name\":\"Shop\",\"item\":\"https:\\\/\\\/www.zytho.ca\\\/fr\\\/shop\\\/\"},{\"@type\":\"ListItem\",\"position\":3,\"name\":\"Manchons en polypropyl\u00e8ne pour tuyauterie Schedule &#8211; Dixon\"}]},{\"@type\":\"WebSite\",\"@id\":\"https:\\\/\\\/www.zytho.ca\\\/fr\\\/#website\",\"url\":\"https:\\\/\\\/www.zytho.ca\\\/fr\\\/\",\"name\":\"Zytho\",\"description\":\"\",\"publisher\":{\"@id\":\"https:\\\/\\\/www.zytho.ca\\\/fr\\\/#organization\"},\"potentialAction\":[{\"@type\":\"SearchAction\",\"target\":{\"@type\":\"EntryPoint\",\"urlTemplate\":\"https:\\\/\\\/www.zytho.ca\\\/fr\\\/?s={search_term_string}\"},\"query-input\":{\"@type\":\"PropertyValueSpecification\",\"valueRequired\":true,\"valueName\":\"search_term_string\"}}],\"inLanguage\":\"fr-FR\"},{\"@type\":\"Organization\",\"@id\":\"https:\\\/\\\/www.zytho.ca\\\/fr\\\/#organization\",\"name\":\"Zytho\",\"url\":\"https:\\\/\\\/www.zytho.ca\\\/fr\\\/\",\"logo\":{\"@type\":\"ImageObject\",\"inLanguage\":\"fr-FR\",\"@id\":\"https:\\\/\\\/www.zytho.ca\\\/fr\\\/#\\\/schema\\\/logo\\\/image\\\/\",\"url\":\"https:\\\/\\\/www.zytho.ca\\\/wp-content\\\/uploads\\\/2024\\\/05\\\/Zytho_reversed_horizontal.svg\",\"contentUrl\":\"https:\\\/\\\/www.zytho.ca\\\/wp-content\\\/uploads\\\/2024\\\/05\\\/Zytho_reversed_horizontal.svg\",\"width\":1582,\"height\":490,\"caption\":\"Zytho\"},\"image\":{\"@id\":\"https:\\\/\\\/www.zytho.ca\\\/fr\\\/#\\\/schema\\\/logo\\\/image\\\/\"}}]}<\/script>\n<!-- \/ Yoast SEO plugin. -->","yoast_head_json":{"title":"Manchons en polypropyl\u00e8ne pour tuyauterie Schedule - Dixon - Pour brasseries pro | Zytho","description":"D\u00e9couvrez les manchons en polypropyl\u00e8ne Dixon's Hanger, con\u00e7us pour les cintres hexagonaux, qui assurent un support s\u00fbr, durable et efficace pour les syst\u00e8mes de brasserie professionnels.","robots":{"index":"index","follow":"follow","max-snippet":"max-snippet:-1","max-image-preview":"max-image-preview:large","max-video-preview":"max-video-preview:-1"},"canonical":"https:\/\/www.zytho.ca\/fr\/produit\/manchons-en-polypropylene-pour-tuyauterie-schedule-dixon\/","og_locale":"fr_FR","og_type":"article","og_title":"Manchons en polypropyl\u00e8ne pour tuyauterie Schedule - Dixon - Pour brasseries pro | Zytho","og_description":"D\u00e9couvrez les manchons en polypropyl\u00e8ne Dixon's Hanger, con\u00e7us pour les cintres hexagonaux, qui assurent un support s\u00fbr, durable et efficace pour les syst\u00e8mes de brasserie professionnels.","og_url":"https:\/\/www.zytho.ca\/fr\/produit\/manchons-en-polypropylene-pour-tuyauterie-schedule-dixon\/","og_site_name":"Zytho","article_modified_time":"2025-11-10T10:35:15+00:00","og_image":[{"width":359,"height":359,"url":"https:\/\/www.zytho.ca\/wp-content\/uploads\/2025\/10\/Hanger-Polypropylene-Sleeves-for-Schedule-Piping-Dixon.jpg","type":"image\/jpeg"}],"twitter_card":"summary_large_image","schema":{"@context":"https:\/\/schema.org","@graph":[{"@type":"WebPage","@id":"https:\/\/www.zytho.ca\/fr\/produit\/manchons-en-polypropylene-pour-tuyauterie-schedule-dixon\/","url":"https:\/\/www.zytho.ca\/fr\/produit\/manchons-en-polypropylene-pour-tuyauterie-schedule-dixon\/","name":"Manchons en polypropyl\u00e8ne pour tuyauterie Schedule - Dixon - Pour brasseries pro | Zytho","isPartOf":{"@id":"https:\/\/www.zytho.ca\/fr\/#website"},"primaryImageOfPage":{"@id":"https:\/\/www.zytho.ca\/fr\/produit\/manchons-en-polypropylene-pour-tuyauterie-schedule-dixon\/#primaryimage"},"image":{"@id":"https:\/\/www.zytho.ca\/fr\/produit\/manchons-en-polypropylene-pour-tuyauterie-schedule-dixon\/#primaryimage"},"thumbnailUrl":"https:\/\/www.zytho.ca\/wp-content\/uploads\/2025\/10\/Hanger-Polypropylene-Sleeves-for-Schedule-Piping-Dixon.jpg","datePublished":"2025-10-27T15:54:37+00:00","dateModified":"2025-11-10T10:35:15+00:00","description":"D\u00e9couvrez les manchons en polypropyl\u00e8ne Dixon's Hanger, con\u00e7us pour les cintres hexagonaux, qui assurent un support s\u00fbr, durable et efficace pour les syst\u00e8mes de brasserie professionnels.","breadcrumb":{"@id":"https:\/\/www.zytho.ca\/fr\/produit\/manchons-en-polypropylene-pour-tuyauterie-schedule-dixon\/#breadcrumb"},"inLanguage":"fr-FR","potentialAction":[{"@type":"ReadAction","target":["https:\/\/www.zytho.ca\/fr\/produit\/manchons-en-polypropylene-pour-tuyauterie-schedule-dixon\/"]}]},{"@type":"ImageObject","inLanguage":"fr-FR","@id":"https:\/\/www.zytho.ca\/fr\/produit\/manchons-en-polypropylene-pour-tuyauterie-schedule-dixon\/#primaryimage","url":"https:\/\/www.zytho.ca\/wp-content\/uploads\/2025\/10\/Hanger-Polypropylene-Sleeves-for-Schedule-Piping-Dixon.jpg","contentUrl":"https:\/\/www.zytho.ca\/wp-content\/uploads\/2025\/10\/Hanger-Polypropylene-Sleeves-for-Schedule-Piping-Dixon.jpg","width":359,"height":359},{"@type":"BreadcrumbList","@id":"https:\/\/www.zytho.ca\/fr\/produit\/manchons-en-polypropylene-pour-tuyauterie-schedule-dixon\/#breadcrumb","itemListElement":[{"@type":"ListItem","position":1,"name":"Accueil","item":"https:\/\/www.zytho.ca\/fr\/"},{"@type":"ListItem","position":2,"name":"Shop","item":"https:\/\/www.zytho.ca\/fr\/shop\/"},{"@type":"ListItem","position":3,"name":"Manchons en polypropyl\u00e8ne pour tuyauterie Schedule &#8211; Dixon"}]},{"@type":"WebSite","@id":"https:\/\/www.zytho.ca\/fr\/#website","url":"https:\/\/www.zytho.ca\/fr\/","name":"Zytho","description":"","publisher":{"@id":"https:\/\/www.zytho.ca\/fr\/#organization"},"potentialAction":[{"@type":"SearchAction","target":{"@type":"EntryPoint","urlTemplate":"https:\/\/www.zytho.ca\/fr\/?s={search_term_string}"},"query-input":{"@type":"PropertyValueSpecification","valueRequired":true,"valueName":"search_term_string"}}],"inLanguage":"fr-FR"},{"@type":"Organization","@id":"https:\/\/www.zytho.ca\/fr\/#organization","name":"Zytho","url":"https:\/\/www.zytho.ca\/fr\/","logo":{"@type":"ImageObject","inLanguage":"fr-FR","@id":"https:\/\/www.zytho.ca\/fr\/#\/schema\/logo\/image\/","url":"https:\/\/www.zytho.ca\/wp-content\/uploads\/2024\/05\/Zytho_reversed_horizontal.svg","contentUrl":"https:\/\/www.zytho.ca\/wp-content\/uploads\/2024\/05\/Zytho_reversed_horizontal.svg","width":1582,"height":490,"caption":"Zytho"},"image":{"@id":"https:\/\/www.zytho.ca\/fr\/#\/schema\/logo\/image\/"}}]}},"_links":{"self":[{"href":"https:\/\/www.zytho.ca\/fr\/wp-json\/wp\/v2\/product\/10121","targetHints":{"allow":["GET"]}}],"collection":[{"href":"https:\/\/www.zytho.ca\/fr\/wp-json\/wp\/v2\/product"}],"about":[{"href":"https:\/\/www.zytho.ca\/fr\/wp-json\/wp\/v2\/types\/product"}],"wp:featuredmedia":[{"embeddable":true,"href":"https:\/\/www.zytho.ca\/fr\/wp-json\/wp\/v2\/media\/10128"}],"wp:attachment":[{"href":"https:\/\/www.zytho.ca\/fr\/wp-json\/wp\/v2\/media?parent=10121"}],"wp:term":[{"taxonomy":"product_brand","embeddable":true,"href":"https:\/\/www.zytho.ca\/fr\/wp-json\/wp\/v2\/product_brand?post=10121"},{"taxonomy":"product_cat","embeddable":true,"href":"https:\/\/www.zytho.ca\/fr\/wp-json\/wp\/v2\/product_cat?post=10121"},{"taxonomy":"product_tag","embeddable":true,"href":"https:\/\/www.zytho.ca\/fr\/wp-json\/wp\/v2\/product_tag?post=10121"}],"curies":[{"name":"wp","href":"https:\/\/api.w.org\/{rel}","templated":true}]}}