{"id":10120,"date":"2025-10-27T15:54:50","date_gmt":"2025-10-27T15:54:50","guid":{"rendered":"https:\/\/zytho.ca\/product\/13wgc-pince-laitiere-dixon\/"},"modified":"2025-11-07T11:44:00","modified_gmt":"2025-11-07T11:44:00","slug":"13wgc-pince-laitiere-dixon","status":"publish","type":"product","link":"https:\/\/www.zytho.ca\/fr\/produit\/13wgc-pince-laitiere-dixon\/","title":{"rendered":"13WGC Pince laiti\u00e8re &#8211; Dixon"},"content":{"rendered":"<p>Le raccord sanitaire biseaut\u00e9 sans retrait 14R est un composant de haute qualit\u00e9 con\u00e7u pour des performances optimales dans les environnements de traitement sanitaire. Fabriqu\u00e9 avec pr\u00e9cision, ce raccord assure une connexion lisse et sans crevasse, minimisant le risque de contamination et facilitant le nettoyage. Id\u00e9al pour les industries n\u00e9cessitant des normes d&#8217;hygi\u00e8ne strictes, comme l&#8217;agroalimentaire, la pharmacie et la biotechnologie, le raccord 14R est construit \u00e0 partir de mat\u00e9riaux durables et r\u00e9sistants \u00e0 la corrosion pour supporter une utilisation rigoureuse. Sa conception innovante sans retrait am\u00e9liore l&#8217;efficacit\u00e9 du flux des fluides, en faisant un choix fiable pour maintenir l&#8217;int\u00e9grit\u00e9 du produit et l&#8217;efficacit\u00e9 op\u00e9rationnelle.   <\/p>\n","protected":false},"excerpt":{"rendered":"<h4>Principaux avantages de la pince laiti\u00e8re 13WGC &#8211; Dixon pour les brasseurs professionnels<\/h4>\n<ul>\n<li>Assure une connexion s\u00fbre et \u00e9tanche pour les syst\u00e8mes de brassage.<\/li>\n<li>Construit avec des mat\u00e9riaux durables pour r\u00e9sister aux environnements \u00e0 haute pression.<\/li>\n<li>Facile \u00e0 installer et \u00e0 entretenir, il r\u00e9duit les temps d&#8217;arr\u00eat et les co\u00fbts d&#8217;exploitation.<\/li>\n<\/ul>\n","protected":false},"featured_media":10122,"template":"","meta":{"_acf_changed":false,"inline_featured_image":false},"product_brand":[740],"product_cat":[736,741,765],"product_tag":[],"class_list":{"0":"post-10120","1":"product","2":"type-product","3":"status-publish","4":"has-post-thumbnail","6":"product_brand-dixon","7":"product_cat-distribution","8":"product_cat-materiel","9":"product_cat-raccords-sanitaires","11":"first","12":"instock","13":"taxable","14":"shipping-taxable","15":"purchasable","16":"product-type-variable"},"acf":[],"yoast_head":"<!-- This site is optimized with the Yoast SEO plugin v27.6 - https:\/\/yoast.com\/product\/yoast-seo-wordpress\/ -->\n<title>13WGC Clamp laitier - Dixon - Pour brasseries professionnelles | Zytho<\/title>\n<meta name=\"description\" content=\"Optimisez votre processus de brassage avec la pince laiti\u00e8re 13WGC de Dixon. Con\u00e7ue pour les brasseurs professionnels, cette pince assure des connexions s\u00fbres et efficaces dans votre installation de brassage.\" \/>\n<meta name=\"robots\" content=\"index, follow, max-snippet:-1, max-image-preview:large, max-video-preview:-1\" \/>\n<link rel=\"canonical\" href=\"https:\/\/www.zytho.ca\/fr\/produit\/13wgc-pince-laitiere-dixon\/\" \/>\n<meta property=\"og:locale\" content=\"fr_FR\" \/>\n<meta property=\"og:type\" content=\"article\" \/>\n<meta property=\"og:title\" content=\"13WGC Clamp laitier - Dixon - Pour brasseries professionnelles | Zytho\" \/>\n<meta property=\"og:description\" content=\"Optimisez votre processus de brassage avec la pince laiti\u00e8re 13WGC de Dixon. Con\u00e7ue pour les brasseurs professionnels, cette pince assure des connexions s\u00fbres et efficaces dans votre installation de brassage.\" \/>\n<meta property=\"og:url\" content=\"https:\/\/www.zytho.ca\/fr\/produit\/13wgc-pince-laitiere-dixon\/\" \/>\n<meta property=\"og:site_name\" content=\"Zytho\" \/>\n<meta property=\"article:modified_time\" content=\"2025-11-07T11:44:00+00:00\" \/>\n<meta property=\"og:image\" content=\"https:\/\/www.zytho.ca\/wp-content\/uploads\/2025\/10\/13WGC-Dairy-Clamp-Dixon.jpg\" \/>\n\t<meta property=\"og:image:width\" content=\"373\" \/>\n\t<meta property=\"og:image:height\" content=\"373\" \/>\n\t<meta property=\"og:image:type\" content=\"image\/jpeg\" \/>\n<meta name=\"twitter:card\" content=\"summary_large_image\" \/>\n<meta name=\"twitter:label1\" content=\"Dur\u00e9e de lecture estim\u00e9e\" \/>\n\t<meta name=\"twitter:data1\" content=\"1 minute\" \/>\n<script type=\"application\/ld+json\" class=\"yoast-schema-graph\">{\"@context\":\"https:\\\/\\\/schema.org\",\"@graph\":[{\"@type\":\"WebPage\",\"@id\":\"https:\\\/\\\/www.zytho.ca\\\/fr\\\/produit\\\/13wgc-pince-laitiere-dixon\\\/\",\"url\":\"https:\\\/\\\/www.zytho.ca\\\/fr\\\/produit\\\/13wgc-pince-laitiere-dixon\\\/\",\"name\":\"13WGC Clamp laitier - Dixon - Pour brasseries professionnelles | Zytho\",\"isPartOf\":{\"@id\":\"https:\\\/\\\/www.zytho.ca\\\/fr\\\/#website\"},\"primaryImageOfPage\":{\"@id\":\"https:\\\/\\\/www.zytho.ca\\\/fr\\\/produit\\\/13wgc-pince-laitiere-dixon\\\/#primaryimage\"},\"image\":{\"@id\":\"https:\\\/\\\/www.zytho.ca\\\/fr\\\/produit\\\/13wgc-pince-laitiere-dixon\\\/#primaryimage\"},\"thumbnailUrl\":\"https:\\\/\\\/www.zytho.ca\\\/wp-content\\\/uploads\\\/2025\\\/10\\\/13WGC-Dairy-Clamp-Dixon.jpg\",\"datePublished\":\"2025-10-27T15:54:50+00:00\",\"dateModified\":\"2025-11-07T11:44:00+00:00\",\"description\":\"Optimisez votre processus de brassage avec la pince laiti\u00e8re 13WGC de Dixon. Con\u00e7ue pour les brasseurs professionnels, cette pince assure des connexions s\u00fbres et efficaces dans votre installation de brassage.\",\"breadcrumb\":{\"@id\":\"https:\\\/\\\/www.zytho.ca\\\/fr\\\/produit\\\/13wgc-pince-laitiere-dixon\\\/#breadcrumb\"},\"inLanguage\":\"fr-FR\",\"potentialAction\":[{\"@type\":\"ReadAction\",\"target\":[\"https:\\\/\\\/www.zytho.ca\\\/fr\\\/produit\\\/13wgc-pince-laitiere-dixon\\\/\"]}]},{\"@type\":\"ImageObject\",\"inLanguage\":\"fr-FR\",\"@id\":\"https:\\\/\\\/www.zytho.ca\\\/fr\\\/produit\\\/13wgc-pince-laitiere-dixon\\\/#primaryimage\",\"url\":\"https:\\\/\\\/www.zytho.ca\\\/wp-content\\\/uploads\\\/2025\\\/10\\\/13WGC-Dairy-Clamp-Dixon.jpg\",\"contentUrl\":\"https:\\\/\\\/www.zytho.ca\\\/wp-content\\\/uploads\\\/2025\\\/10\\\/13WGC-Dairy-Clamp-Dixon.jpg\",\"width\":373,\"height\":373},{\"@type\":\"BreadcrumbList\",\"@id\":\"https:\\\/\\\/www.zytho.ca\\\/fr\\\/produit\\\/13wgc-pince-laitiere-dixon\\\/#breadcrumb\",\"itemListElement\":[{\"@type\":\"ListItem\",\"position\":1,\"name\":\"Accueil\",\"item\":\"https:\\\/\\\/www.zytho.ca\\\/fr\\\/\"},{\"@type\":\"ListItem\",\"position\":2,\"name\":\"Shop\",\"item\":\"https:\\\/\\\/www.zytho.ca\\\/fr\\\/shop\\\/\"},{\"@type\":\"ListItem\",\"position\":3,\"name\":\"13WGC Pince laiti\u00e8re &#8211; Dixon\"}]},{\"@type\":\"WebSite\",\"@id\":\"https:\\\/\\\/www.zytho.ca\\\/fr\\\/#website\",\"url\":\"https:\\\/\\\/www.zytho.ca\\\/fr\\\/\",\"name\":\"Zytho\",\"description\":\"\",\"publisher\":{\"@id\":\"https:\\\/\\\/www.zytho.ca\\\/fr\\\/#organization\"},\"potentialAction\":[{\"@type\":\"SearchAction\",\"target\":{\"@type\":\"EntryPoint\",\"urlTemplate\":\"https:\\\/\\\/www.zytho.ca\\\/fr\\\/?s={search_term_string}\"},\"query-input\":{\"@type\":\"PropertyValueSpecification\",\"valueRequired\":true,\"valueName\":\"search_term_string\"}}],\"inLanguage\":\"fr-FR\"},{\"@type\":\"Organization\",\"@id\":\"https:\\\/\\\/www.zytho.ca\\\/fr\\\/#organization\",\"name\":\"Zytho\",\"url\":\"https:\\\/\\\/www.zytho.ca\\\/fr\\\/\",\"logo\":{\"@type\":\"ImageObject\",\"inLanguage\":\"fr-FR\",\"@id\":\"https:\\\/\\\/www.zytho.ca\\\/fr\\\/#\\\/schema\\\/logo\\\/image\\\/\",\"url\":\"https:\\\/\\\/www.zytho.ca\\\/wp-content\\\/uploads\\\/2024\\\/05\\\/Zytho_reversed_horizontal.svg\",\"contentUrl\":\"https:\\\/\\\/www.zytho.ca\\\/wp-content\\\/uploads\\\/2024\\\/05\\\/Zytho_reversed_horizontal.svg\",\"width\":1582,\"height\":490,\"caption\":\"Zytho\"},\"image\":{\"@id\":\"https:\\\/\\\/www.zytho.ca\\\/fr\\\/#\\\/schema\\\/logo\\\/image\\\/\"}}]}<\/script>\n<!-- \/ Yoast SEO plugin. -->","yoast_head_json":{"title":"13WGC Clamp laitier - Dixon - Pour brasseries professionnelles | Zytho","description":"Optimisez votre processus de brassage avec la pince laiti\u00e8re 13WGC de Dixon. Con\u00e7ue pour les brasseurs professionnels, cette pince assure des connexions s\u00fbres et efficaces dans votre installation de brassage.","robots":{"index":"index","follow":"follow","max-snippet":"max-snippet:-1","max-image-preview":"max-image-preview:large","max-video-preview":"max-video-preview:-1"},"canonical":"https:\/\/www.zytho.ca\/fr\/produit\/13wgc-pince-laitiere-dixon\/","og_locale":"fr_FR","og_type":"article","og_title":"13WGC Clamp laitier - Dixon - Pour brasseries professionnelles | Zytho","og_description":"Optimisez votre processus de brassage avec la pince laiti\u00e8re 13WGC de Dixon. Con\u00e7ue pour les brasseurs professionnels, cette pince assure des connexions s\u00fbres et efficaces dans votre installation de brassage.","og_url":"https:\/\/www.zytho.ca\/fr\/produit\/13wgc-pince-laitiere-dixon\/","og_site_name":"Zytho","article_modified_time":"2025-11-07T11:44:00+00:00","og_image":[{"width":373,"height":373,"url":"https:\/\/www.zytho.ca\/wp-content\/uploads\/2025\/10\/13WGC-Dairy-Clamp-Dixon.jpg","type":"image\/jpeg"}],"twitter_card":"summary_large_image","twitter_misc":{"Dur\u00e9e de lecture estim\u00e9e":"1 minute"},"schema":{"@context":"https:\/\/schema.org","@graph":[{"@type":"WebPage","@id":"https:\/\/www.zytho.ca\/fr\/produit\/13wgc-pince-laitiere-dixon\/","url":"https:\/\/www.zytho.ca\/fr\/produit\/13wgc-pince-laitiere-dixon\/","name":"13WGC Clamp laitier - Dixon - Pour brasseries professionnelles | Zytho","isPartOf":{"@id":"https:\/\/www.zytho.ca\/fr\/#website"},"primaryImageOfPage":{"@id":"https:\/\/www.zytho.ca\/fr\/produit\/13wgc-pince-laitiere-dixon\/#primaryimage"},"image":{"@id":"https:\/\/www.zytho.ca\/fr\/produit\/13wgc-pince-laitiere-dixon\/#primaryimage"},"thumbnailUrl":"https:\/\/www.zytho.ca\/wp-content\/uploads\/2025\/10\/13WGC-Dairy-Clamp-Dixon.jpg","datePublished":"2025-10-27T15:54:50+00:00","dateModified":"2025-11-07T11:44:00+00:00","description":"Optimisez votre processus de brassage avec la pince laiti\u00e8re 13WGC de Dixon. Con\u00e7ue pour les brasseurs professionnels, cette pince assure des connexions s\u00fbres et efficaces dans votre installation de brassage.","breadcrumb":{"@id":"https:\/\/www.zytho.ca\/fr\/produit\/13wgc-pince-laitiere-dixon\/#breadcrumb"},"inLanguage":"fr-FR","potentialAction":[{"@type":"ReadAction","target":["https:\/\/www.zytho.ca\/fr\/produit\/13wgc-pince-laitiere-dixon\/"]}]},{"@type":"ImageObject","inLanguage":"fr-FR","@id":"https:\/\/www.zytho.ca\/fr\/produit\/13wgc-pince-laitiere-dixon\/#primaryimage","url":"https:\/\/www.zytho.ca\/wp-content\/uploads\/2025\/10\/13WGC-Dairy-Clamp-Dixon.jpg","contentUrl":"https:\/\/www.zytho.ca\/wp-content\/uploads\/2025\/10\/13WGC-Dairy-Clamp-Dixon.jpg","width":373,"height":373},{"@type":"BreadcrumbList","@id":"https:\/\/www.zytho.ca\/fr\/produit\/13wgc-pince-laitiere-dixon\/#breadcrumb","itemListElement":[{"@type":"ListItem","position":1,"name":"Accueil","item":"https:\/\/www.zytho.ca\/fr\/"},{"@type":"ListItem","position":2,"name":"Shop","item":"https:\/\/www.zytho.ca\/fr\/shop\/"},{"@type":"ListItem","position":3,"name":"13WGC Pince laiti\u00e8re &#8211; Dixon"}]},{"@type":"WebSite","@id":"https:\/\/www.zytho.ca\/fr\/#website","url":"https:\/\/www.zytho.ca\/fr\/","name":"Zytho","description":"","publisher":{"@id":"https:\/\/www.zytho.ca\/fr\/#organization"},"potentialAction":[{"@type":"SearchAction","target":{"@type":"EntryPoint","urlTemplate":"https:\/\/www.zytho.ca\/fr\/?s={search_term_string}"},"query-input":{"@type":"PropertyValueSpecification","valueRequired":true,"valueName":"search_term_string"}}],"inLanguage":"fr-FR"},{"@type":"Organization","@id":"https:\/\/www.zytho.ca\/fr\/#organization","name":"Zytho","url":"https:\/\/www.zytho.ca\/fr\/","logo":{"@type":"ImageObject","inLanguage":"fr-FR","@id":"https:\/\/www.zytho.ca\/fr\/#\/schema\/logo\/image\/","url":"https:\/\/www.zytho.ca\/wp-content\/uploads\/2024\/05\/Zytho_reversed_horizontal.svg","contentUrl":"https:\/\/www.zytho.ca\/wp-content\/uploads\/2024\/05\/Zytho_reversed_horizontal.svg","width":1582,"height":490,"caption":"Zytho"},"image":{"@id":"https:\/\/www.zytho.ca\/fr\/#\/schema\/logo\/image\/"}}]}},"_links":{"self":[{"href":"https:\/\/www.zytho.ca\/fr\/wp-json\/wp\/v2\/product\/10120","targetHints":{"allow":["GET"]}}],"collection":[{"href":"https:\/\/www.zytho.ca\/fr\/wp-json\/wp\/v2\/product"}],"about":[{"href":"https:\/\/www.zytho.ca\/fr\/wp-json\/wp\/v2\/types\/product"}],"wp:featuredmedia":[{"embeddable":true,"href":"https:\/\/www.zytho.ca\/fr\/wp-json\/wp\/v2\/media\/10122"}],"wp:attachment":[{"href":"https:\/\/www.zytho.ca\/fr\/wp-json\/wp\/v2\/media?parent=10120"}],"wp:term":[{"taxonomy":"product_brand","embeddable":true,"href":"https:\/\/www.zytho.ca\/fr\/wp-json\/wp\/v2\/product_brand?post=10120"},{"taxonomy":"product_cat","embeddable":true,"href":"https:\/\/www.zytho.ca\/fr\/wp-json\/wp\/v2\/product_cat?post=10120"},{"taxonomy":"product_tag","embeddable":true,"href":"https:\/\/www.zytho.ca\/fr\/wp-json\/wp\/v2\/product_tag?post=10120"}],"curies":[{"name":"wp","href":"https:\/\/api.w.org\/{rel}","templated":true}]}}