{"id":10090,"date":"2025-10-27T15:54:37","date_gmt":"2025-10-27T15:54:37","guid":{"rendered":"https:\/\/zytho.ca\/product\/crochets-hexagonaux-en-acier-inoxydable-pour-tubes-schedule-dixon\/"},"modified":"2025-10-27T15:54:37","modified_gmt":"2025-10-27T15:54:37","slug":"crochets-hexagonaux-en-acier-inoxydable-pour-tubes-schedule-dixon","status":"publish","type":"product","link":"https:\/\/www.zytho.ca\/fr\/produit\/crochets-hexagonaux-en-acier-inoxydable-pour-tubes-schedule-dixon\/","title":{"rendered":"Crochets hexagonaux en acier inoxydable pour tubes Schedule &#8211; Dixon"},"content":{"rendered":"<h6><strong>Avantages<\/strong><\/h6>\n<ul>\n<li>Options d&#8217;installation adaptables : Les cintres hexagonaux peuvent \u00eatre suspendus \u00e0 des tuyaux ou mont\u00e9s directement sur des surfaces, ce qui offre une grande souplesse pour r\u00e9pondre aux diverses exigences des projets.<\/li>\n<li>Personnalisation des mat\u00e9riaux : Con\u00e7us pour s&#8217;adapter \u00e0 des variations de temp\u00e9rature extr\u00eames, ces supports conviennent aux applications de fluides \u00e0 haute et \u00e0 basse temp\u00e9rature.<\/li>\n<li>Solution compl\u00e8te : Chaque suspente est \u00e9quip\u00e9e d&#8217;\u0153illets ou de manchons, ce qui en fait la solution id\u00e9ale pour les installations de tuyauteries nouvelles ou existantes.<\/li>\n<\/ul>\n<p>Les suspensions hexagonales sont con\u00e7ues pour fournir un support robuste aux syst\u00e8mes de tuyaux et de tubes. Con\u00e7us pour \u00eatre polyvalents, ces cintres peuvent \u00eatre install\u00e9s selon diff\u00e9rentes m\u00e9thodes pour r\u00e9pondre aux besoins sp\u00e9cifiques du projet. Leurs mat\u00e9riaux de construction peuvent \u00eatre adapt\u00e9s pour g\u00e9rer efficacement des conditions thermiques extr\u00eames, garantissant ainsi fiabilit\u00e9 et performance. Compl\u00e9t\u00e9s par des \u0153illets ou des manchons, ces cintres conviennent aussi bien aux nouvelles installations qu&#8217;\u00e0 la modernisation des syst\u00e8mes de tuyauterie existants.   <\/p>\n<h6><strong>Page de catalogue<\/strong><\/h6>\n<ul>\n<li><a href=\"https:\/\/www.dixonvalve.com\/sites\/default\/files\/product\/pages\/us\/DPL418%20-%20602.pdf\">DPL418 &#8211; 602<\/a><\/li>\n<\/ul>\n<h6><strong>D\u00e9tails du produit<\/strong><\/h6>\n<ul>\n<li>Manchons en polypropyl\u00e8ne &#8211; <a href=\"https:\/\/www.dixonvalve.com\/sites\/default\/files\/product\/files\/dimensional-specs\/B24PV-G100.PDF\">Sp\u00e9cifications dimensionnelles<\/a><\/li>\n<li>Oeillets en caoutchouc &#8211; <a href=\"https:\/\/www.dixonvalve.com\/sites\/default\/files\/product\/files\/dimensional-specs\/B24RV-G100.PDF\">Sp\u00e9cifications dimensionnelles<\/a><\/li>\n<\/ul>\n","protected":false},"excerpt":{"rendered":"<h4>Principaux avantages des crochets hexagonaux en acier inoxydable pour les brasseurs professionnels<\/h4>\n<ul>\n<li>Installation flexible : Facilement adaptables \u00e0 diverses configurations de brasseries, ces supports peuvent \u00eatre suspendus ou mont\u00e9s en surface pour r\u00e9pondre \u00e0 vos besoins sp\u00e9cifiques en mati\u00e8re de tuyauterie.<\/li>\n<li>R\u00e9sistance \u00e0 la temp\u00e9rature : Les mat\u00e9riaux personnalisables garantissent des performances fiables dans les conditions de temp\u00e9rature extr\u00eames souvent rencontr\u00e9es dans les processus de brassage.<\/li>\n<li>Installation compl\u00e8te : \u00c9quip\u00e9s d&#8217;\u0153illets ou de manchons, ces supports sont parfaits pour les nouvelles installations de brasserie et la modernisation des syst\u00e8mes existants.<\/li>\n<\/ul>\n","protected":false},"featured_media":10097,"template":"","meta":{"_acf_changed":false,"inline_featured_image":false},"product_brand":[740],"product_cat":[736,741,749],"product_tag":[763],"class_list":{"0":"post-10090","1":"product","2":"type-product","3":"status-publish","4":"has-post-thumbnail","6":"product_brand-dixon","7":"product_cat-distribution","8":"product_cat-materiel","9":"product_cat-quincaillerie-industrielle","10":"product_tag-acier-inoxydable","12":"first","13":"instock","14":"taxable","15":"shipping-taxable","16":"purchasable","17":"product-type-variable"},"acf":[],"yoast_head":"<!-- This site is optimized with the Yoast SEO plugin v27.6 - https:\/\/yoast.com\/product\/yoast-seo-wordpress\/ -->\n<title>Crochets hexagonaux en acier inoxydable pour tuyauterie Schedule - Dixon - Pour brasseries professionnelles | Zytho<\/title>\n<meta name=\"description\" content=\"D\u00e9couvrez les crochets hexagonaux en acier inoxydable de Dixon pour tuyauterie Schedule, id\u00e9aux pour les brasseries. Polyvalents, r\u00e9sistants \u00e0 la temp\u00e9rature, ils sont parfaits pour les installations nouvelles ou existantes.\" \/>\n<meta name=\"robots\" content=\"index, follow, max-snippet:-1, max-image-preview:large, max-video-preview:-1\" \/>\n<link rel=\"canonical\" href=\"https:\/\/www.zytho.ca\/fr\/produit\/crochets-hexagonaux-en-acier-inoxydable-pour-tubes-schedule-dixon\/\" \/>\n<meta property=\"og:locale\" content=\"fr_FR\" \/>\n<meta property=\"og:type\" content=\"article\" \/>\n<meta property=\"og:title\" content=\"Crochets hexagonaux en acier inoxydable pour tuyauterie Schedule - Dixon - Pour brasseries professionnelles | Zytho\" \/>\n<meta property=\"og:description\" content=\"D\u00e9couvrez les crochets hexagonaux en acier inoxydable de Dixon pour tuyauterie Schedule, id\u00e9aux pour les brasseries. Polyvalents, r\u00e9sistants \u00e0 la temp\u00e9rature, ils sont parfaits pour les installations nouvelles ou existantes.\" \/>\n<meta property=\"og:url\" content=\"https:\/\/www.zytho.ca\/fr\/produit\/crochets-hexagonaux-en-acier-inoxydable-pour-tubes-schedule-dixon\/\" \/>\n<meta property=\"og:site_name\" content=\"Zytho\" \/>\n<meta property=\"og:image\" content=\"https:\/\/www.zytho.ca\/wp-content\/uploads\/2025\/10\/Stainless-Steel-Hex-Hangers-for-Schedule-Piping-Dixon.jpg\" \/>\n\t<meta property=\"og:image:width\" content=\"392\" \/>\n\t<meta property=\"og:image:height\" content=\"392\" \/>\n\t<meta property=\"og:image:type\" content=\"image\/jpeg\" \/>\n<meta name=\"twitter:card\" content=\"summary_large_image\" \/>\n<meta name=\"twitter:label1\" content=\"Dur\u00e9e de lecture estim\u00e9e\" \/>\n\t<meta name=\"twitter:data1\" content=\"1 minute\" \/>\n<script type=\"application\/ld+json\" class=\"yoast-schema-graph\">{\"@context\":\"https:\\\/\\\/schema.org\",\"@graph\":[{\"@type\":\"WebPage\",\"@id\":\"https:\\\/\\\/www.zytho.ca\\\/fr\\\/produit\\\/crochets-hexagonaux-en-acier-inoxydable-pour-tubes-schedule-dixon\\\/\",\"url\":\"https:\\\/\\\/www.zytho.ca\\\/fr\\\/produit\\\/crochets-hexagonaux-en-acier-inoxydable-pour-tubes-schedule-dixon\\\/\",\"name\":\"Crochets hexagonaux en acier inoxydable pour tuyauterie Schedule - Dixon - Pour brasseries professionnelles | Zytho\",\"isPartOf\":{\"@id\":\"https:\\\/\\\/www.zytho.ca\\\/fr\\\/#website\"},\"primaryImageOfPage\":{\"@id\":\"https:\\\/\\\/www.zytho.ca\\\/fr\\\/produit\\\/crochets-hexagonaux-en-acier-inoxydable-pour-tubes-schedule-dixon\\\/#primaryimage\"},\"image\":{\"@id\":\"https:\\\/\\\/www.zytho.ca\\\/fr\\\/produit\\\/crochets-hexagonaux-en-acier-inoxydable-pour-tubes-schedule-dixon\\\/#primaryimage\"},\"thumbnailUrl\":\"https:\\\/\\\/www.zytho.ca\\\/wp-content\\\/uploads\\\/2025\\\/10\\\/Stainless-Steel-Hex-Hangers-for-Schedule-Piping-Dixon.jpg\",\"datePublished\":\"2025-10-27T15:54:37+00:00\",\"description\":\"D\u00e9couvrez les crochets hexagonaux en acier inoxydable de Dixon pour tuyauterie Schedule, id\u00e9aux pour les brasseries. Polyvalents, r\u00e9sistants \u00e0 la temp\u00e9rature, ils sont parfaits pour les installations nouvelles ou existantes.\",\"breadcrumb\":{\"@id\":\"https:\\\/\\\/www.zytho.ca\\\/fr\\\/produit\\\/crochets-hexagonaux-en-acier-inoxydable-pour-tubes-schedule-dixon\\\/#breadcrumb\"},\"inLanguage\":\"fr-FR\",\"potentialAction\":[{\"@type\":\"ReadAction\",\"target\":[\"https:\\\/\\\/www.zytho.ca\\\/fr\\\/produit\\\/crochets-hexagonaux-en-acier-inoxydable-pour-tubes-schedule-dixon\\\/\"]}]},{\"@type\":\"ImageObject\",\"inLanguage\":\"fr-FR\",\"@id\":\"https:\\\/\\\/www.zytho.ca\\\/fr\\\/produit\\\/crochets-hexagonaux-en-acier-inoxydable-pour-tubes-schedule-dixon\\\/#primaryimage\",\"url\":\"https:\\\/\\\/www.zytho.ca\\\/wp-content\\\/uploads\\\/2025\\\/10\\\/Stainless-Steel-Hex-Hangers-for-Schedule-Piping-Dixon.jpg\",\"contentUrl\":\"https:\\\/\\\/www.zytho.ca\\\/wp-content\\\/uploads\\\/2025\\\/10\\\/Stainless-Steel-Hex-Hangers-for-Schedule-Piping-Dixon.jpg\",\"width\":392,\"height\":392},{\"@type\":\"BreadcrumbList\",\"@id\":\"https:\\\/\\\/www.zytho.ca\\\/fr\\\/produit\\\/crochets-hexagonaux-en-acier-inoxydable-pour-tubes-schedule-dixon\\\/#breadcrumb\",\"itemListElement\":[{\"@type\":\"ListItem\",\"position\":1,\"name\":\"Accueil\",\"item\":\"https:\\\/\\\/www.zytho.ca\\\/fr\\\/\"},{\"@type\":\"ListItem\",\"position\":2,\"name\":\"Shop\",\"item\":\"https:\\\/\\\/www.zytho.ca\\\/fr\\\/shop\\\/\"},{\"@type\":\"ListItem\",\"position\":3,\"name\":\"Crochets hexagonaux en acier inoxydable pour tubes Schedule &#8211; Dixon\"}]},{\"@type\":\"WebSite\",\"@id\":\"https:\\\/\\\/www.zytho.ca\\\/fr\\\/#website\",\"url\":\"https:\\\/\\\/www.zytho.ca\\\/fr\\\/\",\"name\":\"Zytho\",\"description\":\"\",\"publisher\":{\"@id\":\"https:\\\/\\\/www.zytho.ca\\\/fr\\\/#organization\"},\"potentialAction\":[{\"@type\":\"SearchAction\",\"target\":{\"@type\":\"EntryPoint\",\"urlTemplate\":\"https:\\\/\\\/www.zytho.ca\\\/fr\\\/?s={search_term_string}\"},\"query-input\":{\"@type\":\"PropertyValueSpecification\",\"valueRequired\":true,\"valueName\":\"search_term_string\"}}],\"inLanguage\":\"fr-FR\"},{\"@type\":\"Organization\",\"@id\":\"https:\\\/\\\/www.zytho.ca\\\/fr\\\/#organization\",\"name\":\"Zytho\",\"url\":\"https:\\\/\\\/www.zytho.ca\\\/fr\\\/\",\"logo\":{\"@type\":\"ImageObject\",\"inLanguage\":\"fr-FR\",\"@id\":\"https:\\\/\\\/www.zytho.ca\\\/fr\\\/#\\\/schema\\\/logo\\\/image\\\/\",\"url\":\"https:\\\/\\\/www.zytho.ca\\\/wp-content\\\/uploads\\\/2024\\\/05\\\/Zytho_reversed_horizontal.svg\",\"contentUrl\":\"https:\\\/\\\/www.zytho.ca\\\/wp-content\\\/uploads\\\/2024\\\/05\\\/Zytho_reversed_horizontal.svg\",\"width\":1582,\"height\":490,\"caption\":\"Zytho\"},\"image\":{\"@id\":\"https:\\\/\\\/www.zytho.ca\\\/fr\\\/#\\\/schema\\\/logo\\\/image\\\/\"}}]}<\/script>\n<!-- \/ Yoast SEO plugin. -->","yoast_head_json":{"title":"Crochets hexagonaux en acier inoxydable pour tuyauterie Schedule - Dixon - Pour brasseries professionnelles | Zytho","description":"D\u00e9couvrez les crochets hexagonaux en acier inoxydable de Dixon pour tuyauterie Schedule, id\u00e9aux pour les brasseries. Polyvalents, r\u00e9sistants \u00e0 la temp\u00e9rature, ils sont parfaits pour les installations nouvelles ou existantes.","robots":{"index":"index","follow":"follow","max-snippet":"max-snippet:-1","max-image-preview":"max-image-preview:large","max-video-preview":"max-video-preview:-1"},"canonical":"https:\/\/www.zytho.ca\/fr\/produit\/crochets-hexagonaux-en-acier-inoxydable-pour-tubes-schedule-dixon\/","og_locale":"fr_FR","og_type":"article","og_title":"Crochets hexagonaux en acier inoxydable pour tuyauterie Schedule - Dixon - Pour brasseries professionnelles | Zytho","og_description":"D\u00e9couvrez les crochets hexagonaux en acier inoxydable de Dixon pour tuyauterie Schedule, id\u00e9aux pour les brasseries. Polyvalents, r\u00e9sistants \u00e0 la temp\u00e9rature, ils sont parfaits pour les installations nouvelles ou existantes.","og_url":"https:\/\/www.zytho.ca\/fr\/produit\/crochets-hexagonaux-en-acier-inoxydable-pour-tubes-schedule-dixon\/","og_site_name":"Zytho","og_image":[{"width":392,"height":392,"url":"https:\/\/www.zytho.ca\/wp-content\/uploads\/2025\/10\/Stainless-Steel-Hex-Hangers-for-Schedule-Piping-Dixon.jpg","type":"image\/jpeg"}],"twitter_card":"summary_large_image","twitter_misc":{"Dur\u00e9e de lecture estim\u00e9e":"1 minute"},"schema":{"@context":"https:\/\/schema.org","@graph":[{"@type":"WebPage","@id":"https:\/\/www.zytho.ca\/fr\/produit\/crochets-hexagonaux-en-acier-inoxydable-pour-tubes-schedule-dixon\/","url":"https:\/\/www.zytho.ca\/fr\/produit\/crochets-hexagonaux-en-acier-inoxydable-pour-tubes-schedule-dixon\/","name":"Crochets hexagonaux en acier inoxydable pour tuyauterie Schedule - Dixon - Pour brasseries professionnelles | Zytho","isPartOf":{"@id":"https:\/\/www.zytho.ca\/fr\/#website"},"primaryImageOfPage":{"@id":"https:\/\/www.zytho.ca\/fr\/produit\/crochets-hexagonaux-en-acier-inoxydable-pour-tubes-schedule-dixon\/#primaryimage"},"image":{"@id":"https:\/\/www.zytho.ca\/fr\/produit\/crochets-hexagonaux-en-acier-inoxydable-pour-tubes-schedule-dixon\/#primaryimage"},"thumbnailUrl":"https:\/\/www.zytho.ca\/wp-content\/uploads\/2025\/10\/Stainless-Steel-Hex-Hangers-for-Schedule-Piping-Dixon.jpg","datePublished":"2025-10-27T15:54:37+00:00","description":"D\u00e9couvrez les crochets hexagonaux en acier inoxydable de Dixon pour tuyauterie Schedule, id\u00e9aux pour les brasseries. Polyvalents, r\u00e9sistants \u00e0 la temp\u00e9rature, ils sont parfaits pour les installations nouvelles ou existantes.","breadcrumb":{"@id":"https:\/\/www.zytho.ca\/fr\/produit\/crochets-hexagonaux-en-acier-inoxydable-pour-tubes-schedule-dixon\/#breadcrumb"},"inLanguage":"fr-FR","potentialAction":[{"@type":"ReadAction","target":["https:\/\/www.zytho.ca\/fr\/produit\/crochets-hexagonaux-en-acier-inoxydable-pour-tubes-schedule-dixon\/"]}]},{"@type":"ImageObject","inLanguage":"fr-FR","@id":"https:\/\/www.zytho.ca\/fr\/produit\/crochets-hexagonaux-en-acier-inoxydable-pour-tubes-schedule-dixon\/#primaryimage","url":"https:\/\/www.zytho.ca\/wp-content\/uploads\/2025\/10\/Stainless-Steel-Hex-Hangers-for-Schedule-Piping-Dixon.jpg","contentUrl":"https:\/\/www.zytho.ca\/wp-content\/uploads\/2025\/10\/Stainless-Steel-Hex-Hangers-for-Schedule-Piping-Dixon.jpg","width":392,"height":392},{"@type":"BreadcrumbList","@id":"https:\/\/www.zytho.ca\/fr\/produit\/crochets-hexagonaux-en-acier-inoxydable-pour-tubes-schedule-dixon\/#breadcrumb","itemListElement":[{"@type":"ListItem","position":1,"name":"Accueil","item":"https:\/\/www.zytho.ca\/fr\/"},{"@type":"ListItem","position":2,"name":"Shop","item":"https:\/\/www.zytho.ca\/fr\/shop\/"},{"@type":"ListItem","position":3,"name":"Crochets hexagonaux en acier inoxydable pour tubes Schedule &#8211; Dixon"}]},{"@type":"WebSite","@id":"https:\/\/www.zytho.ca\/fr\/#website","url":"https:\/\/www.zytho.ca\/fr\/","name":"Zytho","description":"","publisher":{"@id":"https:\/\/www.zytho.ca\/fr\/#organization"},"potentialAction":[{"@type":"SearchAction","target":{"@type":"EntryPoint","urlTemplate":"https:\/\/www.zytho.ca\/fr\/?s={search_term_string}"},"query-input":{"@type":"PropertyValueSpecification","valueRequired":true,"valueName":"search_term_string"}}],"inLanguage":"fr-FR"},{"@type":"Organization","@id":"https:\/\/www.zytho.ca\/fr\/#organization","name":"Zytho","url":"https:\/\/www.zytho.ca\/fr\/","logo":{"@type":"ImageObject","inLanguage":"fr-FR","@id":"https:\/\/www.zytho.ca\/fr\/#\/schema\/logo\/image\/","url":"https:\/\/www.zytho.ca\/wp-content\/uploads\/2024\/05\/Zytho_reversed_horizontal.svg","contentUrl":"https:\/\/www.zytho.ca\/wp-content\/uploads\/2024\/05\/Zytho_reversed_horizontal.svg","width":1582,"height":490,"caption":"Zytho"},"image":{"@id":"https:\/\/www.zytho.ca\/fr\/#\/schema\/logo\/image\/"}}]}},"_links":{"self":[{"href":"https:\/\/www.zytho.ca\/fr\/wp-json\/wp\/v2\/product\/10090","targetHints":{"allow":["GET"]}}],"collection":[{"href":"https:\/\/www.zytho.ca\/fr\/wp-json\/wp\/v2\/product"}],"about":[{"href":"https:\/\/www.zytho.ca\/fr\/wp-json\/wp\/v2\/types\/product"}],"wp:featuredmedia":[{"embeddable":true,"href":"https:\/\/www.zytho.ca\/fr\/wp-json\/wp\/v2\/media\/10097"}],"wp:attachment":[{"href":"https:\/\/www.zytho.ca\/fr\/wp-json\/wp\/v2\/media?parent=10090"}],"wp:term":[{"taxonomy":"product_brand","embeddable":true,"href":"https:\/\/www.zytho.ca\/fr\/wp-json\/wp\/v2\/product_brand?post=10090"},{"taxonomy":"product_cat","embeddable":true,"href":"https:\/\/www.zytho.ca\/fr\/wp-json\/wp\/v2\/product_cat?post=10090"},{"taxonomy":"product_tag","embeddable":true,"href":"https:\/\/www.zytho.ca\/fr\/wp-json\/wp\/v2\/product_tag?post=10090"}],"curies":[{"name":"wp","href":"https:\/\/api.w.org\/{rel}","templated":true}]}}