{"id":10057,"date":"2025-10-27T15:54:50","date_gmt":"2025-10-27T15:54:50","guid":{"rendered":"https:\/\/zytho.ca\/product\/b31wmp-embout-de-reduction-tri-clamp-dixon\/"},"modified":"2025-10-27T15:54:50","modified_gmt":"2025-10-27T15:54:50","slug":"b31wmp-embout-de-reduction-tri-clamp-dixon","status":"publish","type":"product","link":"https:\/\/www.zytho.ca\/fr\/produit\/b31wmp-embout-de-reduction-tri-clamp-dixon\/","title":{"rendered":"B31WMP Embout de r\u00e9duction Tri-Clamp &#8211; Dixon"},"content":{"rendered":"<h6><strong>Avantages :<\/strong><\/h6>\n<ul class=\"dash-list\">\n<li class=\"first last\">Cette virole tri-clamp \u00e0 soudure courte facilite les transitions de taille avec un minimum d&#8217;encombrement, ce qui la rend id\u00e9ale pour les installations compactes.<\/li>\n<li class=\"first last\">V\u00e9rifi\u00e9 par les certifications ASME A270 et 3A, garantissant la conformit\u00e9 aux normes strictes de l&#8217;industrie.<\/li>\n<li class=\"first last\">Construit en acier inoxydable, il offre une durabilit\u00e9 et une r\u00e9sistance \u00e0 la corrosion pour une utilisation dans les secteurs de l&#8217;alimentation, des boissons, de la biotechnologie et de la pharmacie.<\/li>\n<\/ul>\n<p>Les colliers triples sont un choix courant pour les raccordements sanitaires en Am\u00e9rique du Nord. Ils comportent un joint plac\u00e9 entre deux bagues ou brides tri-clamp, qui sont solidement fix\u00e9es \u00e0 l&#8217;aide d&#8217;un m\u00e9canisme de serrage. Cette conception est particuli\u00e8rement adapt\u00e9e aux applications de tuyauterie dans les industries hautement r\u00e9glement\u00e9es.  <\/p>\n<h6><strong>D\u00e9tails du produit :<\/strong><\/h6>\n<div class=\"item-list row\">\n<div class=\"large-12 columns\">\n<ul class=\"dash-list\">\n<li class=\"first last\">Conforme aux normes sanitaires 3-A pour les raccords sanitaires, num\u00e9ro 63-03 (autorisation num\u00e9ro 621).<\/li>\n<\/ul>\n<div class=\"large-6 columns\">\n<h6><strong>Page de catalogue :<\/strong><\/h6>\n<div class=\"item-list row\">\n<div class=\"large-12 columns\">\n<ul class=\"inline-list\">\n<li class=\"first last\"><a href=\"https:\/\/www.dixonvalve.com\/sites\/default\/files\/product\/pages\/us\/DPL418%20-%20568.pdf\">DPL418 &#8211; 568<\/a><\/li>\n<\/ul>\n<\/div>\n<\/div>\n<h6><strong>Certifications :<\/strong><\/h6>\n<\/div>\n<div class=\"large-6 columns\">\n<div class=\"item-list row\">\n<div class=\"large-12 columns\">\n<ul class=\"inline-list\">\n<li class=\"first last\"><a href=\"https:\/\/www.dixonvalve.com\/sites\/default\/files\/product\/certifications\/621%2063-03.pdf\">Certification 3A<\/a><\/li>\n<\/ul>\n<\/div>\n<\/div>\n<\/div>\n<\/div>\n<\/div>\n","protected":false},"excerpt":{"rendered":"<h4>Principaux avantages de la bague de r\u00e9duction Tri-Clamp B31WMP pour les brasseurs professionnels :<\/h4>\n<ul>\n<li>Facilite les transitions de taille dans les installations de brassage compactes, optimisant ainsi l&#8217;efficacit\u00e9 de l&#8217;espace.<\/li>\n<li>Respecter les normes ASME A270 et 3A, en veillant \u00e0 la conformit\u00e9 avec les r\u00e9glementations industrielles.<\/li>\n<li>Fabriqu\u00e9 en acier inoxydable durable, il offre une r\u00e9sistance \u00e0 la corrosion id\u00e9ale pour les environnements de brassage.<\/li>\n<\/ul>\n","protected":false},"featured_media":10064,"template":"","meta":{"_acf_changed":false,"inline_featured_image":false},"product_brand":[740],"product_cat":[736,741,753],"product_tag":[763,754,762,755,756,760,759,758,757,761],"class_list":{"0":"post-10057","1":"product","2":"type-product","3":"status-publish","4":"has-post-thumbnail","6":"product_brand-dixon","7":"product_cat-distribution","8":"product_cat-materiel","9":"product_cat-raccords-tri-clamp","10":"product_tag-acier-inoxydable","11":"product_tag-brasserie","12":"product_tag-cave","13":"product_tag-distillerie","14":"product_tag-inoxydable","15":"product_tag-raccord-tri-clamp","16":"product_tag-raccords-tri-clamp","17":"product_tag-tri-clamp","18":"product_tag-tri-clamp-en-acier-inoxydable","19":"product_tag-triclamp","21":"first","22":"instock","23":"taxable","24":"shipping-taxable","25":"purchasable","26":"product-type-variable"},"acf":[],"yoast_head":"<!-- This site is optimized with the Yoast SEO plugin v27.6 - https:\/\/yoast.com\/product\/yoast-seo-wordpress\/ -->\n<title>B31WMP Embout de r\u00e9duction Tri-Clamp - Dixon - Pour brasseries professionnelles | Zytho<\/title>\n<meta name=\"description\" content=\"Optimisez l&#039;espace de votre brasserie avec l&#039;embout Tri-Clamp B31WMP de Dixon. Certifi\u00e9e pour les normes industrielles les plus strictes, elle est durable, compacte et r\u00e9sistante \u00e0 la corrosion.\" \/>\n<meta name=\"robots\" content=\"index, follow, max-snippet:-1, max-image-preview:large, max-video-preview:-1\" \/>\n<link rel=\"canonical\" href=\"https:\/\/www.zytho.ca\/fr\/produit\/b31wmp-embout-de-reduction-tri-clamp-dixon\/\" \/>\n<meta property=\"og:locale\" content=\"fr_FR\" \/>\n<meta property=\"og:type\" content=\"article\" \/>\n<meta property=\"og:title\" content=\"B31WMP Embout de r\u00e9duction Tri-Clamp - Dixon - Pour brasseries professionnelles | Zytho\" \/>\n<meta property=\"og:description\" content=\"Optimisez l&#039;espace de votre brasserie avec l&#039;embout Tri-Clamp B31WMP de Dixon. Certifi\u00e9e pour les normes industrielles les plus strictes, elle est durable, compacte et r\u00e9sistante \u00e0 la corrosion.\" \/>\n<meta property=\"og:url\" content=\"https:\/\/www.zytho.ca\/fr\/produit\/b31wmp-embout-de-reduction-tri-clamp-dixon\/\" \/>\n<meta property=\"og:site_name\" content=\"Zytho\" \/>\n<meta property=\"og:image\" content=\"https:\/\/www.zytho.ca\/wp-content\/uploads\/2025\/10\/B31WMP-Reducing-Tri-Clamp-Ferrule-Dixon.jpg\" \/>\n\t<meta property=\"og:image:width\" content=\"480\" \/>\n\t<meta property=\"og:image:height\" content=\"480\" \/>\n\t<meta property=\"og:image:type\" content=\"image\/jpeg\" \/>\n<meta name=\"twitter:card\" content=\"summary_large_image\" \/>\n<meta name=\"twitter:label1\" content=\"Dur\u00e9e de lecture estim\u00e9e\" \/>\n\t<meta name=\"twitter:data1\" content=\"1 minute\" \/>\n<script type=\"application\/ld+json\" class=\"yoast-schema-graph\">{\"@context\":\"https:\\\/\\\/schema.org\",\"@graph\":[{\"@type\":\"WebPage\",\"@id\":\"https:\\\/\\\/www.zytho.ca\\\/fr\\\/produit\\\/b31wmp-embout-de-reduction-tri-clamp-dixon\\\/\",\"url\":\"https:\\\/\\\/www.zytho.ca\\\/fr\\\/produit\\\/b31wmp-embout-de-reduction-tri-clamp-dixon\\\/\",\"name\":\"B31WMP Embout de r\u00e9duction Tri-Clamp - Dixon - Pour brasseries professionnelles | Zytho\",\"isPartOf\":{\"@id\":\"https:\\\/\\\/www.zytho.ca\\\/fr\\\/#website\"},\"primaryImageOfPage\":{\"@id\":\"https:\\\/\\\/www.zytho.ca\\\/fr\\\/produit\\\/b31wmp-embout-de-reduction-tri-clamp-dixon\\\/#primaryimage\"},\"image\":{\"@id\":\"https:\\\/\\\/www.zytho.ca\\\/fr\\\/produit\\\/b31wmp-embout-de-reduction-tri-clamp-dixon\\\/#primaryimage\"},\"thumbnailUrl\":\"https:\\\/\\\/www.zytho.ca\\\/wp-content\\\/uploads\\\/2025\\\/10\\\/B31WMP-Reducing-Tri-Clamp-Ferrule-Dixon.jpg\",\"datePublished\":\"2025-10-27T15:54:50+00:00\",\"description\":\"Optimisez l'espace de votre brasserie avec l'embout Tri-Clamp B31WMP de Dixon. Certifi\u00e9e pour les normes industrielles les plus strictes, elle est durable, compacte et r\u00e9sistante \u00e0 la corrosion.\",\"breadcrumb\":{\"@id\":\"https:\\\/\\\/www.zytho.ca\\\/fr\\\/produit\\\/b31wmp-embout-de-reduction-tri-clamp-dixon\\\/#breadcrumb\"},\"inLanguage\":\"fr-FR\",\"potentialAction\":[{\"@type\":\"ReadAction\",\"target\":[\"https:\\\/\\\/www.zytho.ca\\\/fr\\\/produit\\\/b31wmp-embout-de-reduction-tri-clamp-dixon\\\/\"]}]},{\"@type\":\"ImageObject\",\"inLanguage\":\"fr-FR\",\"@id\":\"https:\\\/\\\/www.zytho.ca\\\/fr\\\/produit\\\/b31wmp-embout-de-reduction-tri-clamp-dixon\\\/#primaryimage\",\"url\":\"https:\\\/\\\/www.zytho.ca\\\/wp-content\\\/uploads\\\/2025\\\/10\\\/B31WMP-Reducing-Tri-Clamp-Ferrule-Dixon.jpg\",\"contentUrl\":\"https:\\\/\\\/www.zytho.ca\\\/wp-content\\\/uploads\\\/2025\\\/10\\\/B31WMP-Reducing-Tri-Clamp-Ferrule-Dixon.jpg\",\"width\":480,\"height\":480},{\"@type\":\"BreadcrumbList\",\"@id\":\"https:\\\/\\\/www.zytho.ca\\\/fr\\\/produit\\\/b31wmp-embout-de-reduction-tri-clamp-dixon\\\/#breadcrumb\",\"itemListElement\":[{\"@type\":\"ListItem\",\"position\":1,\"name\":\"Accueil\",\"item\":\"https:\\\/\\\/www.zytho.ca\\\/fr\\\/\"},{\"@type\":\"ListItem\",\"position\":2,\"name\":\"Shop\",\"item\":\"https:\\\/\\\/www.zytho.ca\\\/fr\\\/shop\\\/\"},{\"@type\":\"ListItem\",\"position\":3,\"name\":\"B31WMP Embout de r\u00e9duction Tri-Clamp &#8211; Dixon\"}]},{\"@type\":\"WebSite\",\"@id\":\"https:\\\/\\\/www.zytho.ca\\\/fr\\\/#website\",\"url\":\"https:\\\/\\\/www.zytho.ca\\\/fr\\\/\",\"name\":\"Zytho\",\"description\":\"\",\"publisher\":{\"@id\":\"https:\\\/\\\/www.zytho.ca\\\/fr\\\/#organization\"},\"potentialAction\":[{\"@type\":\"SearchAction\",\"target\":{\"@type\":\"EntryPoint\",\"urlTemplate\":\"https:\\\/\\\/www.zytho.ca\\\/fr\\\/?s={search_term_string}\"},\"query-input\":{\"@type\":\"PropertyValueSpecification\",\"valueRequired\":true,\"valueName\":\"search_term_string\"}}],\"inLanguage\":\"fr-FR\"},{\"@type\":\"Organization\",\"@id\":\"https:\\\/\\\/www.zytho.ca\\\/fr\\\/#organization\",\"name\":\"Zytho\",\"url\":\"https:\\\/\\\/www.zytho.ca\\\/fr\\\/\",\"logo\":{\"@type\":\"ImageObject\",\"inLanguage\":\"fr-FR\",\"@id\":\"https:\\\/\\\/www.zytho.ca\\\/fr\\\/#\\\/schema\\\/logo\\\/image\\\/\",\"url\":\"https:\\\/\\\/www.zytho.ca\\\/wp-content\\\/uploads\\\/2024\\\/05\\\/Zytho_reversed_horizontal.svg\",\"contentUrl\":\"https:\\\/\\\/www.zytho.ca\\\/wp-content\\\/uploads\\\/2024\\\/05\\\/Zytho_reversed_horizontal.svg\",\"width\":1582,\"height\":490,\"caption\":\"Zytho\"},\"image\":{\"@id\":\"https:\\\/\\\/www.zytho.ca\\\/fr\\\/#\\\/schema\\\/logo\\\/image\\\/\"}}]}<\/script>\n<!-- \/ Yoast SEO plugin. -->","yoast_head_json":{"title":"B31WMP Embout de r\u00e9duction Tri-Clamp - Dixon - Pour brasseries professionnelles | Zytho","description":"Optimisez l'espace de votre brasserie avec l'embout Tri-Clamp B31WMP de Dixon. Certifi\u00e9e pour les normes industrielles les plus strictes, elle est durable, compacte et r\u00e9sistante \u00e0 la corrosion.","robots":{"index":"index","follow":"follow","max-snippet":"max-snippet:-1","max-image-preview":"max-image-preview:large","max-video-preview":"max-video-preview:-1"},"canonical":"https:\/\/www.zytho.ca\/fr\/produit\/b31wmp-embout-de-reduction-tri-clamp-dixon\/","og_locale":"fr_FR","og_type":"article","og_title":"B31WMP Embout de r\u00e9duction Tri-Clamp - Dixon - Pour brasseries professionnelles | Zytho","og_description":"Optimisez l'espace de votre brasserie avec l'embout Tri-Clamp B31WMP de Dixon. Certifi\u00e9e pour les normes industrielles les plus strictes, elle est durable, compacte et r\u00e9sistante \u00e0 la corrosion.","og_url":"https:\/\/www.zytho.ca\/fr\/produit\/b31wmp-embout-de-reduction-tri-clamp-dixon\/","og_site_name":"Zytho","og_image":[{"width":480,"height":480,"url":"https:\/\/www.zytho.ca\/wp-content\/uploads\/2025\/10\/B31WMP-Reducing-Tri-Clamp-Ferrule-Dixon.jpg","type":"image\/jpeg"}],"twitter_card":"summary_large_image","twitter_misc":{"Dur\u00e9e de lecture estim\u00e9e":"1 minute"},"schema":{"@context":"https:\/\/schema.org","@graph":[{"@type":"WebPage","@id":"https:\/\/www.zytho.ca\/fr\/produit\/b31wmp-embout-de-reduction-tri-clamp-dixon\/","url":"https:\/\/www.zytho.ca\/fr\/produit\/b31wmp-embout-de-reduction-tri-clamp-dixon\/","name":"B31WMP Embout de r\u00e9duction Tri-Clamp - Dixon - Pour brasseries professionnelles | Zytho","isPartOf":{"@id":"https:\/\/www.zytho.ca\/fr\/#website"},"primaryImageOfPage":{"@id":"https:\/\/www.zytho.ca\/fr\/produit\/b31wmp-embout-de-reduction-tri-clamp-dixon\/#primaryimage"},"image":{"@id":"https:\/\/www.zytho.ca\/fr\/produit\/b31wmp-embout-de-reduction-tri-clamp-dixon\/#primaryimage"},"thumbnailUrl":"https:\/\/www.zytho.ca\/wp-content\/uploads\/2025\/10\/B31WMP-Reducing-Tri-Clamp-Ferrule-Dixon.jpg","datePublished":"2025-10-27T15:54:50+00:00","description":"Optimisez l'espace de votre brasserie avec l'embout Tri-Clamp B31WMP de Dixon. Certifi\u00e9e pour les normes industrielles les plus strictes, elle est durable, compacte et r\u00e9sistante \u00e0 la corrosion.","breadcrumb":{"@id":"https:\/\/www.zytho.ca\/fr\/produit\/b31wmp-embout-de-reduction-tri-clamp-dixon\/#breadcrumb"},"inLanguage":"fr-FR","potentialAction":[{"@type":"ReadAction","target":["https:\/\/www.zytho.ca\/fr\/produit\/b31wmp-embout-de-reduction-tri-clamp-dixon\/"]}]},{"@type":"ImageObject","inLanguage":"fr-FR","@id":"https:\/\/www.zytho.ca\/fr\/produit\/b31wmp-embout-de-reduction-tri-clamp-dixon\/#primaryimage","url":"https:\/\/www.zytho.ca\/wp-content\/uploads\/2025\/10\/B31WMP-Reducing-Tri-Clamp-Ferrule-Dixon.jpg","contentUrl":"https:\/\/www.zytho.ca\/wp-content\/uploads\/2025\/10\/B31WMP-Reducing-Tri-Clamp-Ferrule-Dixon.jpg","width":480,"height":480},{"@type":"BreadcrumbList","@id":"https:\/\/www.zytho.ca\/fr\/produit\/b31wmp-embout-de-reduction-tri-clamp-dixon\/#breadcrumb","itemListElement":[{"@type":"ListItem","position":1,"name":"Accueil","item":"https:\/\/www.zytho.ca\/fr\/"},{"@type":"ListItem","position":2,"name":"Shop","item":"https:\/\/www.zytho.ca\/fr\/shop\/"},{"@type":"ListItem","position":3,"name":"B31WMP Embout de r\u00e9duction Tri-Clamp &#8211; Dixon"}]},{"@type":"WebSite","@id":"https:\/\/www.zytho.ca\/fr\/#website","url":"https:\/\/www.zytho.ca\/fr\/","name":"Zytho","description":"","publisher":{"@id":"https:\/\/www.zytho.ca\/fr\/#organization"},"potentialAction":[{"@type":"SearchAction","target":{"@type":"EntryPoint","urlTemplate":"https:\/\/www.zytho.ca\/fr\/?s={search_term_string}"},"query-input":{"@type":"PropertyValueSpecification","valueRequired":true,"valueName":"search_term_string"}}],"inLanguage":"fr-FR"},{"@type":"Organization","@id":"https:\/\/www.zytho.ca\/fr\/#organization","name":"Zytho","url":"https:\/\/www.zytho.ca\/fr\/","logo":{"@type":"ImageObject","inLanguage":"fr-FR","@id":"https:\/\/www.zytho.ca\/fr\/#\/schema\/logo\/image\/","url":"https:\/\/www.zytho.ca\/wp-content\/uploads\/2024\/05\/Zytho_reversed_horizontal.svg","contentUrl":"https:\/\/www.zytho.ca\/wp-content\/uploads\/2024\/05\/Zytho_reversed_horizontal.svg","width":1582,"height":490,"caption":"Zytho"},"image":{"@id":"https:\/\/www.zytho.ca\/fr\/#\/schema\/logo\/image\/"}}]}},"_links":{"self":[{"href":"https:\/\/www.zytho.ca\/fr\/wp-json\/wp\/v2\/product\/10057","targetHints":{"allow":["GET"]}}],"collection":[{"href":"https:\/\/www.zytho.ca\/fr\/wp-json\/wp\/v2\/product"}],"about":[{"href":"https:\/\/www.zytho.ca\/fr\/wp-json\/wp\/v2\/types\/product"}],"wp:featuredmedia":[{"embeddable":true,"href":"https:\/\/www.zytho.ca\/fr\/wp-json\/wp\/v2\/media\/10064"}],"wp:attachment":[{"href":"https:\/\/www.zytho.ca\/fr\/wp-json\/wp\/v2\/media?parent=10057"}],"wp:term":[{"taxonomy":"product_brand","embeddable":true,"href":"https:\/\/www.zytho.ca\/fr\/wp-json\/wp\/v2\/product_brand?post=10057"},{"taxonomy":"product_cat","embeddable":true,"href":"https:\/\/www.zytho.ca\/fr\/wp-json\/wp\/v2\/product_cat?post=10057"},{"taxonomy":"product_tag","embeddable":true,"href":"https:\/\/www.zytho.ca\/fr\/wp-json\/wp\/v2\/product_tag?post=10057"}],"curies":[{"name":"wp","href":"https:\/\/api.w.org\/{rel}","templated":true}]}}