{"id":10017,"date":"2025-10-27T15:54:59","date_gmt":"2025-10-27T15:54:59","guid":{"rendered":"https:\/\/zytho.ca\/product\/joint-detancheite-dixon\/"},"modified":"2025-10-27T15:54:59","modified_gmt":"2025-10-27T15:54:59","slug":"joint-detancheite-dixon","status":"publish","type":"product","link":"https:\/\/www.zytho.ca\/fr\/produit\/joint-detancheite-dixon\/","title":{"rendered":"Joint d&#8217;\u00e9tanch\u00e9it\u00e9 &#8211; Dixon"},"content":{"rendered":"<p>&nbsp;<\/p>\n<table width=\"100%\">\n<tbody>\n<tr>\n<td style=\"width: 48.5701%;\">Taille<\/td>\n<td style=\"width: 46.4299%;\">Longueur<\/td>\n<\/tr>\n<tr>\n<td style=\"width: 48.5701%;\">1\/4&#8243;<\/td>\n<td style=\"width: 46.4299%;\">20&#8242;<\/td>\n<\/tr>\n<tr>\n<td style=\"width: 48.5701%;\">1\/4&#8243;<\/td>\n<td style=\"width: 46.4299%;\">50&#8242;<\/td>\n<\/tr>\n<tr>\n<td style=\"width: 48.5701%;\">3\/8&#8243;<\/td>\n<td style=\"width: 46.4299%;\">25&#8242;<\/td>\n<\/tr>\n<tr>\n<td style=\"width: 48.5701%;\">1\/2&#8243;<\/td>\n<td style=\"width: 46.4299%;\">15&#8242;<\/td>\n<\/tr>\n<tr>\n<td style=\"width: 48.5701%;\">3\/4&#8243;<\/td>\n<td style=\"width: 46.4299%;\">15&#8242;<\/td>\n<\/tr>\n<\/tbody>\n<\/table>\n<h6><strong>Avantages :<\/strong><\/h6>\n<div class=\"item-list row\">\n<div class=\"large-12 columns\">\n<ul class=\"dash-list\">\n<li class=\"first\">Fabriqu\u00e9 aux \u00c9tats-Unis<\/li>\n<li>Interchangeable avec les syst\u00e8mes GORE-TEX ? <\/li>\n<li>Capacit\u00e9 de pression allant du vide \u00e0 3000 PSI<\/li>\n<li>Force minimale requise par rapport aux mat\u00e9riaux de joints conventionnels<\/li>\n<li>R\u00e9silience et caract\u00e9ristiques minimales d&#8217;\u00e9coulement \u00e0 froid<\/li>\n<li>Insensible \u00e0 une large gamme de produits chimiques (pH 0-14)<\/li>\n<li class=\"last\">Dur\u00e9e de conservation prolong\u00e9e<\/li>\n<\/ul>\n<\/div>\n<\/div>\n<h6><strong>D\u00e9tails du produit :<\/strong><\/h6>\n<ul>\n<li>Conforme \u00e0 la norme FDA #21CFR177.1550<\/li>\n<\/ul>\n<h6><strong>Construction :<\/strong><\/h6>\n<ul>\n<li>Fabriqu\u00e9 \u00e0 partir de PTFE 100% vierge<\/li>\n<\/ul>\n<div class=\"large-6 columns\">\n<h6 class=\"icon-label icon-pdf-label\"><strong>Page de catalogue :<\/strong><\/h6>\n<ul>\n<li><a href=\"https:\/\/www.dixonvalve.com\/sites\/default\/files\/product\/pages\/us\/DPL418%20-%20903.pdf\">DPL418 &#8211; 903<\/a><\/li>\n<\/ul>\n<h6><strong>FICHE DE DONN\u00c9ES DE S\u00c9CURIT\u00c9 :<\/strong><\/h6>\n<\/div>\n<div class=\"large-6 columns\">\n<div class=\"item-list row\">\n<div class=\"large-12 columns\">\n<ul class=\"inline-list\">\n<li class=\"first last\"><a href=\"https:\/\/www.dixonvalve.com\/sites\/default\/files\/product\/msds\/JSMSDS_lock_joint_sealant_feb_2009_DIXMSD_1.pdf\">FICHE DE DONN\u00c9ES DE S\u00c9CURIT\u00c9<\/a><\/li>\n<\/ul>\n<\/div>\n<\/div>\n<\/div>\n","protected":false},"excerpt":{"rendered":"<h4>Principaux avantages des joints d&#8217;\u00e9tanch\u00e9it\u00e9 &#8211; Dixon pour les brasseurs professionnels :<\/h4>\n<ul>\n<li>Garantit une \u00e9tanch\u00e9it\u00e9 fiable sous haute pression, jusqu&#8217;\u00e0 3000 PSI, id\u00e9ale pour les processus de brassage.<\/li>\n<li>R\u00e9sistant \u00e0 une large gamme de produits chimiques (pH 0-14), il convient \u00e0 divers environnements de brassage.<\/li>\n<li>Fabriqu\u00e9 en PTFE 100 % vierge, il garantit la durabilit\u00e9 et la conformit\u00e9 aux normes de la FDA.<\/li>\n<\/ul>\n","protected":false},"featured_media":10023,"template":"","meta":{"_acf_changed":false,"inline_featured_image":false},"product_brand":[740],"product_cat":[736,741,742],"product_tag":[],"class_list":{"0":"post-10017","1":"product","2":"type-product","3":"status-publish","4":"has-post-thumbnail","6":"product_brand-dixon","7":"product_cat-distribution","8":"product_cat-materiel","9":"product_cat-outils-industriels","11":"first","12":"instock","13":"taxable","14":"shipping-taxable","15":"purchasable","16":"product-type-variable"},"acf":[],"yoast_head":"<!-- This site is optimized with the Yoast SEO plugin v27.6 - https:\/\/yoast.com\/product\/yoast-seo-wordpress\/ -->\n<title>Joint d&#039;\u00e9tanch\u00e9it\u00e9 - Dixon - Pour brasseries professionnelles | Zytho<\/title>\n<meta name=\"description\" content=\"D\u00e9couvrez le mat\u00e9riau d&#039;\u00e9tanch\u00e9it\u00e9 pour joints de Dixon, parfait pour les brasseries. Fabriqu\u00e9 aux \u00c9tats-Unis, il offre une capacit\u00e9 de pression \u00e9lev\u00e9e, une r\u00e9sistance aux produits chimiques et une installation facile.\" \/>\n<meta name=\"robots\" content=\"index, follow, max-snippet:-1, max-image-preview:large, max-video-preview:-1\" \/>\n<link rel=\"canonical\" href=\"https:\/\/www.zytho.ca\/fr\/produit\/joint-detancheite-dixon\/\" \/>\n<meta property=\"og:locale\" content=\"fr_FR\" \/>\n<meta property=\"og:type\" content=\"article\" \/>\n<meta property=\"og:title\" content=\"Joint d&#039;\u00e9tanch\u00e9it\u00e9 - Dixon - Pour brasseries professionnelles | Zytho\" \/>\n<meta property=\"og:description\" content=\"D\u00e9couvrez le mat\u00e9riau d&#039;\u00e9tanch\u00e9it\u00e9 pour joints de Dixon, parfait pour les brasseries. Fabriqu\u00e9 aux \u00c9tats-Unis, il offre une capacit\u00e9 de pression \u00e9lev\u00e9e, une r\u00e9sistance aux produits chimiques et une installation facile.\" \/>\n<meta property=\"og:url\" content=\"https:\/\/www.zytho.ca\/fr\/produit\/joint-detancheite-dixon\/\" \/>\n<meta property=\"og:site_name\" content=\"Zytho\" \/>\n<meta property=\"og:image\" content=\"https:\/\/www.zytho.ca\/wp-content\/uploads\/2025\/10\/Joint-Sealant-Gasket-Material-Dixon.jpg\" \/>\n\t<meta property=\"og:image:width\" content=\"629\" \/>\n\t<meta property=\"og:image:height\" content=\"629\" \/>\n\t<meta property=\"og:image:type\" content=\"image\/jpeg\" \/>\n<meta name=\"twitter:card\" content=\"summary_large_image\" \/>\n<script type=\"application\/ld+json\" class=\"yoast-schema-graph\">{\"@context\":\"https:\\\/\\\/schema.org\",\"@graph\":[{\"@type\":\"WebPage\",\"@id\":\"https:\\\/\\\/www.zytho.ca\\\/fr\\\/produit\\\/joint-detancheite-dixon\\\/\",\"url\":\"https:\\\/\\\/www.zytho.ca\\\/fr\\\/produit\\\/joint-detancheite-dixon\\\/\",\"name\":\"Joint d'\u00e9tanch\u00e9it\u00e9 - Dixon - Pour brasseries professionnelles | Zytho\",\"isPartOf\":{\"@id\":\"https:\\\/\\\/www.zytho.ca\\\/fr\\\/#website\"},\"primaryImageOfPage\":{\"@id\":\"https:\\\/\\\/www.zytho.ca\\\/fr\\\/produit\\\/joint-detancheite-dixon\\\/#primaryimage\"},\"image\":{\"@id\":\"https:\\\/\\\/www.zytho.ca\\\/fr\\\/produit\\\/joint-detancheite-dixon\\\/#primaryimage\"},\"thumbnailUrl\":\"https:\\\/\\\/www.zytho.ca\\\/wp-content\\\/uploads\\\/2025\\\/10\\\/Joint-Sealant-Gasket-Material-Dixon.jpg\",\"datePublished\":\"2025-10-27T15:54:59+00:00\",\"description\":\"D\u00e9couvrez le mat\u00e9riau d'\u00e9tanch\u00e9it\u00e9 pour joints de Dixon, parfait pour les brasseries. Fabriqu\u00e9 aux \u00c9tats-Unis, il offre une capacit\u00e9 de pression \u00e9lev\u00e9e, une r\u00e9sistance aux produits chimiques et une installation facile.\",\"breadcrumb\":{\"@id\":\"https:\\\/\\\/www.zytho.ca\\\/fr\\\/produit\\\/joint-detancheite-dixon\\\/#breadcrumb\"},\"inLanguage\":\"fr-FR\",\"potentialAction\":[{\"@type\":\"ReadAction\",\"target\":[\"https:\\\/\\\/www.zytho.ca\\\/fr\\\/produit\\\/joint-detancheite-dixon\\\/\"]}]},{\"@type\":\"ImageObject\",\"inLanguage\":\"fr-FR\",\"@id\":\"https:\\\/\\\/www.zytho.ca\\\/fr\\\/produit\\\/joint-detancheite-dixon\\\/#primaryimage\",\"url\":\"https:\\\/\\\/www.zytho.ca\\\/wp-content\\\/uploads\\\/2025\\\/10\\\/Joint-Sealant-Gasket-Material-Dixon.jpg\",\"contentUrl\":\"https:\\\/\\\/www.zytho.ca\\\/wp-content\\\/uploads\\\/2025\\\/10\\\/Joint-Sealant-Gasket-Material-Dixon.jpg\",\"width\":629,\"height\":629},{\"@type\":\"BreadcrumbList\",\"@id\":\"https:\\\/\\\/www.zytho.ca\\\/fr\\\/produit\\\/joint-detancheite-dixon\\\/#breadcrumb\",\"itemListElement\":[{\"@type\":\"ListItem\",\"position\":1,\"name\":\"Accueil\",\"item\":\"https:\\\/\\\/www.zytho.ca\\\/fr\\\/\"},{\"@type\":\"ListItem\",\"position\":2,\"name\":\"Shop\",\"item\":\"https:\\\/\\\/www.zytho.ca\\\/fr\\\/shop\\\/\"},{\"@type\":\"ListItem\",\"position\":3,\"name\":\"Joint d&rsquo;\u00e9tanch\u00e9it\u00e9 &#8211; Dixon\"}]},{\"@type\":\"WebSite\",\"@id\":\"https:\\\/\\\/www.zytho.ca\\\/fr\\\/#website\",\"url\":\"https:\\\/\\\/www.zytho.ca\\\/fr\\\/\",\"name\":\"Zytho\",\"description\":\"\",\"publisher\":{\"@id\":\"https:\\\/\\\/www.zytho.ca\\\/fr\\\/#organization\"},\"potentialAction\":[{\"@type\":\"SearchAction\",\"target\":{\"@type\":\"EntryPoint\",\"urlTemplate\":\"https:\\\/\\\/www.zytho.ca\\\/fr\\\/?s={search_term_string}\"},\"query-input\":{\"@type\":\"PropertyValueSpecification\",\"valueRequired\":true,\"valueName\":\"search_term_string\"}}],\"inLanguage\":\"fr-FR\"},{\"@type\":\"Organization\",\"@id\":\"https:\\\/\\\/www.zytho.ca\\\/fr\\\/#organization\",\"name\":\"Zytho\",\"url\":\"https:\\\/\\\/www.zytho.ca\\\/fr\\\/\",\"logo\":{\"@type\":\"ImageObject\",\"inLanguage\":\"fr-FR\",\"@id\":\"https:\\\/\\\/www.zytho.ca\\\/fr\\\/#\\\/schema\\\/logo\\\/image\\\/\",\"url\":\"https:\\\/\\\/www.zytho.ca\\\/wp-content\\\/uploads\\\/2024\\\/05\\\/Zytho_reversed_horizontal.svg\",\"contentUrl\":\"https:\\\/\\\/www.zytho.ca\\\/wp-content\\\/uploads\\\/2024\\\/05\\\/Zytho_reversed_horizontal.svg\",\"width\":1582,\"height\":490,\"caption\":\"Zytho\"},\"image\":{\"@id\":\"https:\\\/\\\/www.zytho.ca\\\/fr\\\/#\\\/schema\\\/logo\\\/image\\\/\"}}]}<\/script>\n<!-- \/ Yoast SEO plugin. -->","yoast_head_json":{"title":"Joint d'\u00e9tanch\u00e9it\u00e9 - Dixon - Pour brasseries professionnelles | Zytho","description":"D\u00e9couvrez le mat\u00e9riau d'\u00e9tanch\u00e9it\u00e9 pour joints de Dixon, parfait pour les brasseries. Fabriqu\u00e9 aux \u00c9tats-Unis, il offre une capacit\u00e9 de pression \u00e9lev\u00e9e, une r\u00e9sistance aux produits chimiques et une installation facile.","robots":{"index":"index","follow":"follow","max-snippet":"max-snippet:-1","max-image-preview":"max-image-preview:large","max-video-preview":"max-video-preview:-1"},"canonical":"https:\/\/www.zytho.ca\/fr\/produit\/joint-detancheite-dixon\/","og_locale":"fr_FR","og_type":"article","og_title":"Joint d'\u00e9tanch\u00e9it\u00e9 - Dixon - Pour brasseries professionnelles | Zytho","og_description":"D\u00e9couvrez le mat\u00e9riau d'\u00e9tanch\u00e9it\u00e9 pour joints de Dixon, parfait pour les brasseries. Fabriqu\u00e9 aux \u00c9tats-Unis, il offre une capacit\u00e9 de pression \u00e9lev\u00e9e, une r\u00e9sistance aux produits chimiques et une installation facile.","og_url":"https:\/\/www.zytho.ca\/fr\/produit\/joint-detancheite-dixon\/","og_site_name":"Zytho","og_image":[{"width":629,"height":629,"url":"https:\/\/www.zytho.ca\/wp-content\/uploads\/2025\/10\/Joint-Sealant-Gasket-Material-Dixon.jpg","type":"image\/jpeg"}],"twitter_card":"summary_large_image","schema":{"@context":"https:\/\/schema.org","@graph":[{"@type":"WebPage","@id":"https:\/\/www.zytho.ca\/fr\/produit\/joint-detancheite-dixon\/","url":"https:\/\/www.zytho.ca\/fr\/produit\/joint-detancheite-dixon\/","name":"Joint d'\u00e9tanch\u00e9it\u00e9 - Dixon - Pour brasseries professionnelles | Zytho","isPartOf":{"@id":"https:\/\/www.zytho.ca\/fr\/#website"},"primaryImageOfPage":{"@id":"https:\/\/www.zytho.ca\/fr\/produit\/joint-detancheite-dixon\/#primaryimage"},"image":{"@id":"https:\/\/www.zytho.ca\/fr\/produit\/joint-detancheite-dixon\/#primaryimage"},"thumbnailUrl":"https:\/\/www.zytho.ca\/wp-content\/uploads\/2025\/10\/Joint-Sealant-Gasket-Material-Dixon.jpg","datePublished":"2025-10-27T15:54:59+00:00","description":"D\u00e9couvrez le mat\u00e9riau d'\u00e9tanch\u00e9it\u00e9 pour joints de Dixon, parfait pour les brasseries. Fabriqu\u00e9 aux \u00c9tats-Unis, il offre une capacit\u00e9 de pression \u00e9lev\u00e9e, une r\u00e9sistance aux produits chimiques et une installation facile.","breadcrumb":{"@id":"https:\/\/www.zytho.ca\/fr\/produit\/joint-detancheite-dixon\/#breadcrumb"},"inLanguage":"fr-FR","potentialAction":[{"@type":"ReadAction","target":["https:\/\/www.zytho.ca\/fr\/produit\/joint-detancheite-dixon\/"]}]},{"@type":"ImageObject","inLanguage":"fr-FR","@id":"https:\/\/www.zytho.ca\/fr\/produit\/joint-detancheite-dixon\/#primaryimage","url":"https:\/\/www.zytho.ca\/wp-content\/uploads\/2025\/10\/Joint-Sealant-Gasket-Material-Dixon.jpg","contentUrl":"https:\/\/www.zytho.ca\/wp-content\/uploads\/2025\/10\/Joint-Sealant-Gasket-Material-Dixon.jpg","width":629,"height":629},{"@type":"BreadcrumbList","@id":"https:\/\/www.zytho.ca\/fr\/produit\/joint-detancheite-dixon\/#breadcrumb","itemListElement":[{"@type":"ListItem","position":1,"name":"Accueil","item":"https:\/\/www.zytho.ca\/fr\/"},{"@type":"ListItem","position":2,"name":"Shop","item":"https:\/\/www.zytho.ca\/fr\/shop\/"},{"@type":"ListItem","position":3,"name":"Joint d&rsquo;\u00e9tanch\u00e9it\u00e9 &#8211; Dixon"}]},{"@type":"WebSite","@id":"https:\/\/www.zytho.ca\/fr\/#website","url":"https:\/\/www.zytho.ca\/fr\/","name":"Zytho","description":"","publisher":{"@id":"https:\/\/www.zytho.ca\/fr\/#organization"},"potentialAction":[{"@type":"SearchAction","target":{"@type":"EntryPoint","urlTemplate":"https:\/\/www.zytho.ca\/fr\/?s={search_term_string}"},"query-input":{"@type":"PropertyValueSpecification","valueRequired":true,"valueName":"search_term_string"}}],"inLanguage":"fr-FR"},{"@type":"Organization","@id":"https:\/\/www.zytho.ca\/fr\/#organization","name":"Zytho","url":"https:\/\/www.zytho.ca\/fr\/","logo":{"@type":"ImageObject","inLanguage":"fr-FR","@id":"https:\/\/www.zytho.ca\/fr\/#\/schema\/logo\/image\/","url":"https:\/\/www.zytho.ca\/wp-content\/uploads\/2024\/05\/Zytho_reversed_horizontal.svg","contentUrl":"https:\/\/www.zytho.ca\/wp-content\/uploads\/2024\/05\/Zytho_reversed_horizontal.svg","width":1582,"height":490,"caption":"Zytho"},"image":{"@id":"https:\/\/www.zytho.ca\/fr\/#\/schema\/logo\/image\/"}}]}},"_links":{"self":[{"href":"https:\/\/www.zytho.ca\/fr\/wp-json\/wp\/v2\/product\/10017","targetHints":{"allow":["GET"]}}],"collection":[{"href":"https:\/\/www.zytho.ca\/fr\/wp-json\/wp\/v2\/product"}],"about":[{"href":"https:\/\/www.zytho.ca\/fr\/wp-json\/wp\/v2\/types\/product"}],"wp:featuredmedia":[{"embeddable":true,"href":"https:\/\/www.zytho.ca\/fr\/wp-json\/wp\/v2\/media\/10023"}],"wp:attachment":[{"href":"https:\/\/www.zytho.ca\/fr\/wp-json\/wp\/v2\/media?parent=10017"}],"wp:term":[{"taxonomy":"product_brand","embeddable":true,"href":"https:\/\/www.zytho.ca\/fr\/wp-json\/wp\/v2\/product_brand?post=10017"},{"taxonomy":"product_cat","embeddable":true,"href":"https:\/\/www.zytho.ca\/fr\/wp-json\/wp\/v2\/product_cat?post=10017"},{"taxonomy":"product_tag","embeddable":true,"href":"https:\/\/www.zytho.ca\/fr\/wp-json\/wp\/v2\/product_tag?post=10017"}],"curies":[{"name":"wp","href":"https:\/\/api.w.org\/{rel}","templated":true}]}}