{"id":10016,"date":"2025-10-27T15:54:44","date_gmt":"2025-10-27T15:54:44","guid":{"rendered":"https:\/\/zytho.ca\/product\/b24-tube-uni-hinge-block-hanger-dixon\/"},"modified":"2026-03-17T13:24:17","modified_gmt":"2026-03-17T13:24:17","slug":"b24-tube-uni-hinge-block-hanger-dixon","status":"publish","type":"product","link":"https:\/\/www.zytho.ca\/fr\/produit\/b24-tube-uni-hinge-block-hanger-dixon\/","title":{"rendered":"B24 Tube Uni-Hinge Block Hanger &#8211; Dixon"},"content":{"rendered":"<h6><strong>Avantages :<\/strong><\/h6>\n<ul>\n<li>La conception de la suspente lui permet d&#8217;\u00eatre parfaitement int\u00e9gr\u00e9e dans la gaine d&#8217;isolation gr\u00e2ce \u00e0 son diam\u00e8tre ext\u00e9rieur r\u00e9duit.<\/li>\n<li>Les \u00e9l\u00e9ments de quincaillerie sont con\u00e7us sans filets ni ouvertures visibles, ce qui garantit une installation propre et s\u00fbre.<\/li>\n<li>Toutes les plaques de quincaillerie sont polies, les boulons sont m\u00e9ticuleusement nettoy\u00e9s et les \u00e9crous lubrifi\u00e9s \u00e0 l&#8217;aide de produits conformes \u00e0 la FDA.<\/li>\n<li>Les sp\u00e9cifications du filetage sont align\u00e9es sur les normes MSS 69 relatives au diam\u00e8tre ext\u00e9rieur des tiges.<\/li>\n<\/ul>\n<h6><strong>Applications :<\/strong><\/h6>\n<ul>\n<li>Convient aux salles blanches et aux espaces m\u00e9caniques, y compris, mais sans s&#8217;y limiter, aux environnements biotechnologiques, pharmaceutiques et agroalimentaires.<\/li>\n<li>Id\u00e9al pour les syst\u00e8mes \u00e0 faible d\u00e9bit et \u00e0 faible pression qui subissent des vibrations mod\u00e9r\u00e9es, tels que les lignes WFI, SIP, CIP, de process, d&#8217;utilit\u00e9s et d&#8217;instrumentation.<\/li>\n<\/ul>\n<h6><strong>D\u00e9tails du produit :<\/strong><\/h6>\n<ul>\n<li>Fabriqu\u00e9 avec un insert en silicone d&#8217;une seule pi\u00e8ce d&#8217;une duret\u00e9 de 80 durom\u00e8tres.<\/li>\n<li>Tous les \u00e9l\u00e9ments de la quincaillerie sont en acier inoxydable 304 et 316.<\/li>\n<\/ul>\n","protected":false},"excerpt":{"rendered":"<h4>Principaux avantages de l&#8217;accroche-bloc B24 Tube Uni-Hinge pour les brasseurs professionnels<\/h4>\n<ul>\n<li>Int\u00e9gration sans faille dans les gaines d&#8217;isolation pour un environnement de brassage propre et efficace.<\/li>\n<li>Installation s\u00e9curis\u00e9e avec du mat\u00e9riel poli, conforme \u00e0 la FDA, id\u00e9al pour maintenir les normes d&#8217;hygi\u00e8ne.<\/li>\n<li>La construction durable en acier inoxydable garantit la fiabilit\u00e9 dans les syst\u00e8mes \u00e0 vibrations mod\u00e9r\u00e9es et \u00e0 faible pression.<\/li>\n<\/ul>\n","protected":false},"featured_media":10018,"template":"","meta":{"_acf_changed":false,"inline_featured_image":false},"product_brand":[740],"product_cat":[736,741,749],"product_tag":[],"class_list":{"0":"post-10016","1":"product","2":"type-product","3":"status-publish","4":"has-post-thumbnail","6":"product_brand-dixon","7":"product_cat-distribution","8":"product_cat-materiel","9":"product_cat-quincaillerie-industrielle","11":"first","12":"instock","13":"taxable","14":"shipping-taxable","15":"purchasable","16":"product-type-variable"},"acf":[],"yoast_head":"<!-- This site is optimized with the Yoast SEO plugin v27.6 - https:\/\/yoast.com\/product\/yoast-seo-wordpress\/ -->\n<title>B24 Tube Uni-Hinge Block Hanger - Dixon - For Pro Breweries | Zytho<\/title>\n<meta name=\"description\" content=\"Optimisez les salles blanches et les espaces m\u00e9caniques de votre brasserie avec le cintre B24 Tube Uni-Hinge Block Hanger de Dixon. Int\u00e9gration parfaite, installation s\u00e9curis\u00e9e et conforme aux normes FDA.\" \/>\n<meta name=\"robots\" content=\"index, follow, max-snippet:-1, max-image-preview:large, max-video-preview:-1\" \/>\n<link rel=\"canonical\" href=\"https:\/\/www.zytho.ca\/fr\/produit\/b24-tube-uni-hinge-block-hanger-dixon\/\" \/>\n<meta property=\"og:locale\" content=\"fr_FR\" \/>\n<meta property=\"og:type\" content=\"article\" \/>\n<meta property=\"og:title\" content=\"B24 Tube Uni-Hinge Block Hanger - Dixon - For Pro Breweries | Zytho\" \/>\n<meta property=\"og:description\" content=\"Optimisez les salles blanches et les espaces m\u00e9caniques de votre brasserie avec le cintre B24 Tube Uni-Hinge Block Hanger de Dixon. Int\u00e9gration parfaite, installation s\u00e9curis\u00e9e et conforme aux normes FDA.\" \/>\n<meta property=\"og:url\" content=\"https:\/\/www.zytho.ca\/fr\/produit\/b24-tube-uni-hinge-block-hanger-dixon\/\" \/>\n<meta property=\"og:site_name\" content=\"Zytho\" \/>\n<meta property=\"article:modified_time\" content=\"2026-03-17T13:24:17+00:00\" \/>\n<meta property=\"og:image\" content=\"https:\/\/www.zytho.ca\/wp-content\/uploads\/2025\/10\/B24-Tube-Uni-Hinge-Block-Hanger-Dixon.jpg\" \/>\n\t<meta property=\"og:image:width\" content=\"584\" \/>\n\t<meta property=\"og:image:height\" content=\"584\" \/>\n\t<meta property=\"og:image:type\" content=\"image\/jpeg\" \/>\n<meta name=\"twitter:card\" content=\"summary_large_image\" \/>\n<meta name=\"twitter:label1\" content=\"Dur\u00e9e de lecture estim\u00e9e\" \/>\n\t<meta name=\"twitter:data1\" content=\"1 minute\" \/>\n<script type=\"application\/ld+json\" class=\"yoast-schema-graph\">{\"@context\":\"https:\\\/\\\/schema.org\",\"@graph\":[{\"@type\":\"WebPage\",\"@id\":\"https:\\\/\\\/www.zytho.ca\\\/fr\\\/produit\\\/b24-tube-uni-hinge-block-hanger-dixon\\\/\",\"url\":\"https:\\\/\\\/www.zytho.ca\\\/fr\\\/produit\\\/b24-tube-uni-hinge-block-hanger-dixon\\\/\",\"name\":\"B24 Tube Uni-Hinge Block Hanger - Dixon - For Pro Breweries | Zytho\",\"isPartOf\":{\"@id\":\"https:\\\/\\\/www.zytho.ca\\\/fr\\\/#website\"},\"primaryImageOfPage\":{\"@id\":\"https:\\\/\\\/www.zytho.ca\\\/fr\\\/produit\\\/b24-tube-uni-hinge-block-hanger-dixon\\\/#primaryimage\"},\"image\":{\"@id\":\"https:\\\/\\\/www.zytho.ca\\\/fr\\\/produit\\\/b24-tube-uni-hinge-block-hanger-dixon\\\/#primaryimage\"},\"thumbnailUrl\":\"https:\\\/\\\/www.zytho.ca\\\/wp-content\\\/uploads\\\/2025\\\/10\\\/B24-Tube-Uni-Hinge-Block-Hanger-Dixon.jpg\",\"datePublished\":\"2025-10-27T15:54:44+00:00\",\"dateModified\":\"2026-03-17T13:24:17+00:00\",\"description\":\"Optimisez les salles blanches et les espaces m\u00e9caniques de votre brasserie avec le cintre B24 Tube Uni-Hinge Block Hanger de Dixon. Int\u00e9gration parfaite, installation s\u00e9curis\u00e9e et conforme aux normes FDA.\",\"breadcrumb\":{\"@id\":\"https:\\\/\\\/www.zytho.ca\\\/fr\\\/produit\\\/b24-tube-uni-hinge-block-hanger-dixon\\\/#breadcrumb\"},\"inLanguage\":\"fr-FR\",\"potentialAction\":[{\"@type\":\"ReadAction\",\"target\":[\"https:\\\/\\\/www.zytho.ca\\\/fr\\\/produit\\\/b24-tube-uni-hinge-block-hanger-dixon\\\/\"]}]},{\"@type\":\"ImageObject\",\"inLanguage\":\"fr-FR\",\"@id\":\"https:\\\/\\\/www.zytho.ca\\\/fr\\\/produit\\\/b24-tube-uni-hinge-block-hanger-dixon\\\/#primaryimage\",\"url\":\"https:\\\/\\\/www.zytho.ca\\\/wp-content\\\/uploads\\\/2025\\\/10\\\/B24-Tube-Uni-Hinge-Block-Hanger-Dixon.jpg\",\"contentUrl\":\"https:\\\/\\\/www.zytho.ca\\\/wp-content\\\/uploads\\\/2025\\\/10\\\/B24-Tube-Uni-Hinge-Block-Hanger-Dixon.jpg\",\"width\":584,\"height\":584},{\"@type\":\"BreadcrumbList\",\"@id\":\"https:\\\/\\\/www.zytho.ca\\\/fr\\\/produit\\\/b24-tube-uni-hinge-block-hanger-dixon\\\/#breadcrumb\",\"itemListElement\":[{\"@type\":\"ListItem\",\"position\":1,\"name\":\"Accueil\",\"item\":\"https:\\\/\\\/www.zytho.ca\\\/fr\\\/\"},{\"@type\":\"ListItem\",\"position\":2,\"name\":\"Shop\",\"item\":\"https:\\\/\\\/www.zytho.ca\\\/fr\\\/shop\\\/\"},{\"@type\":\"ListItem\",\"position\":3,\"name\":\"B24 Tube Uni-Hinge Block Hanger &#8211; Dixon\"}]},{\"@type\":\"WebSite\",\"@id\":\"https:\\\/\\\/www.zytho.ca\\\/fr\\\/#website\",\"url\":\"https:\\\/\\\/www.zytho.ca\\\/fr\\\/\",\"name\":\"Zytho\",\"description\":\"\",\"publisher\":{\"@id\":\"https:\\\/\\\/www.zytho.ca\\\/fr\\\/#organization\"},\"potentialAction\":[{\"@type\":\"SearchAction\",\"target\":{\"@type\":\"EntryPoint\",\"urlTemplate\":\"https:\\\/\\\/www.zytho.ca\\\/fr\\\/?s={search_term_string}\"},\"query-input\":{\"@type\":\"PropertyValueSpecification\",\"valueRequired\":true,\"valueName\":\"search_term_string\"}}],\"inLanguage\":\"fr-FR\"},{\"@type\":\"Organization\",\"@id\":\"https:\\\/\\\/www.zytho.ca\\\/fr\\\/#organization\",\"name\":\"Zytho\",\"url\":\"https:\\\/\\\/www.zytho.ca\\\/fr\\\/\",\"logo\":{\"@type\":\"ImageObject\",\"inLanguage\":\"fr-FR\",\"@id\":\"https:\\\/\\\/www.zytho.ca\\\/fr\\\/#\\\/schema\\\/logo\\\/image\\\/\",\"url\":\"https:\\\/\\\/www.zytho.ca\\\/wp-content\\\/uploads\\\/2024\\\/05\\\/Zytho_reversed_horizontal.svg\",\"contentUrl\":\"https:\\\/\\\/www.zytho.ca\\\/wp-content\\\/uploads\\\/2024\\\/05\\\/Zytho_reversed_horizontal.svg\",\"width\":1582,\"height\":490,\"caption\":\"Zytho\"},\"image\":{\"@id\":\"https:\\\/\\\/www.zytho.ca\\\/fr\\\/#\\\/schema\\\/logo\\\/image\\\/\"}}]}<\/script>\n<!-- \/ Yoast SEO plugin. -->","yoast_head_json":{"title":"B24 Tube Uni-Hinge Block Hanger - Dixon - For Pro Breweries | Zytho","description":"Optimisez les salles blanches et les espaces m\u00e9caniques de votre brasserie avec le cintre B24 Tube Uni-Hinge Block Hanger de Dixon. Int\u00e9gration parfaite, installation s\u00e9curis\u00e9e et conforme aux normes FDA.","robots":{"index":"index","follow":"follow","max-snippet":"max-snippet:-1","max-image-preview":"max-image-preview:large","max-video-preview":"max-video-preview:-1"},"canonical":"https:\/\/www.zytho.ca\/fr\/produit\/b24-tube-uni-hinge-block-hanger-dixon\/","og_locale":"fr_FR","og_type":"article","og_title":"B24 Tube Uni-Hinge Block Hanger - Dixon - For Pro Breweries | Zytho","og_description":"Optimisez les salles blanches et les espaces m\u00e9caniques de votre brasserie avec le cintre B24 Tube Uni-Hinge Block Hanger de Dixon. Int\u00e9gration parfaite, installation s\u00e9curis\u00e9e et conforme aux normes FDA.","og_url":"https:\/\/www.zytho.ca\/fr\/produit\/b24-tube-uni-hinge-block-hanger-dixon\/","og_site_name":"Zytho","article_modified_time":"2026-03-17T13:24:17+00:00","og_image":[{"width":584,"height":584,"url":"https:\/\/www.zytho.ca\/wp-content\/uploads\/2025\/10\/B24-Tube-Uni-Hinge-Block-Hanger-Dixon.jpg","type":"image\/jpeg"}],"twitter_card":"summary_large_image","twitter_misc":{"Dur\u00e9e de lecture estim\u00e9e":"1 minute"},"schema":{"@context":"https:\/\/schema.org","@graph":[{"@type":"WebPage","@id":"https:\/\/www.zytho.ca\/fr\/produit\/b24-tube-uni-hinge-block-hanger-dixon\/","url":"https:\/\/www.zytho.ca\/fr\/produit\/b24-tube-uni-hinge-block-hanger-dixon\/","name":"B24 Tube Uni-Hinge Block Hanger - Dixon - For Pro Breweries | Zytho","isPartOf":{"@id":"https:\/\/www.zytho.ca\/fr\/#website"},"primaryImageOfPage":{"@id":"https:\/\/www.zytho.ca\/fr\/produit\/b24-tube-uni-hinge-block-hanger-dixon\/#primaryimage"},"image":{"@id":"https:\/\/www.zytho.ca\/fr\/produit\/b24-tube-uni-hinge-block-hanger-dixon\/#primaryimage"},"thumbnailUrl":"https:\/\/www.zytho.ca\/wp-content\/uploads\/2025\/10\/B24-Tube-Uni-Hinge-Block-Hanger-Dixon.jpg","datePublished":"2025-10-27T15:54:44+00:00","dateModified":"2026-03-17T13:24:17+00:00","description":"Optimisez les salles blanches et les espaces m\u00e9caniques de votre brasserie avec le cintre B24 Tube Uni-Hinge Block Hanger de Dixon. Int\u00e9gration parfaite, installation s\u00e9curis\u00e9e et conforme aux normes FDA.","breadcrumb":{"@id":"https:\/\/www.zytho.ca\/fr\/produit\/b24-tube-uni-hinge-block-hanger-dixon\/#breadcrumb"},"inLanguage":"fr-FR","potentialAction":[{"@type":"ReadAction","target":["https:\/\/www.zytho.ca\/fr\/produit\/b24-tube-uni-hinge-block-hanger-dixon\/"]}]},{"@type":"ImageObject","inLanguage":"fr-FR","@id":"https:\/\/www.zytho.ca\/fr\/produit\/b24-tube-uni-hinge-block-hanger-dixon\/#primaryimage","url":"https:\/\/www.zytho.ca\/wp-content\/uploads\/2025\/10\/B24-Tube-Uni-Hinge-Block-Hanger-Dixon.jpg","contentUrl":"https:\/\/www.zytho.ca\/wp-content\/uploads\/2025\/10\/B24-Tube-Uni-Hinge-Block-Hanger-Dixon.jpg","width":584,"height":584},{"@type":"BreadcrumbList","@id":"https:\/\/www.zytho.ca\/fr\/produit\/b24-tube-uni-hinge-block-hanger-dixon\/#breadcrumb","itemListElement":[{"@type":"ListItem","position":1,"name":"Accueil","item":"https:\/\/www.zytho.ca\/fr\/"},{"@type":"ListItem","position":2,"name":"Shop","item":"https:\/\/www.zytho.ca\/fr\/shop\/"},{"@type":"ListItem","position":3,"name":"B24 Tube Uni-Hinge Block Hanger &#8211; Dixon"}]},{"@type":"WebSite","@id":"https:\/\/www.zytho.ca\/fr\/#website","url":"https:\/\/www.zytho.ca\/fr\/","name":"Zytho","description":"","publisher":{"@id":"https:\/\/www.zytho.ca\/fr\/#organization"},"potentialAction":[{"@type":"SearchAction","target":{"@type":"EntryPoint","urlTemplate":"https:\/\/www.zytho.ca\/fr\/?s={search_term_string}"},"query-input":{"@type":"PropertyValueSpecification","valueRequired":true,"valueName":"search_term_string"}}],"inLanguage":"fr-FR"},{"@type":"Organization","@id":"https:\/\/www.zytho.ca\/fr\/#organization","name":"Zytho","url":"https:\/\/www.zytho.ca\/fr\/","logo":{"@type":"ImageObject","inLanguage":"fr-FR","@id":"https:\/\/www.zytho.ca\/fr\/#\/schema\/logo\/image\/","url":"https:\/\/www.zytho.ca\/wp-content\/uploads\/2024\/05\/Zytho_reversed_horizontal.svg","contentUrl":"https:\/\/www.zytho.ca\/wp-content\/uploads\/2024\/05\/Zytho_reversed_horizontal.svg","width":1582,"height":490,"caption":"Zytho"},"image":{"@id":"https:\/\/www.zytho.ca\/fr\/#\/schema\/logo\/image\/"}}]}},"_links":{"self":[{"href":"https:\/\/www.zytho.ca\/fr\/wp-json\/wp\/v2\/product\/10016","targetHints":{"allow":["GET"]}}],"collection":[{"href":"https:\/\/www.zytho.ca\/fr\/wp-json\/wp\/v2\/product"}],"about":[{"href":"https:\/\/www.zytho.ca\/fr\/wp-json\/wp\/v2\/types\/product"}],"wp:featuredmedia":[{"embeddable":true,"href":"https:\/\/www.zytho.ca\/fr\/wp-json\/wp\/v2\/media\/10018"}],"wp:attachment":[{"href":"https:\/\/www.zytho.ca\/fr\/wp-json\/wp\/v2\/media?parent=10016"}],"wp:term":[{"taxonomy":"product_brand","embeddable":true,"href":"https:\/\/www.zytho.ca\/fr\/wp-json\/wp\/v2\/product_brand?post=10016"},{"taxonomy":"product_cat","embeddable":true,"href":"https:\/\/www.zytho.ca\/fr\/wp-json\/wp\/v2\/product_cat?post=10016"},{"taxonomy":"product_tag","embeddable":true,"href":"https:\/\/www.zytho.ca\/fr\/wp-json\/wp\/v2\/product_tag?post=10016"}],"curies":[{"name":"wp","href":"https:\/\/api.w.org\/{rel}","templated":true}]}}