{"id":10007,"date":"2025-10-27T15:54:59","date_gmt":"2025-10-27T15:54:59","guid":{"rendered":"https:\/\/zytho.ca\/product\/lcts-pate-detancheite-pour-filetage-dixon\/"},"modified":"2025-11-10T12:33:18","modified_gmt":"2025-11-10T12:33:18","slug":"lcts-pate-detancheite-pour-filetage-dixon","status":"publish","type":"product","link":"https:\/\/www.zytho.ca\/fr\/produit\/lcts-pate-detancheite-pour-filetage-dixon\/","title":{"rendered":"LCTS P\u00e2te d&#8217;\u00e9tanch\u00e9it\u00e9 pour filetage &#8211; Dixon"},"content":{"rendered":"<p>La p\u00e2te d&#8217;\u00e9tanch\u00e9it\u00e9 pour filetages Dixon LCTS offre un joint fiable et \u00e9tanche pour les raccords de tuyaux filet\u00e9s dans les applications industrielles. Formul\u00e9e pour une utilisation avec des filetages en m\u00e9tal, PVC, CPVC et ABS, cette p\u00e2te non durcissante et non s\u00e9parable offre une excellente r\u00e9sistance \u00e0 la pression, aux vibrations et aux fluctuations de temp\u00e9rature. Elle assure un assemblage et un d\u00e9montage faciles tout en pr\u00e9venant le grippage et la corrosion. Id\u00e9ale pour les services d&#8217;air, d&#8217;eau, de vapeur, de gaz et de produits chimiques, la p\u00e2te d&#8217;\u00e9tanch\u00e9it\u00e9 LCTS est une solution polyvalente et fiable pour maintenir des syst\u00e8mes de process s\u00fbrs et efficaces.   <\/p>\n","protected":false},"excerpt":{"rendered":"<h4>Principaux avantages de la p\u00e2te d&#8217;\u00e9tanch\u00e9it\u00e9 pour filetage LCTS &#8211; Dixon pour les brasseurs professionnels<\/h4>\n<ul>\n<li>Performances d&#8217;\u00e9tanch\u00e9it\u00e9 accrues : Garantit des connexions fiables et \u00e9tanches dans les syst\u00e8mes de brassage.<\/li>\n<li>R\u00e9sistance \u00e0 la temp\u00e9rature et \u00e0 la pression : R\u00e9siste aux conditions exigeantes des processus de brassage.<\/li>\n<li>Application et retrait faciles : Simplifie l&#8217;entretien gr\u00e2ce \u00e0 une application et un retrait faciles.<\/li>\n<\/ul>\n<p>&nbsp;<\/p>\n","protected":false},"featured_media":10009,"template":"","meta":{"_acf_changed":false,"inline_featured_image":false},"product_brand":[740],"product_cat":[736,741,742],"product_tag":[],"class_list":{"0":"post-10007","1":"product","2":"type-product","3":"status-publish","4":"has-post-thumbnail","6":"product_brand-dixon","7":"product_cat-distribution","8":"product_cat-materiel","9":"product_cat-outils-industriels","11":"first","12":"instock","13":"taxable","14":"shipping-taxable","15":"purchasable","16":"product-type-variable"},"acf":[],"yoast_head":"<!-- This site is optimized with the Yoast SEO plugin v27.6 - https:\/\/yoast.com\/product\/yoast-seo-wordpress\/ -->\n<title>LCTS Thread Sealant Paste - Dixon - Pour brasseries professionnelles | Zytho<\/title>\n<meta name=\"description\" content=\"Garantissez un brassage sans fuite avec la p\u00e2te d&#039;\u00e9tanch\u00e9it\u00e9 pour filetage LCTS de Dixon. Les brasseurs professionnels lui font confiance pour ses performances d&#039;\u00e9tanch\u00e9it\u00e9 fiables. Parfait pour vos besoins en brasserie !\" \/>\n<meta name=\"robots\" content=\"index, follow, max-snippet:-1, max-image-preview:large, max-video-preview:-1\" \/>\n<link rel=\"canonical\" href=\"https:\/\/www.zytho.ca\/fr\/produit\/lcts-pate-detancheite-pour-filetage-dixon\/\" \/>\n<meta property=\"og:locale\" content=\"fr_FR\" \/>\n<meta property=\"og:type\" content=\"article\" \/>\n<meta property=\"og:title\" content=\"LCTS Thread Sealant Paste - Dixon - Pour brasseries professionnelles | Zytho\" \/>\n<meta property=\"og:description\" content=\"Garantissez un brassage sans fuite avec la p\u00e2te d&#039;\u00e9tanch\u00e9it\u00e9 pour filetage LCTS de Dixon. Les brasseurs professionnels lui font confiance pour ses performances d&#039;\u00e9tanch\u00e9it\u00e9 fiables. Parfait pour vos besoins en brasserie !\" \/>\n<meta property=\"og:url\" content=\"https:\/\/www.zytho.ca\/fr\/produit\/lcts-pate-detancheite-pour-filetage-dixon\/\" \/>\n<meta property=\"og:site_name\" content=\"Zytho\" \/>\n<meta property=\"article:modified_time\" content=\"2025-11-10T12:33:18+00:00\" \/>\n<meta property=\"og:image\" content=\"https:\/\/www.zytho.ca\/wp-content\/uploads\/2025\/10\/LCTS-Thread-Sealant-Paste-Dixon.jpg\" \/>\n\t<meta property=\"og:image:width\" content=\"608\" \/>\n\t<meta property=\"og:image:height\" content=\"608\" \/>\n\t<meta property=\"og:image:type\" content=\"image\/jpeg\" \/>\n<meta name=\"twitter:card\" content=\"summary_large_image\" \/>\n<meta name=\"twitter:label1\" content=\"Dur\u00e9e de lecture estim\u00e9e\" \/>\n\t<meta name=\"twitter:data1\" content=\"1 minute\" \/>\n<script type=\"application\/ld+json\" class=\"yoast-schema-graph\">{\"@context\":\"https:\\\/\\\/schema.org\",\"@graph\":[{\"@type\":\"WebPage\",\"@id\":\"https:\\\/\\\/www.zytho.ca\\\/fr\\\/produit\\\/lcts-pate-detancheite-pour-filetage-dixon\\\/\",\"url\":\"https:\\\/\\\/www.zytho.ca\\\/fr\\\/produit\\\/lcts-pate-detancheite-pour-filetage-dixon\\\/\",\"name\":\"LCTS Thread Sealant Paste - Dixon - Pour brasseries professionnelles | Zytho\",\"isPartOf\":{\"@id\":\"https:\\\/\\\/www.zytho.ca\\\/fr\\\/#website\"},\"primaryImageOfPage\":{\"@id\":\"https:\\\/\\\/www.zytho.ca\\\/fr\\\/produit\\\/lcts-pate-detancheite-pour-filetage-dixon\\\/#primaryimage\"},\"image\":{\"@id\":\"https:\\\/\\\/www.zytho.ca\\\/fr\\\/produit\\\/lcts-pate-detancheite-pour-filetage-dixon\\\/#primaryimage\"},\"thumbnailUrl\":\"https:\\\/\\\/www.zytho.ca\\\/wp-content\\\/uploads\\\/2025\\\/10\\\/LCTS-Thread-Sealant-Paste-Dixon.jpg\",\"datePublished\":\"2025-10-27T15:54:59+00:00\",\"dateModified\":\"2025-11-10T12:33:18+00:00\",\"description\":\"Garantissez un brassage sans fuite avec la p\u00e2te d'\u00e9tanch\u00e9it\u00e9 pour filetage LCTS de Dixon. Les brasseurs professionnels lui font confiance pour ses performances d'\u00e9tanch\u00e9it\u00e9 fiables. Parfait pour vos besoins en brasserie !\",\"breadcrumb\":{\"@id\":\"https:\\\/\\\/www.zytho.ca\\\/fr\\\/produit\\\/lcts-pate-detancheite-pour-filetage-dixon\\\/#breadcrumb\"},\"inLanguage\":\"fr-FR\",\"potentialAction\":[{\"@type\":\"ReadAction\",\"target\":[\"https:\\\/\\\/www.zytho.ca\\\/fr\\\/produit\\\/lcts-pate-detancheite-pour-filetage-dixon\\\/\"]}]},{\"@type\":\"ImageObject\",\"inLanguage\":\"fr-FR\",\"@id\":\"https:\\\/\\\/www.zytho.ca\\\/fr\\\/produit\\\/lcts-pate-detancheite-pour-filetage-dixon\\\/#primaryimage\",\"url\":\"https:\\\/\\\/www.zytho.ca\\\/wp-content\\\/uploads\\\/2025\\\/10\\\/LCTS-Thread-Sealant-Paste-Dixon.jpg\",\"contentUrl\":\"https:\\\/\\\/www.zytho.ca\\\/wp-content\\\/uploads\\\/2025\\\/10\\\/LCTS-Thread-Sealant-Paste-Dixon.jpg\",\"width\":608,\"height\":608},{\"@type\":\"BreadcrumbList\",\"@id\":\"https:\\\/\\\/www.zytho.ca\\\/fr\\\/produit\\\/lcts-pate-detancheite-pour-filetage-dixon\\\/#breadcrumb\",\"itemListElement\":[{\"@type\":\"ListItem\",\"position\":1,\"name\":\"Accueil\",\"item\":\"https:\\\/\\\/www.zytho.ca\\\/fr\\\/\"},{\"@type\":\"ListItem\",\"position\":2,\"name\":\"Shop\",\"item\":\"https:\\\/\\\/www.zytho.ca\\\/fr\\\/shop\\\/\"},{\"@type\":\"ListItem\",\"position\":3,\"name\":\"LCTS P\u00e2te d&#8217;\u00e9tanch\u00e9it\u00e9 pour filetage &#8211; Dixon\"}]},{\"@type\":\"WebSite\",\"@id\":\"https:\\\/\\\/www.zytho.ca\\\/fr\\\/#website\",\"url\":\"https:\\\/\\\/www.zytho.ca\\\/fr\\\/\",\"name\":\"Zytho\",\"description\":\"\",\"publisher\":{\"@id\":\"https:\\\/\\\/www.zytho.ca\\\/fr\\\/#organization\"},\"potentialAction\":[{\"@type\":\"SearchAction\",\"target\":{\"@type\":\"EntryPoint\",\"urlTemplate\":\"https:\\\/\\\/www.zytho.ca\\\/fr\\\/?s={search_term_string}\"},\"query-input\":{\"@type\":\"PropertyValueSpecification\",\"valueRequired\":true,\"valueName\":\"search_term_string\"}}],\"inLanguage\":\"fr-FR\"},{\"@type\":\"Organization\",\"@id\":\"https:\\\/\\\/www.zytho.ca\\\/fr\\\/#organization\",\"name\":\"Zytho\",\"url\":\"https:\\\/\\\/www.zytho.ca\\\/fr\\\/\",\"logo\":{\"@type\":\"ImageObject\",\"inLanguage\":\"fr-FR\",\"@id\":\"https:\\\/\\\/www.zytho.ca\\\/fr\\\/#\\\/schema\\\/logo\\\/image\\\/\",\"url\":\"https:\\\/\\\/www.zytho.ca\\\/wp-content\\\/uploads\\\/2024\\\/05\\\/Zytho_reversed_horizontal.svg\",\"contentUrl\":\"https:\\\/\\\/www.zytho.ca\\\/wp-content\\\/uploads\\\/2024\\\/05\\\/Zytho_reversed_horizontal.svg\",\"width\":1582,\"height\":490,\"caption\":\"Zytho\"},\"image\":{\"@id\":\"https:\\\/\\\/www.zytho.ca\\\/fr\\\/#\\\/schema\\\/logo\\\/image\\\/\"}}]}<\/script>\n<!-- \/ Yoast SEO plugin. -->","yoast_head_json":{"title":"LCTS Thread Sealant Paste - Dixon - Pour brasseries professionnelles | Zytho","description":"Garantissez un brassage sans fuite avec la p\u00e2te d'\u00e9tanch\u00e9it\u00e9 pour filetage LCTS de Dixon. Les brasseurs professionnels lui font confiance pour ses performances d'\u00e9tanch\u00e9it\u00e9 fiables. Parfait pour vos besoins en brasserie !","robots":{"index":"index","follow":"follow","max-snippet":"max-snippet:-1","max-image-preview":"max-image-preview:large","max-video-preview":"max-video-preview:-1"},"canonical":"https:\/\/www.zytho.ca\/fr\/produit\/lcts-pate-detancheite-pour-filetage-dixon\/","og_locale":"fr_FR","og_type":"article","og_title":"LCTS Thread Sealant Paste - Dixon - Pour brasseries professionnelles | Zytho","og_description":"Garantissez un brassage sans fuite avec la p\u00e2te d'\u00e9tanch\u00e9it\u00e9 pour filetage LCTS de Dixon. Les brasseurs professionnels lui font confiance pour ses performances d'\u00e9tanch\u00e9it\u00e9 fiables. Parfait pour vos besoins en brasserie !","og_url":"https:\/\/www.zytho.ca\/fr\/produit\/lcts-pate-detancheite-pour-filetage-dixon\/","og_site_name":"Zytho","article_modified_time":"2025-11-10T12:33:18+00:00","og_image":[{"width":608,"height":608,"url":"https:\/\/www.zytho.ca\/wp-content\/uploads\/2025\/10\/LCTS-Thread-Sealant-Paste-Dixon.jpg","type":"image\/jpeg"}],"twitter_card":"summary_large_image","twitter_misc":{"Dur\u00e9e de lecture estim\u00e9e":"1 minute"},"schema":{"@context":"https:\/\/schema.org","@graph":[{"@type":"WebPage","@id":"https:\/\/www.zytho.ca\/fr\/produit\/lcts-pate-detancheite-pour-filetage-dixon\/","url":"https:\/\/www.zytho.ca\/fr\/produit\/lcts-pate-detancheite-pour-filetage-dixon\/","name":"LCTS Thread Sealant Paste - Dixon - Pour brasseries professionnelles | Zytho","isPartOf":{"@id":"https:\/\/www.zytho.ca\/fr\/#website"},"primaryImageOfPage":{"@id":"https:\/\/www.zytho.ca\/fr\/produit\/lcts-pate-detancheite-pour-filetage-dixon\/#primaryimage"},"image":{"@id":"https:\/\/www.zytho.ca\/fr\/produit\/lcts-pate-detancheite-pour-filetage-dixon\/#primaryimage"},"thumbnailUrl":"https:\/\/www.zytho.ca\/wp-content\/uploads\/2025\/10\/LCTS-Thread-Sealant-Paste-Dixon.jpg","datePublished":"2025-10-27T15:54:59+00:00","dateModified":"2025-11-10T12:33:18+00:00","description":"Garantissez un brassage sans fuite avec la p\u00e2te d'\u00e9tanch\u00e9it\u00e9 pour filetage LCTS de Dixon. Les brasseurs professionnels lui font confiance pour ses performances d'\u00e9tanch\u00e9it\u00e9 fiables. Parfait pour vos besoins en brasserie !","breadcrumb":{"@id":"https:\/\/www.zytho.ca\/fr\/produit\/lcts-pate-detancheite-pour-filetage-dixon\/#breadcrumb"},"inLanguage":"fr-FR","potentialAction":[{"@type":"ReadAction","target":["https:\/\/www.zytho.ca\/fr\/produit\/lcts-pate-detancheite-pour-filetage-dixon\/"]}]},{"@type":"ImageObject","inLanguage":"fr-FR","@id":"https:\/\/www.zytho.ca\/fr\/produit\/lcts-pate-detancheite-pour-filetage-dixon\/#primaryimage","url":"https:\/\/www.zytho.ca\/wp-content\/uploads\/2025\/10\/LCTS-Thread-Sealant-Paste-Dixon.jpg","contentUrl":"https:\/\/www.zytho.ca\/wp-content\/uploads\/2025\/10\/LCTS-Thread-Sealant-Paste-Dixon.jpg","width":608,"height":608},{"@type":"BreadcrumbList","@id":"https:\/\/www.zytho.ca\/fr\/produit\/lcts-pate-detancheite-pour-filetage-dixon\/#breadcrumb","itemListElement":[{"@type":"ListItem","position":1,"name":"Accueil","item":"https:\/\/www.zytho.ca\/fr\/"},{"@type":"ListItem","position":2,"name":"Shop","item":"https:\/\/www.zytho.ca\/fr\/shop\/"},{"@type":"ListItem","position":3,"name":"LCTS P\u00e2te d&#8217;\u00e9tanch\u00e9it\u00e9 pour filetage &#8211; Dixon"}]},{"@type":"WebSite","@id":"https:\/\/www.zytho.ca\/fr\/#website","url":"https:\/\/www.zytho.ca\/fr\/","name":"Zytho","description":"","publisher":{"@id":"https:\/\/www.zytho.ca\/fr\/#organization"},"potentialAction":[{"@type":"SearchAction","target":{"@type":"EntryPoint","urlTemplate":"https:\/\/www.zytho.ca\/fr\/?s={search_term_string}"},"query-input":{"@type":"PropertyValueSpecification","valueRequired":true,"valueName":"search_term_string"}}],"inLanguage":"fr-FR"},{"@type":"Organization","@id":"https:\/\/www.zytho.ca\/fr\/#organization","name":"Zytho","url":"https:\/\/www.zytho.ca\/fr\/","logo":{"@type":"ImageObject","inLanguage":"fr-FR","@id":"https:\/\/www.zytho.ca\/fr\/#\/schema\/logo\/image\/","url":"https:\/\/www.zytho.ca\/wp-content\/uploads\/2024\/05\/Zytho_reversed_horizontal.svg","contentUrl":"https:\/\/www.zytho.ca\/wp-content\/uploads\/2024\/05\/Zytho_reversed_horizontal.svg","width":1582,"height":490,"caption":"Zytho"},"image":{"@id":"https:\/\/www.zytho.ca\/fr\/#\/schema\/logo\/image\/"}}]}},"_links":{"self":[{"href":"https:\/\/www.zytho.ca\/fr\/wp-json\/wp\/v2\/product\/10007","targetHints":{"allow":["GET"]}}],"collection":[{"href":"https:\/\/www.zytho.ca\/fr\/wp-json\/wp\/v2\/product"}],"about":[{"href":"https:\/\/www.zytho.ca\/fr\/wp-json\/wp\/v2\/types\/product"}],"wp:featuredmedia":[{"embeddable":true,"href":"https:\/\/www.zytho.ca\/fr\/wp-json\/wp\/v2\/media\/10009"}],"wp:attachment":[{"href":"https:\/\/www.zytho.ca\/fr\/wp-json\/wp\/v2\/media?parent=10007"}],"wp:term":[{"taxonomy":"product_brand","embeddable":true,"href":"https:\/\/www.zytho.ca\/fr\/wp-json\/wp\/v2\/product_brand?post=10007"},{"taxonomy":"product_cat","embeddable":true,"href":"https:\/\/www.zytho.ca\/fr\/wp-json\/wp\/v2\/product_cat?post=10007"},{"taxonomy":"product_tag","embeddable":true,"href":"https:\/\/www.zytho.ca\/fr\/wp-json\/wp\/v2\/product_tag?post=10007"}],"curies":[{"name":"wp","href":"https:\/\/api.w.org\/{rel}","templated":true}]}}