{"id":18164,"date":"2026-02-04T07:37:41","date_gmt":"2026-02-04T07:37:41","guid":{"rendered":"https:\/\/zytho.ca\/equipement-de-haute-technologie\/"},"modified":"2026-02-04T09:56:38","modified_gmt":"2026-02-04T09:56:38","slug":"equipement-de-haute-technologie","status":"publish","type":"page","link":"https:\/\/www.zytho.ca\/fr\/equipement-de-haute-technologie\/","title":{"rendered":"\u00c9quipement de haute technologie"},"content":{"rendered":"\t\t<div data-elementor-type=\"wp-page\" data-elementor-id=\"18164\" class=\"elementor elementor-18164 elementor-18162\" wpc-filter-elementor-widget=\"1\" data-elementor-post-type=\"page\">\n\t\t\t\t<div class=\"elementor-element elementor-element-b1e4245 e-flex e-con-boxed e-con e-parent\" data-id=\"b1e4245\" data-element_type=\"container\" data-e-type=\"container\" data-settings=\"{&quot;background_background&quot;:&quot;classic&quot;}\">\n\t\t\t\t\t<div class=\"e-con-inner\">\n\t\t\t\t<div class=\"elementor-element elementor-element-fa0433c elementor-widget__width-inherit elementor-widget elementor-widget-heading\" data-id=\"fa0433c\" data-element_type=\"widget\" data-e-type=\"widget\" data-widget_type=\"heading.default\">\n\t\t\t\t<div class=\"elementor-widget-container\">\n\t\t\t\t\t<h2 class=\"elementor-heading-title elementor-size-default\">\u00c9quipement de haute technologie<\/h2>\t\t\t\t<\/div>\n\t\t\t\t<\/div>\n\t\t\t\t<div class=\"elementor-element elementor-element-8b616f6 elementor-widget__width-initial elementor-widget elementor-widget-text-editor\" data-id=\"8b616f6\" data-element_type=\"widget\" data-e-type=\"widget\" data-widget_type=\"text-editor.default\">\n\t\t\t\t<div class=\"elementor-widget-container\">\n\t\t\t\t\t\t\t\t\t<p><span class=\"OYPEnA font-feature-liga-off font-feature-clig-off font-feature-calt-off text-decoration-none text-strikethrough-none\">Nous vendons et installons les meilleurs produits de fabricants internationaux<\/span><\/p>\t\t\t\t\t\t\t\t<\/div>\n\t\t\t\t<\/div>\n\t\t\t\t<div class=\"elementor-element elementor-element-088b56c elementor-widget elementor-widget-heading\" data-id=\"088b56c\" data-element_type=\"widget\" data-e-type=\"widget\" data-widget_type=\"heading.default\">\n\t\t\t\t<div class=\"elementor-widget-container\">\n\t\t\t\t\t<h2 class=\"elementor-heading-title elementor-size-default\">Achetez de la qualit\u00e9, achetez une seule fois<\/h2>\t\t\t\t<\/div>\n\t\t\t\t<\/div>\n\t\t\t\t\t<\/div>\n\t\t\t\t<\/div>\n\t\t<div class=\"elementor-element elementor-element-fe6756e e-flex e-con-boxed e-con e-parent\" data-id=\"fe6756e\" data-element_type=\"container\" data-e-type=\"container\">\n\t\t\t\t\t<div class=\"e-con-inner\">\n\t\t\t\t<div class=\"elementor-element elementor-element-2946df5 elementor-widget__width-initial elementor-widget elementor-widget-heading\" data-id=\"2946df5\" data-element_type=\"widget\" data-e-type=\"widget\" data-widget_type=\"heading.default\">\n\t\t\t\t<div class=\"elementor-widget-container\">\n\t\t\t\t\t<h2 class=\"elementor-heading-title elementor-size-default\">Produits d'\u00e9quipement de haute technologie<\/h2>\t\t\t\t<\/div>\n\t\t\t\t<\/div>\n\t\t\t\t<div class=\"elementor-element elementor-element-f32d41c product_section high_tech elementor-grid-4 elementor-grid-tablet-3 elementor-grid-mobile-2 elementor-products-grid elementor-wc-products elementor-widget elementor-widget-woocommerce-products\" data-id=\"f32d41c\" data-element_type=\"widget\" data-e-type=\"widget\" data-widget_type=\"woocommerce-products.default\">\n\t\t\t\t<div class=\"elementor-widget-container\">\n\t\t\t\t\t<div class=\"woocommerce columns-4 \"><ul class=\"products elementor-grid columns-4\">\n<li class=\"product type-product post-14728 status-publish first instock product_cat-accessoires product_cat-adaptateurs-connexion-de-processus product_cat-connexion-au-processus product_cat-distribution product_cat-equipement-de-haute-technologie has-post-thumbnail downloadable taxable shipping-taxable purchasable product-type-simple\">\n\t<a href=\"https:\/\/www.zytho.ca\/fr\/produit\/tube-coaxial-pour-capteurs-de-niveau-ifm\/\" class=\"woocommerce-LoopProduct-link woocommerce-loop-product__link\"><img fetchpriority=\"high\" decoding=\"async\" width=\"300\" height=\"300\" src=\"https:\/\/www.zytho.ca\/wp-content\/uploads\/2025\/10\/E43378-300x300.jpg\" class=\"attachment-woocommerce_thumbnail size-woocommerce_thumbnail\" alt=\"Tube coaxial pour capteurs de niveau - Ifm\" srcset=\"https:\/\/www.zytho.ca\/wp-content\/uploads\/2025\/10\/E43378-300x300.jpg 300w, https:\/\/www.zytho.ca\/wp-content\/uploads\/2025\/10\/E43378-1024x1024.jpg 1024w, https:\/\/www.zytho.ca\/wp-content\/uploads\/2025\/10\/E43378-150x150.jpg 150w, https:\/\/www.zytho.ca\/wp-content\/uploads\/2025\/10\/E43378-768x768.jpg 768w, https:\/\/www.zytho.ca\/wp-content\/uploads\/2025\/10\/E43378-600x600.jpg 600w, https:\/\/www.zytho.ca\/wp-content\/uploads\/2025\/10\/E43378-100x100.jpg 100w, https:\/\/www.zytho.ca\/wp-content\/uploads\/2025\/10\/E43378-50x50.jpg 50w, https:\/\/www.zytho.ca\/wp-content\/uploads\/2025\/10\/E43378.jpg 1500w\" sizes=\"(max-width: 300px) 100vw, 300px\" \/><h2 class=\"woocommerce-loop-product__title\">Tube coaxial pour capteurs de niveau &#8211; Ifm<\/h2>\n\t<span class=\"price\"><span class=\"woocommerce-Price-amount amount\"><bdi><span class=\"woocommerce-Price-currencySymbol\">&#36;<\/span>335.00<\/bdi><\/span><\/span>\n<\/a><a href=\"\/fr\/wp-json\/wp\/v2\/pages\/18164?add-to-cart=14728\" aria-describedby=\"woocommerce_loop_add_to_cart_link_describedby_14728\" data-quantity=\"1\" class=\"button product_type_simple add_to_cart_button ajax_add_to_cart\" data-product_id=\"14728\" data-product_sku=\"E43378\" aria-label=\"Ajouter au panier\u00a0: &ldquo;Tube coaxial pour capteurs de niveau - Ifm&rdquo;\" rel=\"nofollow\" data-success_message=\"\u00ab\u00a0Tube coaxial pour capteurs de niveau - Ifm\u00a0\u00bb a \u00e9t\u00e9 ajout\u00e9 \u00e0 votre panier\" role=\"button\">Ajouter au panier<\/a>\t<span id=\"woocommerce_loop_add_to_cart_link_describedby_14728\" class=\"screen-reader-text\">\n\t\t\t<\/span>\n<span class=\"gtm4wp_productdata\" style=\"display:none; visibility:hidden;\" data-gtm4wp_product_data=\"{&quot;internal_id&quot;:14728,&quot;item_id&quot;:&quot;E43378&quot;,&quot;item_name&quot;:&quot;Tube coaxial pour capteurs de niveau - Ifm&quot;,&quot;sku&quot;:&quot;E43378&quot;,&quot;price&quot;:335,&quot;stocklevel&quot;:null,&quot;stockstatus&quot;:&quot;instock&quot;,&quot;google_business_vertical&quot;:&quot;retail&quot;,&quot;item_category&quot;:&quot;Distribution&quot;,&quot;id&quot;:&quot;E43378&quot;,&quot;productlink&quot;:&quot;https:\\\/\\\/www.zytho.ca\\\/fr\\\/produit\\\/tube-coaxial-pour-capteurs-de-niveau-ifm\\\/&quot;,&quot;item_list_name&quot;:&quot;Liste g\\u00e9n\\u00e9rale des produits&quot;,&quot;index&quot;:1,&quot;product_type&quot;:&quot;simple&quot;,&quot;item_brand&quot;:&quot;&quot;}\"><\/span><\/li>\n<li class=\"product type-product post-14794 status-publish instock product_cat-accessoires product_cat-adaptateurs-connexion-de-processus product_cat-connexion-au-processus product_cat-distribution product_cat-equipement-de-haute-technologie has-post-thumbnail downloadable taxable shipping-taxable purchasable product-type-simple\">\n\t<a href=\"https:\/\/www.zytho.ca\/fr\/produit\/adaptateur-g1-2-a-tri-clamp-15po-ifm\/\" class=\"woocommerce-LoopProduct-link woocommerce-loop-product__link\"><img decoding=\"async\" width=\"300\" height=\"300\" src=\"https:\/\/www.zytho.ca\/wp-content\/uploads\/2025\/10\/E33401-300x300.jpg\" class=\"attachment-woocommerce_thumbnail size-woocommerce_thumbnail\" alt=\"Adaptateur G1\/2 \u00e0 tri-clamp 1,5po - Ifm\" srcset=\"https:\/\/www.zytho.ca\/wp-content\/uploads\/2025\/10\/E33401-300x300.jpg 300w, https:\/\/www.zytho.ca\/wp-content\/uploads\/2025\/10\/E33401-1024x1024.jpg 1024w, https:\/\/www.zytho.ca\/wp-content\/uploads\/2025\/10\/E33401-150x150.jpg 150w, https:\/\/www.zytho.ca\/wp-content\/uploads\/2025\/10\/E33401-768x768.jpg 768w, https:\/\/www.zytho.ca\/wp-content\/uploads\/2025\/10\/E33401-600x600.jpg 600w, https:\/\/www.zytho.ca\/wp-content\/uploads\/2025\/10\/E33401-100x100.jpg 100w, https:\/\/www.zytho.ca\/wp-content\/uploads\/2025\/10\/E33401-50x50.jpg 50w, https:\/\/www.zytho.ca\/wp-content\/uploads\/2025\/10\/E33401.jpg 1500w\" sizes=\"(max-width: 300px) 100vw, 300px\" \/><h2 class=\"woocommerce-loop-product__title\">Adaptateur G1\/2 \u00e0 tri-clamp 1,5po &#8211; Ifm<\/h2>\n\t<span class=\"price\"><span class=\"woocommerce-Price-amount amount\"><bdi><span class=\"woocommerce-Price-currencySymbol\">&#36;<\/span>110.00<\/bdi><\/span><\/span>\n<\/a><a href=\"\/fr\/wp-json\/wp\/v2\/pages\/18164?add-to-cart=14794\" aria-describedby=\"woocommerce_loop_add_to_cart_link_describedby_14794\" data-quantity=\"1\" class=\"button product_type_simple add_to_cart_button ajax_add_to_cart\" data-product_id=\"14794\" data-product_sku=\"E33401\" aria-label=\"Ajouter au panier\u00a0: &ldquo;Adaptateur G1\/2 \u00e0 tri-clamp 1,5po - Ifm&rdquo;\" rel=\"nofollow\" data-success_message=\"\u00ab\u00a0Adaptateur G1\/2 \u00e0 tri-clamp 1,5po - Ifm\u00a0\u00bb a \u00e9t\u00e9 ajout\u00e9 \u00e0 votre panier\" role=\"button\">Ajouter au panier<\/a>\t<span id=\"woocommerce_loop_add_to_cart_link_describedby_14794\" class=\"screen-reader-text\">\n\t\t\t<\/span>\n<span class=\"gtm4wp_productdata\" style=\"display:none; visibility:hidden;\" data-gtm4wp_product_data=\"{&quot;internal_id&quot;:14794,&quot;item_id&quot;:&quot;E33401&quot;,&quot;item_name&quot;:&quot;Adaptateur G1\\\/2 \\u00e0 tri-clamp 1,5po - Ifm&quot;,&quot;sku&quot;:&quot;E33401&quot;,&quot;price&quot;:110,&quot;stocklevel&quot;:null,&quot;stockstatus&quot;:&quot;instock&quot;,&quot;google_business_vertical&quot;:&quot;retail&quot;,&quot;item_category&quot;:&quot;Distribution&quot;,&quot;id&quot;:&quot;E33401&quot;,&quot;productlink&quot;:&quot;https:\\\/\\\/www.zytho.ca\\\/fr\\\/produit\\\/adaptateur-g1-2-a-tri-clamp-15po-ifm\\\/&quot;,&quot;item_list_name&quot;:&quot;Liste g\\u00e9n\\u00e9rale des produits&quot;,&quot;index&quot;:2,&quot;product_type&quot;:&quot;simple&quot;,&quot;item_brand&quot;:&quot;&quot;}\"><\/span><\/li>\n<li class=\"product type-product post-14055 status-publish instock product_cat-accessoires product_cat-adaptateurs-connexion-de-processus product_cat-connexion-au-processus product_cat-distribution product_cat-equipement-de-haute-technologie has-post-thumbnail downloadable taxable shipping-taxable purchasable product-type-simple\">\n\t<a href=\"https:\/\/www.zytho.ca\/fr\/produit\/adaptateur-1-4-m-npt-vers-g1-4-femelle-ifm\/\" class=\"woocommerce-LoopProduct-link woocommerce-loop-product__link\"><img decoding=\"async\" width=\"300\" height=\"300\" src=\"https:\/\/www.zytho.ca\/wp-content\/uploads\/2025\/10\/U25003-300x300.jpg\" class=\"attachment-woocommerce_thumbnail size-woocommerce_thumbnail\" alt=\"Adaptateur 1\/4&#039;&#039; M NPT vers G1\/4 femelle - Ifm\" srcset=\"https:\/\/www.zytho.ca\/wp-content\/uploads\/2025\/10\/U25003-300x300.jpg 300w, https:\/\/www.zytho.ca\/wp-content\/uploads\/2025\/10\/U25003-1024x1024.jpg 1024w, https:\/\/www.zytho.ca\/wp-content\/uploads\/2025\/10\/U25003-150x150.jpg 150w, https:\/\/www.zytho.ca\/wp-content\/uploads\/2025\/10\/U25003-768x768.jpg 768w, https:\/\/www.zytho.ca\/wp-content\/uploads\/2025\/10\/U25003-600x600.jpg 600w, https:\/\/www.zytho.ca\/wp-content\/uploads\/2025\/10\/U25003-100x100.jpg 100w, https:\/\/www.zytho.ca\/wp-content\/uploads\/2025\/10\/U25003-50x50.jpg 50w, https:\/\/www.zytho.ca\/wp-content\/uploads\/2025\/10\/U25003.jpg 1500w\" sizes=\"(max-width: 300px) 100vw, 300px\" \/><h2 class=\"woocommerce-loop-product__title\">Adaptateur 1\/4&#8221; M NPT vers G1\/4 femelle &#8211; Ifm<\/h2>\n\t<span class=\"price\"><span class=\"woocommerce-Price-amount amount\"><bdi><span class=\"woocommerce-Price-currencySymbol\">&#36;<\/span>40.00<\/bdi><\/span><\/span>\n<\/a><a href=\"\/fr\/wp-json\/wp\/v2\/pages\/18164?add-to-cart=14055\" aria-describedby=\"woocommerce_loop_add_to_cart_link_describedby_14055\" data-quantity=\"1\" class=\"button product_type_simple add_to_cart_button ajax_add_to_cart\" data-product_id=\"14055\" data-product_sku=\"U25003\" aria-label=\"Ajouter au panier\u00a0: &ldquo;Adaptateur 1\/4&#039;&#039; M NPT vers G1\/4 femelle - Ifm&rdquo;\" rel=\"nofollow\" data-success_message=\"\u00ab\u00a0Adaptateur 1\/4&#039;&#039; M NPT vers G1\/4 femelle - Ifm\u00a0\u00bb a \u00e9t\u00e9 ajout\u00e9 \u00e0 votre panier\" role=\"button\">Ajouter au panier<\/a>\t<span id=\"woocommerce_loop_add_to_cart_link_describedby_14055\" class=\"screen-reader-text\">\n\t\t\t<\/span>\n<span class=\"gtm4wp_productdata\" style=\"display:none; visibility:hidden;\" data-gtm4wp_product_data=\"{&quot;internal_id&quot;:14055,&quot;item_id&quot;:&quot;U25003&quot;,&quot;item_name&quot;:&quot;Adaptateur 1\\\/4&#039;&#039; M NPT vers G1\\\/4 femelle - Ifm&quot;,&quot;sku&quot;:&quot;U25003&quot;,&quot;price&quot;:40,&quot;stocklevel&quot;:null,&quot;stockstatus&quot;:&quot;instock&quot;,&quot;google_business_vertical&quot;:&quot;retail&quot;,&quot;item_category&quot;:&quot;Distribution&quot;,&quot;id&quot;:&quot;U25003&quot;,&quot;productlink&quot;:&quot;https:\\\/\\\/www.zytho.ca\\\/fr\\\/produit\\\/adaptateur-1-4-m-npt-vers-g1-4-femelle-ifm\\\/&quot;,&quot;item_list_name&quot;:&quot;Liste g\\u00e9n\\u00e9rale des produits&quot;,&quot;index&quot;:3,&quot;product_type&quot;:&quot;simple&quot;,&quot;item_brand&quot;:&quot;&quot;}\"><\/span><\/li>\n<li class=\"product type-product post-14079 status-publish last instock product_cat-accessoires product_cat-adaptateurs-connexion-de-processus product_cat-connexion-au-processus product_cat-distribution product_cat-equipement-de-haute-technologie has-post-thumbnail downloadable taxable shipping-taxable purchasable product-type-simple\">\n\t<a href=\"https:\/\/www.zytho.ca\/fr\/produit\/raccord-de-compression-1-2-npt-ifm\/\" class=\"woocommerce-LoopProduct-link woocommerce-loop-product__link\"><img loading=\"lazy\" decoding=\"async\" width=\"300\" height=\"300\" src=\"https:\/\/www.zytho.ca\/wp-content\/uploads\/2025\/10\/E40261-300x300.jpg\" class=\"attachment-woocommerce_thumbnail size-woocommerce_thumbnail\" alt=\"RACCORD DE COMPRESSION 1\/2 NPT - Ifm\" srcset=\"https:\/\/www.zytho.ca\/wp-content\/uploads\/2025\/10\/E40261-300x300.jpg 300w, https:\/\/www.zytho.ca\/wp-content\/uploads\/2025\/10\/E40261-1024x1024.jpg 1024w, https:\/\/www.zytho.ca\/wp-content\/uploads\/2025\/10\/E40261-150x150.jpg 150w, https:\/\/www.zytho.ca\/wp-content\/uploads\/2025\/10\/E40261-768x768.jpg 768w, https:\/\/www.zytho.ca\/wp-content\/uploads\/2025\/10\/E40261-600x600.jpg 600w, https:\/\/www.zytho.ca\/wp-content\/uploads\/2025\/10\/E40261-100x100.jpg 100w, https:\/\/www.zytho.ca\/wp-content\/uploads\/2025\/10\/E40261-50x50.jpg 50w, https:\/\/www.zytho.ca\/wp-content\/uploads\/2025\/10\/E40261.jpg 1500w\" sizes=\"(max-width: 300px) 100vw, 300px\" \/><h2 class=\"woocommerce-loop-product__title\">RACCORD DE COMPRESSION 1\/2 NPT &#8211; Ifm<\/h2>\n\t<span class=\"price\"><span class=\"woocommerce-Price-amount amount\"><bdi><span class=\"woocommerce-Price-currencySymbol\">&#36;<\/span>33.50<\/bdi><\/span><\/span>\n<\/a><a href=\"\/fr\/wp-json\/wp\/v2\/pages\/18164?add-to-cart=14079\" aria-describedby=\"woocommerce_loop_add_to_cart_link_describedby_14079\" data-quantity=\"1\" class=\"button product_type_simple add_to_cart_button ajax_add_to_cart\" data-product_id=\"14079\" data-product_sku=\"E40261\" aria-label=\"Ajouter au panier\u00a0: &ldquo;RACCORD DE COMPRESSION 1\/2 NPT - Ifm&rdquo;\" rel=\"nofollow\" data-success_message=\"\u00ab\u00a0RACCORD DE COMPRESSION 1\/2 NPT - Ifm\u00a0\u00bb a \u00e9t\u00e9 ajout\u00e9 \u00e0 votre panier\" role=\"button\">Ajouter au panier<\/a>\t<span id=\"woocommerce_loop_add_to_cart_link_describedby_14079\" class=\"screen-reader-text\">\n\t\t\t<\/span>\n<span class=\"gtm4wp_productdata\" style=\"display:none; visibility:hidden;\" data-gtm4wp_product_data=\"{&quot;internal_id&quot;:14079,&quot;item_id&quot;:&quot;E40261&quot;,&quot;item_name&quot;:&quot;RACCORD DE COMPRESSION 1\\\/2 NPT - Ifm&quot;,&quot;sku&quot;:&quot;E40261&quot;,&quot;price&quot;:33.5,&quot;stocklevel&quot;:null,&quot;stockstatus&quot;:&quot;instock&quot;,&quot;google_business_vertical&quot;:&quot;retail&quot;,&quot;item_category&quot;:&quot;Distribution&quot;,&quot;id&quot;:&quot;E40261&quot;,&quot;productlink&quot;:&quot;https:\\\/\\\/www.zytho.ca\\\/fr\\\/produit\\\/raccord-de-compression-1-2-npt-ifm\\\/&quot;,&quot;item_list_name&quot;:&quot;Liste g\\u00e9n\\u00e9rale des produits&quot;,&quot;index&quot;:4,&quot;product_type&quot;:&quot;simple&quot;,&quot;item_brand&quot;:&quot;&quot;}\"><\/span><\/li>\n<\/ul>\n<\/div>\t\t\t\t<\/div>\n\t\t\t\t<\/div>\n\t\t\t\t\t<\/div>\n\t\t\t\t<\/div>\n\t\t\t\t<\/div>\n\t\t","protected":false},"excerpt":{"rendered":"<p>\u00c9quipement de haute technologie Nous vendons et installons les meilleurs produits de fabricants internationaux Achetez de la qualit\u00e9, achetez une seule fois Produits d&#8217;\u00e9quipement de haute technologie<\/p>\n","protected":false},"author":10,"featured_media":0,"parent":0,"menu_order":0,"comment_status":"closed","ping_status":"closed","template":"elementor_header_footer","meta":{"_acf_changed":false,"inline_featured_image":false,"footnotes":""},"class_list":["post-18164","page","type-page","status-publish","hentry"],"acf":[],"yoast_head":"<!-- This site is optimized with the Yoast SEO plugin v27.6 - https:\/\/yoast.com\/product\/yoast-seo-wordpress\/ -->\n<title>\u00c9quipement de haute technologie - Zytho<\/title>\n<meta name=\"robots\" content=\"index, follow, max-snippet:-1, max-image-preview:large, max-video-preview:-1\" \/>\n<link rel=\"canonical\" href=\"https:\/\/www.zytho.ca\/fr\/equipement-de-haute-technologie\/\" \/>\n<meta property=\"og:locale\" content=\"fr_FR\" \/>\n<meta property=\"og:type\" content=\"article\" \/>\n<meta property=\"og:title\" content=\"\u00c9quipement de haute technologie - Zytho\" \/>\n<meta property=\"og:description\" content=\"\u00c9quipement de haute technologie Nous vendons et installons les meilleurs produits de fabricants internationaux Achetez de la qualit\u00e9, achetez une seule fois Produits d&#8217;\u00e9quipement de haute technologie\" \/>\n<meta property=\"og:url\" content=\"https:\/\/www.zytho.ca\/fr\/equipement-de-haute-technologie\/\" \/>\n<meta property=\"og:site_name\" content=\"Zytho\" \/>\n<meta property=\"article:modified_time\" content=\"2026-02-04T09:56:38+00:00\" \/>\n<meta name=\"twitter:card\" content=\"summary_large_image\" \/>\n<script type=\"application\/ld+json\" class=\"yoast-schema-graph\">{\"@context\":\"https:\\\/\\\/schema.org\",\"@graph\":[{\"@type\":\"WebPage\",\"@id\":\"https:\\\/\\\/www.zytho.ca\\\/fr\\\/equipement-de-haute-technologie\\\/\",\"url\":\"https:\\\/\\\/www.zytho.ca\\\/fr\\\/equipement-de-haute-technologie\\\/\",\"name\":\"\u00c9quipement de haute technologie - Zytho\",\"isPartOf\":{\"@id\":\"https:\\\/\\\/www.zytho.ca\\\/fr\\\/#website\"},\"datePublished\":\"2026-02-04T07:37:41+00:00\",\"dateModified\":\"2026-02-04T09:56:38+00:00\",\"breadcrumb\":{\"@id\":\"https:\\\/\\\/www.zytho.ca\\\/fr\\\/equipement-de-haute-technologie\\\/#breadcrumb\"},\"inLanguage\":\"fr-FR\",\"potentialAction\":[{\"@type\":\"ReadAction\",\"target\":[\"https:\\\/\\\/www.zytho.ca\\\/fr\\\/equipement-de-haute-technologie\\\/\"]}]},{\"@type\":\"BreadcrumbList\",\"@id\":\"https:\\\/\\\/www.zytho.ca\\\/fr\\\/equipement-de-haute-technologie\\\/#breadcrumb\",\"itemListElement\":[{\"@type\":\"ListItem\",\"position\":1,\"name\":\"Accueil\",\"item\":\"https:\\\/\\\/www.zytho.ca\\\/fr\\\/\"},{\"@type\":\"ListItem\",\"position\":2,\"name\":\"\u00c9quipement de haute technologie\"}]},{\"@type\":\"WebSite\",\"@id\":\"https:\\\/\\\/www.zytho.ca\\\/fr\\\/#website\",\"url\":\"https:\\\/\\\/www.zytho.ca\\\/fr\\\/\",\"name\":\"Zytho\",\"description\":\"\",\"publisher\":{\"@id\":\"https:\\\/\\\/www.zytho.ca\\\/fr\\\/#organization\"},\"potentialAction\":[{\"@type\":\"SearchAction\",\"target\":{\"@type\":\"EntryPoint\",\"urlTemplate\":\"https:\\\/\\\/www.zytho.ca\\\/fr\\\/?s={search_term_string}\"},\"query-input\":{\"@type\":\"PropertyValueSpecification\",\"valueRequired\":true,\"valueName\":\"search_term_string\"}}],\"inLanguage\":\"fr-FR\"},{\"@type\":\"Organization\",\"@id\":\"https:\\\/\\\/www.zytho.ca\\\/fr\\\/#organization\",\"name\":\"Zytho\",\"url\":\"https:\\\/\\\/www.zytho.ca\\\/fr\\\/\",\"logo\":{\"@type\":\"ImageObject\",\"inLanguage\":\"fr-FR\",\"@id\":\"https:\\\/\\\/www.zytho.ca\\\/fr\\\/#\\\/schema\\\/logo\\\/image\\\/\",\"url\":\"https:\\\/\\\/www.zytho.ca\\\/wp-content\\\/uploads\\\/2024\\\/05\\\/Zytho_reversed_horizontal.svg\",\"contentUrl\":\"https:\\\/\\\/www.zytho.ca\\\/wp-content\\\/uploads\\\/2024\\\/05\\\/Zytho_reversed_horizontal.svg\",\"width\":1582,\"height\":490,\"caption\":\"Zytho\"},\"image\":{\"@id\":\"https:\\\/\\\/www.zytho.ca\\\/fr\\\/#\\\/schema\\\/logo\\\/image\\\/\"}}]}<\/script>\n<!-- \/ Yoast SEO plugin. -->","yoast_head_json":{"title":"\u00c9quipement de haute technologie - Zytho","robots":{"index":"index","follow":"follow","max-snippet":"max-snippet:-1","max-image-preview":"max-image-preview:large","max-video-preview":"max-video-preview:-1"},"canonical":"https:\/\/www.zytho.ca\/fr\/equipement-de-haute-technologie\/","og_locale":"fr_FR","og_type":"article","og_title":"\u00c9quipement de haute technologie - Zytho","og_description":"\u00c9quipement de haute technologie Nous vendons et installons les meilleurs produits de fabricants internationaux Achetez de la qualit\u00e9, achetez une seule fois Produits d&#8217;\u00e9quipement de haute technologie","og_url":"https:\/\/www.zytho.ca\/fr\/equipement-de-haute-technologie\/","og_site_name":"Zytho","article_modified_time":"2026-02-04T09:56:38+00:00","twitter_card":"summary_large_image","schema":{"@context":"https:\/\/schema.org","@graph":[{"@type":"WebPage","@id":"https:\/\/www.zytho.ca\/fr\/equipement-de-haute-technologie\/","url":"https:\/\/www.zytho.ca\/fr\/equipement-de-haute-technologie\/","name":"\u00c9quipement de haute technologie - Zytho","isPartOf":{"@id":"https:\/\/www.zytho.ca\/fr\/#website"},"datePublished":"2026-02-04T07:37:41+00:00","dateModified":"2026-02-04T09:56:38+00:00","breadcrumb":{"@id":"https:\/\/www.zytho.ca\/fr\/equipement-de-haute-technologie\/#breadcrumb"},"inLanguage":"fr-FR","potentialAction":[{"@type":"ReadAction","target":["https:\/\/www.zytho.ca\/fr\/equipement-de-haute-technologie\/"]}]},{"@type":"BreadcrumbList","@id":"https:\/\/www.zytho.ca\/fr\/equipement-de-haute-technologie\/#breadcrumb","itemListElement":[{"@type":"ListItem","position":1,"name":"Accueil","item":"https:\/\/www.zytho.ca\/fr\/"},{"@type":"ListItem","position":2,"name":"\u00c9quipement de haute technologie"}]},{"@type":"WebSite","@id":"https:\/\/www.zytho.ca\/fr\/#website","url":"https:\/\/www.zytho.ca\/fr\/","name":"Zytho","description":"","publisher":{"@id":"https:\/\/www.zytho.ca\/fr\/#organization"},"potentialAction":[{"@type":"SearchAction","target":{"@type":"EntryPoint","urlTemplate":"https:\/\/www.zytho.ca\/fr\/?s={search_term_string}"},"query-input":{"@type":"PropertyValueSpecification","valueRequired":true,"valueName":"search_term_string"}}],"inLanguage":"fr-FR"},{"@type":"Organization","@id":"https:\/\/www.zytho.ca\/fr\/#organization","name":"Zytho","url":"https:\/\/www.zytho.ca\/fr\/","logo":{"@type":"ImageObject","inLanguage":"fr-FR","@id":"https:\/\/www.zytho.ca\/fr\/#\/schema\/logo\/image\/","url":"https:\/\/www.zytho.ca\/wp-content\/uploads\/2024\/05\/Zytho_reversed_horizontal.svg","contentUrl":"https:\/\/www.zytho.ca\/wp-content\/uploads\/2024\/05\/Zytho_reversed_horizontal.svg","width":1582,"height":490,"caption":"Zytho"},"image":{"@id":"https:\/\/www.zytho.ca\/fr\/#\/schema\/logo\/image\/"}}]}},"_links":{"self":[{"href":"https:\/\/www.zytho.ca\/fr\/wp-json\/wp\/v2\/pages\/18164","targetHints":{"allow":["GET"]}}],"collection":[{"href":"https:\/\/www.zytho.ca\/fr\/wp-json\/wp\/v2\/pages"}],"about":[{"href":"https:\/\/www.zytho.ca\/fr\/wp-json\/wp\/v2\/types\/page"}],"author":[{"embeddable":true,"href":"https:\/\/www.zytho.ca\/fr\/wp-json\/wp\/v2\/users\/10"}],"replies":[{"embeddable":true,"href":"https:\/\/www.zytho.ca\/fr\/wp-json\/wp\/v2\/comments?post=18164"}],"version-history":[{"count":0,"href":"https:\/\/www.zytho.ca\/fr\/wp-json\/wp\/v2\/pages\/18164\/revisions"}],"wp:attachment":[{"href":"https:\/\/www.zytho.ca\/fr\/wp-json\/wp\/v2\/media?parent=18164"}],"curies":[{"name":"wp","href":"https:\/\/api.w.org\/{rel}","templated":true}]}}